{"id":1283,"date":"2026-04-23T08:52:37","date_gmt":"2026-04-23T06:52:37","guid":{"rendered":"https:\/\/soldefence.com\/?page_id=1283"},"modified":"2026-04-23T08:52:40","modified_gmt":"2026-04-23T06:52:40","slug":"hekwerkdetectie","status":"publish","type":"page","link":"https:\/\/soldefence.com\/de\/hekwerkdetectie\/","title":{"rendered":"Hekwerkdetectie"},"content":{"rendered":"<section class=\"bde-section-1283-100 bde-section\">\n              \n  \n  \n\t\n\n  <div class=\"section-background-overlay\"><\/div>\n\n\n<div class=\"section-container\"><div class=\"bde-columns-1283-101 bde-columns\"><div class=\"bde-column-1283-102 bde-column\">\n  \n  \n\t\n\n\n\n<div class=\"bde-breadcrumbs-1283-103 bde-breadcrumbs\"><nav aria-label=\"breadcrumbs\" class=\"rank-math-breadcrumb\"><p><span class=\"last\">Home<\/span><\/p><\/nav><\/div><h1 class=\"bde-heading-1283-104 bde-heading\">\nHekwerkdetectie\n<\/h1><div class=\"bde-text-1283-105 bde-text\">\nGeavanceerde hekwerkdetectie voor energieprojecten. Van fysieke grens naar intelligente beveiligingslaag.\n<\/div>\n<\/div><div class=\"bde-column-1283-106 bde-column\">\n  \n  \n\t\n\n\n\n\n<\/div><\/div><\/div>\n<\/section><section class=\"bde-section-1283-107 bde-section\">\n  \n  \n\t\n\n\n\n<div class=\"section-container\"><div class=\"bde-rich-text-1283-108 bde-rich-text breakdance-rich-text-styles\">\n<h2><b>Zekerheid begint bij de perimeter<\/b><\/h2>\n<p>Bij energieprojecten zoals <a href=\"\/assetbeveiliging\/zonneparken\/\">zonneparken<\/a> en <a href=\"\/assetbeveiliging\/windparken\/\">windparken<\/a> begint beveiliging bij de perimeter. Het hekwerk vormt de fysieke grens, maar zonder detectie blijft deze grens in de praktijk passief.<\/p>\n<p><strong>Hekwerkdetectie maakt van deze fysieke barri\u00e8re een actieve beveiligingslaag.<\/strong> Door trillingen, bewegingen en manipulatie van het hekwerk te analyseren, worden indringingspogingen in een vroeg stadium gesignaleerd.<\/p>\n<p>Bij Soldefence is hekwerkbeveiliging geen losstaand systeem, maar een ge\u00efntegreerd onderdeel van \u00e9\u00e9n systeem waarin detectie, verificatie en opvolging naadloos samenwerken.<\/p>\n<\/div><\/div>\n<\/section><section class=\"bde-section-1283-109 bde-section\">\n  \n  \n\t\n\n\n\n<div class=\"section-container\"><h2 class=\"bde-heading-1283-110 bde-heading\">\nWat is hekwerkdetectie? \n<\/h2><div class=\"bde-columns-1283-111 bde-columns\"><div class=\"bde-column-1283-112 bde-column\">\n  \n  \n\t\n\n\n\n<div class=\"bde-rich-text-1283-113 bde-rich-text breakdance-rich-text-styles\">\n<p>Hekwerkdetectie maakt gebruik van sensortechnologie die continu de activiteit op het hekwerk monitort. Afhankelijk van de situatie bestaat dit uit:<\/p>\n<ul>\n<li aria-level=\"1\">Trillingsdetectie (vibratiesensoren)<\/li>\n<li aria-level=\"1\">Kabelgebaseerde detectiesystemen<\/li>\n<li aria-level=\"1\">Druk- en bewegingssensoren<\/li>\n<li aria-level=\"1\">Knipdetectie<\/li>\n<\/ul>\n<p>Deze technologie\u00ebn herkennen afwijkingen zoals klimmen, knippen of forceren van het hekwerk. Signalen worden direct doorgestuurd en geanalyseerd, zodat er direct kan worden ingegrepen.<\/p>\n<\/div>\n<\/div><div class=\"bde-column-1283-115 bde-column\">\n  \n  \n\t\n\n\n\n<img decoding=\"async\" class=\"bde-image2-1283-116 bde-image2\" src=\"https:\/\/soldefence.com\/wp-content\/uploads\/2026\/04\/Hekwerkdetectie.png\" alt=\"Hekwerkdetectie met kabelgebaseerd detectiesysteem\" loading=\"lazy\" srcset=\"https:\/\/soldefence.com\/wp-content\/uploads\/2026\/04\/Hekwerkdetectie.png 1000w, https:\/\/soldefence.com\/wp-content\/uploads\/2026\/04\/Hekwerkdetectie-300x203.png 300w, https:\/\/soldefence.com\/wp-content\/uploads\/2026\/04\/Hekwerkdetectie-768x520.png 768w, https:\/\/soldefence.com\/wp-content\/uploads\/2026\/04\/Hekwerkdetectie-18x12.png 18w\" sizes=\"(max-width: 1000px) 100vw, 1000px\">\n<\/div><\/div><\/div>\n<\/section><section class=\"bde-section-1283-117 bde-section\">\n  \n  \n\t\n\n\n\n<div class=\"section-container\"><div class=\"bde-rich-text-1283-118 bde-rich-text breakdance-rich-text-styles\">\n<article class=\"text-token-text-primary w-full\" dir=\"auto\" data-testid=\"conversation-turn-2\" data-scroll-anchor=\"true\">\n<div class=\"text-base my-auto mx-auto py-5 [--thread-content-margin:--spacing(4)] @[37rem]:[--thread-content-margin:--spacing(6)] @[72rem]:[--thread-content-margin:--spacing(16)] px-(--thread-content-margin)\">\n<div class=\"[--thread-content-max-width:32rem] @[34rem]:[--thread-content-max-width:40rem] @[64rem]:[--thread-content-max-width:48rem] mx-auto flex max-w-(--thread-content-max-width) flex-1 text-base gap-4 md:gap-5 lg:gap-6 group\/turn-messages focus-visible:outline-hidden\" tabindex=\"-1\">\n<div class=\"group\/conversation-turn relative flex w-full min-w-0 flex-col agent-turn\">\n<div class=\"relative flex-col gap-1 md:gap-3\">\n<div class=\"flex max-w-full flex-col grow\">\n<div class=\"min-h-8 text-message relative flex w-full flex-col items-end gap-2 text-start break-words whitespace-normal [.text-message+&amp;]:mt-5\" dir=\"auto\" data-message-author-role=\"assistant\" data-message-id=\"7c94e69e-1d97-4679-a6b1-5e862d09527f\" data-message-model-slug=\"gpt-4o\">\n<div class=\"flex w-full flex-col gap-1 empty:hidden first:pt-[3px]\">\n<div class=\"markdown prose dark:prose-invert w-full break-words dark\">\n<h2 data-start=\"0\" data-end=\"73\">Hekwerkdetectie als essenti\u00eble schakel in terreinbeveiliging<\/h2>\nIn de praktijk zien we dat veel energieprojecten vertrouwen op een combinatie van hekwerk en camerabeveiliging. Dit biedt zicht, maar niet altijd tijdige detectie.<\/div>\n<div>\n<p><strong>Uitdagingen die hierbij spelen:<\/strong><\/p>\n<ul>\n<li aria-level=\"1\">Grote, uitgestrekte terreinen met beperkte dekking<\/li>\n<li aria-level=\"1\">Camerabeelden die pas reageren bij zichtbare aanwezigheid<\/li>\n<li aria-level=\"1\">Hoge kans op valse meldingen door beweging in de omgeving<\/li>\n<li aria-level=\"1\">Gebrek aan directe koppeling tussen detectie en opvolging<\/li>\n<\/ul>\n<p>Het gevolg is dat meldingen vaak te laat komen of onvoldoende betrouwbaar zijn om direct actie op te ondernemen.<\/p>\n<p>Hekwerkdetectie voegt hier een extra laag aan toe door activiteit op het hekwerk zelf te registreren. Hierdoor ontstaat eerder en concreter inzicht in wat er daadwerkelijk gebeurt aan de perimeter.<\/p>\n<\/div>\n<\/div>\n<\/div>\n<\/div>\n<\/div>\n<\/div>\n<\/div>\n<\/div>\n<\/article>\n<\/div><\/div>\n<\/section><section class=\"bde-section-1283-119 bde-section\">\n  \n  \n\t\n\n\n\n<div class=\"section-container\"><div class=\"bde-columns-1283-120 bde-columns\"><div class=\"bde-column-1283-121 bde-column\">\n  \n  \n\t\n\n\n\n<div class=\"bde-rich-text-1283-122 bde-rich-text breakdance-rich-text-styles\">\n<h2>De kracht van hekwerkdetectie<\/h2>\n<p>Soldefence ondersteunt u bij het opbouwen van een gelaagde beveiliging, waarbij hekwerkbeveiliging zorgt voor een sterke eerste verdedigingslinie rondom uw terrein.<\/p>\n<\/div><img decoding=\"async\" class=\"bde-image2-1283-123 bde-image2\" src=\"https:\/\/soldefence.com\/wp-content\/uploads\/2026\/04\/Hekwerk-Soldefence.png\" alt=\"Hekwerkbeveiliging door Soldefence\" loading=\"lazy\" srcset=\"https:\/\/soldefence.com\/wp-content\/uploads\/2026\/04\/Hekwerk-Soldefence.png 1000w, https:\/\/soldefence.com\/wp-content\/uploads\/2026\/04\/Hekwerk-Soldefence-300x203.png 300w, https:\/\/soldefence.com\/wp-content\/uploads\/2026\/04\/Hekwerk-Soldefence-768x520.png 768w, https:\/\/soldefence.com\/wp-content\/uploads\/2026\/04\/Hekwerk-Soldefence-18x12.png 18w\" sizes=\"(max-width: 1000px) 100vw, 1000px\">\n<\/div><div class=\"bde-column-1283-124 bde-column\">\n  \n  \n\t\n\n\n\n<div class=\"bde-div-1283-125 bde-div\">\n  \n  \n\t\n\n\n\n<div class=\"bde-icon-1283-126 bde-icon\">\n\n    \n            <div class=\"bde-icon-icon breakdance-icon-atom\" >\n    \n                    <svg xmlns=\"http:\/\/www.w3.org\/2000\/svg\" xmlns:xlink=\"http:\/\/www.w3.org\/1999\/xlink\" version=\"1.1\" width=\"512\" height=\"512\" x=\"0\" y=\"0\" viewBox=\"0 0 409.592 409.592\" style=\"enable-background:new 0 0 512 512\" xml:space=\"preserve\" class=\"\"><g><path d=\"m399.643 180.659-27.935-27.93c-6.63-6.63-12.063-19.732-12.063-29.128v-39.5c0-18.79-15.35-34.14-34.135-34.15h-39.516c-9.385 0-22.502-5.443-29.133-12.068l-27.93-27.93c-13.271-13.271-35-13.271-48.271 0l-27.93 27.95c-6.636 6.63-19.768 12.058-29.133 12.058h-39.5c-18.765 0-34.135 15.35-34.135 34.14v39.501c0 9.359-5.432 22.502-12.063 29.128L9.964 180.66c-13.281 13.271-13.281 35 0 48.292l27.935 27.93c6.635 6.63 12.063 19.768 12.063 29.128v39.501c0 18.77 15.37 34.14 34.135 34.14h39.501c9.385 0 22.502 5.432 29.133 12.058l27.93 27.94c13.271 13.261 35 13.261 48.271 0l27.93-27.94c6.636-6.63 19.748-12.058 29.133-12.058h39.516c18.785 0 34.135-15.37 34.135-34.14V286.01c0-9.4 5.437-22.502 12.063-29.128l27.935-27.93c13.26-13.292 13.26-35.022-.001-48.293zM177.701 281.6l-75.31-75.32 24.136-24.131 51.18 51.18L283.061 128l24.13 24.131L177.701 281.6z\" fill=\"#fdb813\" opacity=\"1\" data-original=\"#000000\" class=\"\"\/><\/g><\/svg>\n        \n        \n        \n            <\/div>\n    \n\n\n<\/div><div class=\"bde-div-1283-127 bde-div\">\n  \n  \n\t\n\n\n\n<h3 class=\"bde-heading-1283-128 bde-heading\">\nVroegtijdige signalering \n<\/h3><div class=\"bde-text-1283-129 bde-text\">\nHekwerkbeveiliging signaleert direct wanneer iemand het hekwerk probeert te beklimmen, forceren of manipuleren. \n<\/div>\n<\/div>\n<\/div><div class=\"bde-div-1283-130 bde-div\">\n  \n  \n\t\n\n\n\n<div class=\"bde-icon-1283-131 bde-icon\">\n\n    \n            <div class=\"bde-icon-icon breakdance-icon-atom\" >\n    \n                    <svg xmlns=\"http:\/\/www.w3.org\/2000\/svg\" xmlns:xlink=\"http:\/\/www.w3.org\/1999\/xlink\" version=\"1.1\" width=\"512\" height=\"512\" x=\"0\" y=\"0\" viewBox=\"0 0 409.592 409.592\" style=\"enable-background:new 0 0 512 512\" xml:space=\"preserve\" class=\"\"><g><path d=\"m399.643 180.659-27.935-27.93c-6.63-6.63-12.063-19.732-12.063-29.128v-39.5c0-18.79-15.35-34.14-34.135-34.15h-39.516c-9.385 0-22.502-5.443-29.133-12.068l-27.93-27.93c-13.271-13.271-35-13.271-48.271 0l-27.93 27.95c-6.636 6.63-19.768 12.058-29.133 12.058h-39.5c-18.765 0-34.135 15.35-34.135 34.14v39.501c0 9.359-5.432 22.502-12.063 29.128L9.964 180.66c-13.281 13.271-13.281 35 0 48.292l27.935 27.93c6.635 6.63 12.063 19.768 12.063 29.128v39.501c0 18.77 15.37 34.14 34.135 34.14h39.501c9.385 0 22.502 5.432 29.133 12.058l27.93 27.94c13.271 13.261 35 13.261 48.271 0l27.93-27.94c6.636-6.63 19.748-12.058 29.133-12.058h39.516c18.785 0 34.135-15.37 34.135-34.14V286.01c0-9.4 5.437-22.502 12.063-29.128l27.935-27.93c13.26-13.292 13.26-35.022-.001-48.293zM177.701 281.6l-75.31-75.32 24.136-24.131 51.18 51.18L283.061 128l24.13 24.131L177.701 281.6z\" fill=\"#fdb813\" opacity=\"1\" data-original=\"#000000\" class=\"\"\/><\/g><\/svg>\n        \n        \n        \n            <\/div>\n    \n\n\n<\/div><div class=\"bde-div-1283-132 bde-div\">\n  \n  \n\t\n\n\n\n<h3 class=\"bde-heading-1283-133 bde-heading\">\nReal-time monitoring \n<\/h3><div class=\"bde-text-1283-134 bde-text\">\nAlle detecties worden direct geregistreerd en doorgestuurd naar de meldkamer. U heeft continu inzicht in wat er gebeurt.\n<\/div>\n<\/div>\n<\/div><div class=\"bde-div-1283-135 bde-div\">\n  \n  \n\t\n\n\n\n<div class=\"bde-icon-1283-136 bde-icon\">\n\n    \n            <div class=\"bde-icon-icon breakdance-icon-atom\" >\n    \n                    <svg xmlns=\"http:\/\/www.w3.org\/2000\/svg\" xmlns:xlink=\"http:\/\/www.w3.org\/1999\/xlink\" version=\"1.1\" width=\"512\" height=\"512\" x=\"0\" y=\"0\" viewBox=\"0 0 409.592 409.592\" style=\"enable-background:new 0 0 512 512\" xml:space=\"preserve\" class=\"\"><g><path d=\"m399.643 180.659-27.935-27.93c-6.63-6.63-12.063-19.732-12.063-29.128v-39.5c0-18.79-15.35-34.14-34.135-34.15h-39.516c-9.385 0-22.502-5.443-29.133-12.068l-27.93-27.93c-13.271-13.271-35-13.271-48.271 0l-27.93 27.95c-6.636 6.63-19.768 12.058-29.133 12.058h-39.5c-18.765 0-34.135 15.35-34.135 34.14v39.501c0 9.359-5.432 22.502-12.063 29.128L9.964 180.66c-13.281 13.271-13.281 35 0 48.292l27.935 27.93c6.635 6.63 12.063 19.768 12.063 29.128v39.501c0 18.77 15.37 34.14 34.135 34.14h39.501c9.385 0 22.502 5.432 29.133 12.058l27.93 27.94c13.271 13.261 35 13.261 48.271 0l27.93-27.94c6.636-6.63 19.748-12.058 29.133-12.058h39.516c18.785 0 34.135-15.37 34.135-34.14V286.01c0-9.4 5.437-22.502 12.063-29.128l27.935-27.93c13.26-13.292 13.26-35.022-.001-48.293zM177.701 281.6l-75.31-75.32 24.136-24.131 51.18 51.18L283.061 128l24.13 24.131L177.701 281.6z\" fill=\"#fdb813\" opacity=\"1\" data-original=\"#000000\" class=\"\"\/><\/g><\/svg>\n        \n        \n        \n            <\/div>\n    \n\n\n<\/div><div class=\"bde-div-1283-137 bde-div\">\n  \n  \n\t\n\n\n\n<h3 class=\"bde-heading-1283-138 bde-heading\">\nGeen valse meldingen\n<\/h3><div class=\"bde-text-1283-139 bde-text\">\nDoor slimme filtering en AI-analyse worden irrelevante meldingen eruit gehaald. Alleen verdachte situaties worden doorgestuurd naar de meldkamer.\n<\/div>\n<\/div>\n<\/div><div class=\"bde-div-1283-140 bde-div\">\n  \n  \n\t\n\n\n\n<div class=\"bde-icon-1283-141 bde-icon\">\n\n    \n            <div class=\"bde-icon-icon breakdance-icon-atom\" >\n    \n                    <svg xmlns=\"http:\/\/www.w3.org\/2000\/svg\" xmlns:xlink=\"http:\/\/www.w3.org\/1999\/xlink\" version=\"1.1\" width=\"512\" height=\"512\" x=\"0\" y=\"0\" viewBox=\"0 0 409.592 409.592\" style=\"enable-background:new 0 0 512 512\" xml:space=\"preserve\" class=\"\"><g><path d=\"m399.643 180.659-27.935-27.93c-6.63-6.63-12.063-19.732-12.063-29.128v-39.5c0-18.79-15.35-34.14-34.135-34.15h-39.516c-9.385 0-22.502-5.443-29.133-12.068l-27.93-27.93c-13.271-13.271-35-13.271-48.271 0l-27.93 27.95c-6.636 6.63-19.768 12.058-29.133 12.058h-39.5c-18.765 0-34.135 15.35-34.135 34.14v39.501c0 9.359-5.432 22.502-12.063 29.128L9.964 180.66c-13.281 13.271-13.281 35 0 48.292l27.935 27.93c6.635 6.63 12.063 19.768 12.063 29.128v39.501c0 18.77 15.37 34.14 34.135 34.14h39.501c9.385 0 22.502 5.432 29.133 12.058l27.93 27.94c13.271 13.261 35 13.261 48.271 0l27.93-27.94c6.636-6.63 19.748-12.058 29.133-12.058h39.516c18.785 0 34.135-15.37 34.135-34.14V286.01c0-9.4 5.437-22.502 12.063-29.128l27.935-27.93c13.26-13.292 13.26-35.022-.001-48.293zM177.701 281.6l-75.31-75.32 24.136-24.131 51.18 51.18L283.061 128l24.13 24.131L177.701 281.6z\" fill=\"#fdb813\" opacity=\"1\" data-original=\"#000000\" class=\"\"\/><\/g><\/svg>\n        \n        \n        \n            <\/div>\n    \n\n\n<\/div><div class=\"bde-div-1283-142 bde-div\">\n  \n  \n\t\n\n\n\n<h3 class=\"bde-heading-1283-143 bde-heading\">\nIntegratie met camerabeveiliging \n<\/h3><div class=\"bde-text-1283-144 bde-text\">\nHekwerkbeveiliging staat niet op zichzelf, maar is gekoppeld aan een beveiligingssysteem waardoor situaties direct visueel kunnen worden gecontroleerd. \n<\/div>\n<\/div>\n<\/div>\n<\/div><\/div><\/div>\n<\/section><section class=\"bde-section-1283-145 bde-section\">\n              \n  \n  \n\t\n\n  <div class=\"section-background-overlay\"><\/div>\n\n\n<div class=\"section-container\"><div class=\"bde-columns-1283-146 bde-columns\"><div class=\"bde-column-1283-147 bde-column\">\n  \n  \n\t\n\n\n\n<div class=\"bde-rich-text-1283-148 bde-rich-text breakdance-rich-text-styles\">\n<h2>Wat klanten vertellen<\/h2>\n<\/div><div class=\"bde-shortcode-1283-149 bde-shortcode\"><script defer async src='https:\/\/cdn.trustindex.io\/loader.js?d1e683a4712290818b66c7922f6'><\/script><\/div>\n<\/div><\/div><\/div>\n<\/section><section class=\"bde-section-1283-150 bde-section\">\n  \n  \n\t\n\n\n\n<div class=\"section-container\"><div class=\"bde-columns-1283-151 bde-columns\"><div class=\"bde-column-1283-152 bde-column\">\n  \n  \n\t\n\n\n\n<div class=\"bde-rich-text-1283-153 bde-rich-text breakdance-rich-text-styles\">\n<h2>Veelgestelde vragen<\/h2>\n<p>Hier beantwoorden we een aantal veelgestelde vragen over hekwerkbeveiliging. Staat uw vraag er niet tussen? <a href=\"\/contact\/\">Neem dan contact op<\/a>.<\/p>\n<\/div><div class=\"bde-frequently-asked-questions-1283-154 bde-frequently-asked-questions\">\n      <div class=\"bde-faq__item\">\n      <h3 class=\"bde-faq__title-tag\">\n       <button id=\"bde-faq-154-button-1\" aria-expanded=\"false\" aria-controls=\"bde-faq-154-1\" class=\"bde-faq__question js-faq-item\">\n          <span class=\"bde-faq__title\">Is hekwerkdetectie geschikt voor elk terrein? <\/span>\n                           <div aria-hidden=\"true\" class=\"bde-faq__icon bde-faq__icon--inactive\">\n                                <svg xmlns=\"http:\/\/www.w3.org\/2000\/svg\" viewBox=\"0 0 448 512\"><!--! Font Awesome Free 6.5.1 by @fontawesome - https:\/\/fontawesome.com License - https:\/\/fontawesome.com\/license\/free (Icons: CC BY 4.0, Fonts: SIL OFL 1.1, Code: MIT License) Copyright 2023 Fonticons, Inc. --><path d=\"M201.4 342.6c12.5 12.5 32.8 12.5 45.3 0l160-160c12.5-12.5 12.5-32.8 0-45.3s-32.8-12.5-45.3 0L224 274.7 86.6 137.4c-12.5-12.5-32.8-12.5-45.3 0s-12.5 32.8 0 45.3l160 160z\"\/><\/svg>\n                            <\/div>\n         \t  <div aria-hidden=\"true\" class=\"bde-faq__icon bde-faq__icon--active\">\n                                <svg xmlns=\"http:\/\/www.w3.org\/2000\/svg\" viewBox=\"0 0 448 512\"><!-- Font Awesome Free 5.15.1 by @fontawesome - https:\/\/fontawesome.com License - https:\/\/fontawesome.com\/license\/free (Icons: CC BY 4.0, Fonts: SIL OFL 1.1, Code: MIT License) --><path d=\"M416 208H32c-17.67 0-32 14.33-32 32v32c0 17.67 14.33 32 32 32h384c17.67 0 32-14.33 32-32v-32c0-17.67-14.33-32-32-32z\"\/><\/svg>\n                            <\/div>\n                  <\/button>\n      <\/h3>\n      <div role=\"region\" aria-labelledby=\"bde-faq-154-button-1\" id=\"bde-faq-154-1\" class=\"bde-faq__answer\">\n        <div class=\"bde-faq__answer-content\">\n            <div class=\"breakdance-rich-text-styles\"><hr \/>\n<p>Niet in alle gevallen. Tijdens de beveiligingsscan bepalen we waar deze techniek daadwerkelijk waarde toevoegt.<\/p><\/div>\n\n                    <\/div>\n      <\/div>\n    <\/div>\n      <div class=\"bde-faq__item\">\n      <h3 class=\"bde-faq__title-tag\">\n       <button id=\"bde-faq-154-button-2\" aria-expanded=\"false\" aria-controls=\"bde-faq-154-2\" class=\"bde-faq__question js-faq-item\">\n          <span class=\"bde-faq__title\">Hoe betrouwbaar is hekwerkdetectie? <\/span>\n                           <div aria-hidden=\"true\" class=\"bde-faq__icon bde-faq__icon--inactive\">\n                                <svg xmlns=\"http:\/\/www.w3.org\/2000\/svg\" viewBox=\"0 0 448 512\"><!--! Font Awesome Free 6.5.1 by @fontawesome - https:\/\/fontawesome.com License - https:\/\/fontawesome.com\/license\/free (Icons: CC BY 4.0, Fonts: SIL OFL 1.1, Code: MIT License) Copyright 2023 Fonticons, Inc. --><path d=\"M201.4 342.6c12.5 12.5 32.8 12.5 45.3 0l160-160c12.5-12.5 12.5-32.8 0-45.3s-32.8-12.5-45.3 0L224 274.7 86.6 137.4c-12.5-12.5-32.8-12.5-45.3 0s-12.5 32.8 0 45.3l160 160z\"\/><\/svg>\n                            <\/div>\n         \t  <div aria-hidden=\"true\" class=\"bde-faq__icon bde-faq__icon--active\">\n                                <svg xmlns=\"http:\/\/www.w3.org\/2000\/svg\" viewBox=\"0 0 448 512\"><!-- Font Awesome Free 5.15.1 by @fontawesome - https:\/\/fontawesome.com License - https:\/\/fontawesome.com\/license\/free (Icons: CC BY 4.0, Fonts: SIL OFL 1.1, Code: MIT License) --><path d=\"M416 208H32c-17.67 0-32 14.33-32 32v32c0 17.67 14.33 32 32 32h384c17.67 0 32-14.33 32-32v-32c0-17.67-14.33-32-32-32z\"\/><\/svg>\n                            <\/div>\n                  <\/button>\n      <\/h3>\n      <div role=\"region\" aria-labelledby=\"bde-faq-154-button-2\" id=\"bde-faq-154-2\" class=\"bde-faq__answer\">\n        <div class=\"bde-faq__answer-content\">\n            <div class=\"breakdance-rich-text-styles\"><hr \/>\n<p>In combinatie met AI-analyse en cameraverificatie is de betrouwbaarheid aanzienlijk hoger dan traditionele detectiesystemen.<\/p><\/div>\n\n                    <\/div>\n      <\/div>\n    <\/div>\n      <div class=\"bde-faq__item\">\n      <h3 class=\"bde-faq__title-tag\">\n       <button id=\"bde-faq-154-button-3\" aria-expanded=\"false\" aria-controls=\"bde-faq-154-3\" class=\"bde-faq__question js-faq-item\">\n          <span class=\"bde-faq__title\">Geeft hekwerkbeveiliging veel valse meldingen? <\/span>\n                           <div aria-hidden=\"true\" class=\"bde-faq__icon bde-faq__icon--inactive\">\n                                <svg xmlns=\"http:\/\/www.w3.org\/2000\/svg\" viewBox=\"0 0 448 512\"><!--! Font Awesome Free 6.5.1 by @fontawesome - https:\/\/fontawesome.com License - https:\/\/fontawesome.com\/license\/free (Icons: CC BY 4.0, Fonts: SIL OFL 1.1, Code: MIT License) Copyright 2023 Fonticons, Inc. --><path d=\"M201.4 342.6c12.5 12.5 32.8 12.5 45.3 0l160-160c12.5-12.5 12.5-32.8 0-45.3s-32.8-12.5-45.3 0L224 274.7 86.6 137.4c-12.5-12.5-32.8-12.5-45.3 0s-12.5 32.8 0 45.3l160 160z\"\/><\/svg>\n                            <\/div>\n         \t  <div aria-hidden=\"true\" class=\"bde-faq__icon bde-faq__icon--active\">\n                                <svg xmlns=\"http:\/\/www.w3.org\/2000\/svg\" viewBox=\"0 0 448 512\"><!-- Font Awesome Free 5.15.1 by @fontawesome - https:\/\/fontawesome.com License - https:\/\/fontawesome.com\/license\/free (Icons: CC BY 4.0, Fonts: SIL OFL 1.1, Code: MIT License) --><path d=\"M416 208H32c-17.67 0-32 14.33-32 32v32c0 17.67 14.33 32 32 32h384c17.67 0 32-14.33 32-32v-32c0-17.67-14.33-32-32-32z\"\/><\/svg>\n                            <\/div>\n                  <\/button>\n      <\/h3>\n      <div role=\"region\" aria-labelledby=\"bde-faq-154-button-3\" id=\"bde-faq-154-3\" class=\"bde-faq__answer\">\n        <div class=\"bde-faq__answer-content\">\n            <div class=\"breakdance-rich-text-styles\"><hr \/>\n<p>Door de inzet van slimme AI-filtering worden valse meldingen tot een minimum beperkt. Alleen relevante en verdachte situaties worden doorgestuurd naar de meldkamer.<\/p><\/div>\n\n                    <\/div>\n      <\/div>\n    <\/div>\n  \n<\/div>\n<\/div><\/div><\/div>\n<\/section><section class=\"bde-section-1283-155 bde-section\">\n              \n  \n  \n\t\n\n  <div class=\"section-background-overlay\"><\/div>\n\n\n<div class=\"section-container\"><h2 class=\"bde-heading-1283-156 bde-heading\">\nVersterk de perimeter van uw energieproject \n<\/h2><div class=\"bde-text-1283-157 bde-text\">\nHekwerkdetectie maakt van uw terrein geen passieve grens, maar een actieve beveiligingslaag. \n<\/div><div class=\"bde-button-1283-158 bde-button\">\n    \n                        \n                        \n    \n    \n    \n    \n            \n                    \n            \n            \n\n    \n    \n    \n    \n    \n    <a class=\"breakdance-link button-atom button-atom--primary bde-button__button\" href=\"\/offerte\" target=\"_self\" data-type=\"url\"  >\n\n    \n        <span class=\"button-atom__text\">Vraag een offerte aan<\/span>\n\n        \n        \n                <\/a>\n\n    \n\n\n<\/div><\/div>\n<\/section>","protected":false},"excerpt":{"rendered":"<p>Home Hekwerkdetectie Geavanceerde hekwerkdetectie voor energieprojecten. Van fysieke grens naar intelligente beveiligingslaag. Zekerheid begint bij de perimeter Bij energieprojecten zoals zonneparken en windparken begint beveiliging bij de perimeter. Het hekwerk vormt de fysieke grens, maar zonder detectie blijft deze grens in de praktijk passief. Hekwerkdetectie maakt van deze fysieke barri\u00e8re een actieve beveiligingslaag. Door trillingen, [&hellip;]<\/p>\n","protected":false},"author":4,"featured_media":1290,"parent":0,"menu_order":0,"comment_status":"closed","ping_status":"closed","template":"","meta":{"inline_featured_image":false,"_breakdance_hide_in_design_set":false,"_breakdance_tags":"","footnotes":""},"class_list":["post-1283","page","type-page","status-publish","has-post-thumbnail","hentry"],"_links":{"self":[{"href":"https:\/\/soldefence.com\/de\/wp-json\/wp\/v2\/pages\/1283","targetHints":{"allow":["GET"]}}],"collection":[{"href":"https:\/\/soldefence.com\/de\/wp-json\/wp\/v2\/pages"}],"about":[{"href":"https:\/\/soldefence.com\/de\/wp-json\/wp\/v2\/types\/page"}],"author":[{"embeddable":true,"href":"https:\/\/soldefence.com\/de\/wp-json\/wp\/v2\/users\/4"}],"replies":[{"embeddable":true,"href":"https:\/\/soldefence.com\/de\/wp-json\/wp\/v2\/comments?post=1283"}],"version-history":[{"count":8,"href":"https:\/\/soldefence.com\/de\/wp-json\/wp\/v2\/pages\/1283\/revisions"}],"predecessor-version":[{"id":1297,"href":"https:\/\/soldefence.com\/de\/wp-json\/wp\/v2\/pages\/1283\/revisions\/1297"}],"wp:featuredmedia":[{"embeddable":true,"href":"https:\/\/soldefence.com\/de\/wp-json\/wp\/v2\/media\/1290"}],"wp:attachment":[{"href":"https:\/\/soldefence.com\/de\/wp-json\/wp\/v2\/media?parent=1283"}],"curies":[{"name":"wp","href":"https:\/\/api.w.org\/{rel}","templated":true}]}}