{"id":131,"date":"2025-05-16T13:46:45","date_gmt":"2025-05-16T13:46:45","guid":{"rendered":"https:\/\/soldefence.com\/?page_id=131"},"modified":"2026-01-21T14:47:44","modified_gmt":"2026-01-21T12:47:44","slug":"vermogensschutz","status":"publish","type":"page","link":"https:\/\/soldefence.com\/de\/assetbeveiliging\/","title":{"rendered":"Schutz des Verm\u00f6gens"},"content":{"rendered":"<section class=\"bde-section-131-100 bde-section\">\n              \n  \n  \n\t\n\n  <div class=\"section-background-overlay\"><\/div>\n\n\n<div class=\"section-container\"><div class=\"bde-columns-131-101 bde-columns\"><div class=\"bde-column-131-102 bde-column\">\n  \n  \n\t\n\n\n\n<div class=\"bde-breadcrumbs-131-109 bde-breadcrumbs\"><nav aria-label=\"Semmelbr\u00f6sel\" class=\"rank-math-breadcrumb\"><p><span class=\"last\">Startseite<\/span><\/p><\/nav><\/div><h1 class=\"bde-heading-131-108 bde-heading\">\nSchutz des Verm\u00f6gens\n<\/h1><div class=\"bde-text-131-107 bde-text\">\nIntelligente assetbeveiliging voor energieprojecten in binnen- en buitenland.\n<\/div>\n<\/div><div class=\"bde-column-131-105 bde-column\">\n  \n  \n\t\n\n\n\n\n<\/div><\/div><\/div>\n<\/section><section class=\"bde-section-131-110 bde-section\">\n  \n  \n\t\n\n\n\n<div class=\"section-container\"><div class=\"bde-rich-text-131-113 bde-rich-text breakdance-rich-text-styles\">\n<h2>Was ist die Aufgabe von Soldefence?<\/h2>\n<p>Soldefence ist ein Spezialist f\u00fcr <strong>Verm\u00f6gensschutz <\/strong>voor energie-infrastructuur. Met geavanceerde technologie beveiligen wij zonneparken, zonnedaken en windparken in binnen- en buitenland. Daarbij werken we samen met \u2019s werelds grootste fabrikant van beveiligingscamera\u2019s en leveren we \u00e9\u00e9n ge\u00efntegreerd systeem dat blijft presteren, onder alle omstandigheden.<\/p>\n<p>Unsere KI-Technologie hebt die Sicherheit auf die n\u00e4chste Stufe. Dank unserer intelligenten Erkennung reduzieren wir Fehlalarme, sparen erheblich Betriebskosten und maximieren gleichzeitig den Schutz Ihres Energieprojekts.\u00a0<\/p>\n<p>Mit unserem einzigartigen <a href=\"\/de\/vermogensschutz\/zertifizierung-von-solarparks\/\">Zertifizierung<\/a> toont u aan verzekeraars, investeerders en belanghebbenden dat uw assetbeveiliging voldoet aan Europese normen en internationale eisen.<\/p>\n<\/div><div class=\"bde-button-131-339 bde-button\">\n    \n                                    \n    \n    \n    \n    \n            \n                    \n            \n            \n\n    \n    \n    \n    \n    \n    <a class=\"breakdance-link button-atom button-atom--primary bde-button__button\" href=\"\/de\/kontakt\/\" target=\"_self\" data-type=\"url\"  >\n\n    \n        <span class=\"button-atom__text\">Kontakt aufnehmen<\/span>\n\n        \n        \n                <\/a>\n\n    \n\n\n<\/div><\/div>\n<\/section><section class=\"bde-section-131-114 bde-section\">\n              \n  \n  \n\t\n\n  <div class=\"section-background-overlay\"><\/div>\n\n\n<div class=\"section-container\"><div class=\"bde-rich-text-131-115 bde-rich-text breakdance-rich-text-styles\">\n<h2>Was wir anbieten<\/h2>\n<p>Soldefence bietet eine umfassende L\u00f6sung zum Schutz von Verm\u00f6genswerten, die speziell auf die Herausforderungen Ihres Energieprojekts und Ihre Versicherungsanforderungen zugeschnitten ist.\u00a0<\/p>\n<\/div><div class=\"bde-columns-131-245 bde-columns\"><div class=\"bde-column-131-246 bde-column\">\n  \n  \n\t\n\n\n\n<div class=\"bde-div-131-247 bde-div\">\n  \n  \n\t\n\n\n\n<h3 class=\"bde-heading-131-248 bde-heading\">\nSolarparks\n<\/h3><div class=\"bde-text-131-249 bde-text\">\nSoldefence bietet zuverl\u00e4ssige Sicherheit f\u00fcr Solarparks, unabh\u00e4ngig von Gr\u00f6\u00dfe und Lage des Standorts.\n<\/div><a class=\"bde-text-link-131-250 bde-text-link breakdance-link\" href=\"\/de\/vermogensschutz\/solarparks\/\" target=\"_self\" data-type=\"url\">\n  Mehr lesen <img decoding=\"async\" style=\"width:12px; height: 12px; margin: auto auto auto 5px; \" src=\"\/wp-content\/uploads\/2025\/05\/pijl.svg\" alt=\"Pfeil\" class=\"pijl\">\n\n<\/a>\n<\/div>\n<\/div><div class=\"bde-column-131-251 bde-column\">\n  \n  \n\t\n\n\n\n<div class=\"bde-div-131-252 bde-div\">\n  \n  \n\t\n\n\n\n<h3 class=\"bde-heading-131-253 bde-heading\">\nWindparks\n<\/h3><div class=\"bde-text-131-254 bde-text\">\nWindparks befinden sich oft an abgelegenen oder weitl\u00e4ufigen Standorten, wo Sicht und Zug\u00e4nglichkeit eingeschr\u00e4nkt sind.\n<\/div><a class=\"bde-text-link-131-255 bde-text-link breakdance-link\" href=\"\/de\/vermogensschutz\/windkraftanlagen\/\" target=\"_self\" data-type=\"url\">\n  Mehr lesen <img decoding=\"async\" style=\"width:12px; height: 12px; margin: auto auto auto 5px; \" src=\"\/wp-content\/uploads\/2025\/05\/pijl.svg\" alt=\"Pfeil\" class=\"pijl\">\n\n<\/a>\n<\/div>\n<\/div><div class=\"bde-column-131-256 bde-column\">\n  \n  \n\t\n\n\n\n<div class=\"bde-div-131-257 bde-div\">\n  \n  \n\t\n\n\n\n<h3 class=\"bde-heading-131-258 bde-heading\">\nBatteriespeicher\n<\/h3><div class=\"bde-text-131-259 bde-text\">\nBatteriespeicher erfordern besondere Sicherheit. Hierf\u00fcr bieten wir ma\u00dfgeschneiderte L\u00f6sungen.\n<\/div><a class=\"bde-text-link-131-260 bde-text-link breakdance-link\" href=\"\/de\/vermogensschutz\/batteriespeicher\/\" target=\"_self\" data-type=\"url\">\n  Mehr lesen <img decoding=\"async\" style=\"width:12px; height: 12px; margin: auto auto auto 5px; \" src=\"\/wp-content\/uploads\/2025\/05\/pijl.svg\" alt=\"Pfeil\" class=\"pijl\">\n\n<\/a>\n<\/div>\n<\/div><div class=\"bde-column-131-262 bde-column\">\n  \n  \n\t\n\n\n\n<div class=\"bde-div-131-263 bde-div\">\n  \n  \n\t\n\n\n\n<h3 class=\"bde-heading-131-264 bde-heading\">\nSolard\u00e4cher\n<\/h3><div class=\"bde-text-131-265 bde-text\">\nSicherheit ist auch bei Solard\u00e4chern entscheidend. Wir sch\u00fctzen Ihre Anlagen vor Diebstahl, Sabotage und Ausfall.<br>\n<\/div><a class=\"bde-text-link-131-266 bde-text-link breakdance-link\" href=\"\/de\/vermogensschutz\/solardacher\/\" target=\"_self\" data-type=\"url\">\n  Mehr lesen <img decoding=\"async\" style=\"width:12px; height: 12px; margin: auto auto auto 5px; \" src=\"\/wp-content\/uploads\/2025\/05\/pijl.svg\" alt=\"Pfeil\" class=\"pijl\">\n\n<\/a>\n<\/div>\n<\/div><\/div><div class=\"bde-columns-131-261 bde-columns\"><div class=\"bde-column-131-272 bde-column\">\n  \n  \n\t\n\n\n\n<div class=\"bde-div-131-273 bde-div\">\n  \n  \n\t\n\n\n\n<h3 class=\"bde-heading-131-274 bde-heading\">\nWartung und Instandhaltung\n<\/h3><div class=\"bde-text-131-275 bde-text\">\nMit Service und Wartung garantieren wir, dass Ihr System weiterhin alle geltenden Normen erf\u00fcllt.\n<\/div><a class=\"bde-text-link-131-276 bde-text-link breakdance-link\" href=\"\/de\/vermogensschutz\/wartung-und-instandhaltung\/\" target=\"_self\" data-type=\"url\">\n  Mehr lesen <img decoding=\"async\" style=\"width:12px; height: 12px; margin: auto auto auto 5px; \" src=\"\/wp-content\/uploads\/2025\/05\/pijl.svg\" alt=\"Pfeil\" class=\"pijl\">\n\n<\/a>\n<\/div>\n<\/div><div class=\"bde-column-131-283 bde-column\">\n  \n  \n\t\n\n\n\n<div class=\"bde-div-131-284 bde-div\">\n  \n  \n\t\n\n\n\n<h3 class=\"bde-heading-131-285 bde-heading\">\nZertifizierung von Solarparks<br>\n<\/h3><div class=\"bde-text-131-286 bde-text\">\nSie erhalten eine offizielle Sicherheitsbescheinigung, die den Anforderungen der Versicherer entspricht.\n<\/div><a class=\"bde-text-link-131-287 bde-text-link breakdance-link\" href=\"\/de\/vermogensschutz\/zertifizierung-von-solarparks\/\" target=\"_self\" data-type=\"url\">\n  Mehr lesen <img decoding=\"async\" style=\"width:12px; height: 12px; margin: auto auto auto 5px; \" src=\"\/wp-content\/uploads\/2025\/05\/pijl.svg\" alt=\"Pfeil\" class=\"pijl\">\n\n<\/a>\n<\/div>\n<\/div><div class=\"bde-column-131-330 bde-column\">\n  \n  \n\t\n\n\n\n<div class=\"bde-div-131-331 bde-div\">\n  \n  \n\t\n\n\n\n<h3 class=\"bde-heading-131-332 bde-heading\">\nKI-Technologie<br>\n<\/h3><div class=\"bde-text-131-333 bde-text\">\nUnser KI-Server analysiert jede Meldung mit einer Genauigkeit von 96 bis 98%.\n<\/div><a class=\"bde-text-link-131-334 bde-text-link breakdance-link\" href=\"\/de\/vermogensschutz\/ki-technologie\/\" target=\"_self\" data-type=\"url\">\n  Mehr lesen <img decoding=\"async\" style=\"width:12px; height: 12px; margin: auto auto auto 5px; \" src=\"\/wp-content\/uploads\/2025\/05\/pijl.svg\" alt=\"Pfeil\" class=\"pijl\">\n\n<\/a>\n<\/div>\n<\/div><div class=\"bde-column-131-335 bde-column\">\n  \n  \n\t\n\n\n\n\n<\/div><\/div><\/div>\n<\/section><section class=\"bde-section-131-151 bde-section\">\n  \n  \n\t\n\n\n\n<div class=\"section-container\"><div class=\"bde-rich-text-131-152 bde-rich-text breakdance-rich-text-styles\">\n<h2><span style=\"font-weight: 400;\">Unser Prozess<\/span><\/h2>\n<p><span style=\"font-weight: 400;\">Soldefence liefert Sicherheitsl\u00f6sungen, die vollst\u00e4ndig auf Ihre spezifische Situation zugeschnitten sind. Ma\u00dfarbeit ist das Herzst\u00fcck unseres Prozesses.<\/span><\/p>\n<\/div><div class=\"bde-columns-131-153 bde-columns\"><div class=\"bde-column-131-154 bde-column\">\n  \n  \n\t\n\n\n\n<img decoding=\"async\" class=\"bde-image2-131-156 bde-image2\" src=\"https:\/\/soldefence.com\/wp-content\/uploads\/2025\/06\/Soldefence-Zonneparken-scaled.jpg\" alt=\"Schutz des Verm\u00f6gens\" loading=\"lazy\" srcset=\"https:\/\/soldefence.com\/wp-content\/uploads\/2025\/06\/Soldefence-Zonneparken-scaled.jpg 2560w, https:\/\/soldefence.com\/wp-content\/uploads\/2025\/06\/Soldefence-Zonneparken-300x169.jpg 300w, https:\/\/soldefence.com\/wp-content\/uploads\/2025\/06\/Soldefence-Zonneparken-1024x576.jpg 1024w, https:\/\/soldefence.com\/wp-content\/uploads\/2025\/06\/Soldefence-Zonneparken-768x432.jpg 768w, https:\/\/soldefence.com\/wp-content\/uploads\/2025\/06\/Soldefence-Zonneparken-1536x864.jpg 1536w, https:\/\/soldefence.com\/wp-content\/uploads\/2025\/06\/Soldefence-Zonneparken-2048x1152.jpg 2048w\" sizes=\"(max-width: 2560px) 100vw, 2560px\">\n<\/div><div class=\"bde-column-131-155 bde-column\">\n  \n  \n\t\n\n\n\n<div class=\"bde-div-131-193 bde-div\">\n  \n  \n\t\n\n\n\n<div class=\"bde-div-131-194 bde-div\">\n  \n  \n\t\n\n\n\n<div class=\"bde-icon-131-195 bde-icon\">\n\n    \n            <div class=\"bde-icon-icon breakdance-icon-atom\" >\n    \n                    <svg xmlns=\"http:\/\/www.w3.org\/2000\/svg\" viewbox=\"0 0 256 512\"><!--! Font Awesome Free 6.5.1 by @fontawesome - https:\/\/fontawesome.com License - https:\/\/fontawesome.com\/license\/free (Icons: CC BY 4.0, Fonts: SIL OFL 1.1, Code: MIT License) Copyright 2023 Fonticons, Inc. --><path d=\"M160 64c0-11.8-6.5-22.6-16.9-28.2s-23-5-32.8 1.6l-96 64C-.5 111.2-4.4 131 5.4 145.8s29.7 18.7 44.4 8.9L96 123.8V416H32c-17.7 0-32 14.3-32 32s14.3 32 32 32h96 96c17.7 0 32-14.3 32-32s-14.3-32-32-32H160V64z\"\/><\/svg>\n        \n        \n        \n            <\/div>\n    \n\n\n<\/div>\n<\/div><div class=\"bde-div-131-196 bde-div\">\n  \n  \n\t\n\n\n\n<h3 class=\"bde-heading-131-197 bde-heading\">\nBestandsaufnahme\n<\/h3><div class=\"bde-text-131-198 bde-text\">\nWir beginnen mit einer umfassenden Bestandsaufnahme Ihrer Situation und besprechen die spezifischen Anforderungen des Versicherers.\n<\/div>\n<\/div>\n<\/div><div class=\"bde-div-131-217 bde-div\">\n  \n  \n\t\n\n\n\n<div class=\"bde-div-131-218 bde-div\">\n  \n  \n\t\n\n\n\n<div class=\"bde-icon-131-219 bde-icon\">\n\n    \n            <div class=\"bde-icon-icon breakdance-icon-atom\" >\n    \n                    <svg xmlns=\"http:\/\/www.w3.org\/2000\/svg\" viewbox=\"0 0 320 512\"><!--! Font Awesome Free 6.5.1 by @fontawesome - https:\/\/fontawesome.com License - https:\/\/fontawesome.com\/license\/free (Icons: CC BY 4.0, Fonts: SIL OFL 1.1, Code: MIT License) Copyright 2023 Fonticons, Inc. --><path d=\"M142.9 96c-21.5 0-42.2 8.5-57.4 23.8L54.6 150.6c-12.5 12.5-32.8 12.5-45.3 0s-12.5-32.8 0-45.3L40.2 74.5C67.5 47.3 104.4 32 142.9 32C223 32 288 97 288 177.1c0 38.5-15.3 75.4-42.5 102.6L109.3 416H288c17.7 0 32 14.3 32 32s-14.3 32-32 32H32c-12.9 0-24.6-7.8-29.6-19.8s-2.2-25.7 6.9-34.9L200.2 234.5c15.2-15.2 23.8-35.9 23.8-57.4c0-44.8-36.3-81.1-81.1-81.1z\"\/><\/svg>\n        \n        \n        \n            <\/div>\n    \n\n\n<\/div>\n<\/div><div class=\"bde-div-131-220 bde-div\">\n  \n  \n\t\n\n\n\n<h3 class=\"bde-heading-131-221 bde-heading\">\nSicherheits\u00fcberpr\u00fcfung\n<\/h3><div class=\"bde-text-131-222 bde-text\">\nMit Hilfe eines Sicherheitsscans kartieren wir den Standort und ermitteln, welche Sicherheitsma\u00dfnahmen erforderlich sind.\n<\/div>\n<\/div>\n<\/div><div class=\"bde-div-131-211 bde-div\">\n  \n  \n\t\n\n\n\n<div class=\"bde-div-131-212 bde-div\">\n  \n  \n\t\n\n\n\n<div class=\"bde-icon-131-213 bde-icon\">\n\n    \n            <div class=\"bde-icon-icon breakdance-icon-atom\" >\n    \n                    <svg xmlns=\"http:\/\/www.w3.org\/2000\/svg\" viewbox=\"0 0 320 512\"><!--! Font Awesome Free 6.5.1 by @fontawesome - https:\/\/fontawesome.com License - https:\/\/fontawesome.com\/license\/free (Icons: CC BY 4.0, Fonts: SIL OFL 1.1, Code: MIT License) Copyright 2023 Fonticons, Inc. --><path d=\"M0 64C0 46.3 14.3 32 32 32H272c13.2 0 25 8.1 29.8 20.4s1.5 26.3-8.2 35.2L162.3 208H184c75.1 0 136 60.9 136 136s-60.9 136-136 136H105.4C63 480 24.2 456 5.3 418.1l-1.9-3.8c-7.9-15.8-1.5-35 14.3-42.9s35-1.5 42.9 14.3l1.9 3.8c8.1 16.3 24.8 26.5 42.9 26.5H184c39.8 0 72-32.2 72-72s-32.2-72-72-72H80c-13.2 0-25-8.1-29.8-20.4s-1.5-26.3 8.2-35.2L189.7 96H32C14.3 96 0 81.7 0 64z\"\/><\/svg>\n        \n        \n        \n            <\/div>\n    \n\n\n<\/div>\n<\/div><div class=\"bde-div-131-214 bde-div\">\n  \n  \n\t\n\n\n\n<h3 class=\"bde-heading-131-215 bde-heading\">\nInstallation und Integration\n<\/h3><div class=\"bde-text-131-216 bde-text\">\nWir installieren unsere hochmodernen Kameras und verbinden sie mit unserem intelligenten KI-Server f\u00fcr eine optimale Erkennung.\n<\/div>\n<\/div>\n<\/div><div class=\"bde-div-131-205 bde-div\">\n  \n  \n\t\n\n\n\n<div class=\"bde-div-131-206 bde-div\">\n  \n  \n\t\n\n\n\n<div class=\"bde-icon-131-207 bde-icon\">\n\n    \n            <div class=\"bde-icon-icon breakdance-icon-atom\" >\n    \n                    <svg xmlns=\"http:\/\/www.w3.org\/2000\/svg\" viewbox=\"0 0 384 512\"><!--! Font Awesome Free 6.5.1 by @fontawesome - https:\/\/fontawesome.com License - https:\/\/fontawesome.com\/license\/free (Icons: CC BY 4.0, Fonts: SIL OFL 1.1, Code: MIT License) Copyright 2023 Fonticons, Inc. --><path d=\"M189 77.6c7.5-16 .7-35.1-15.3-42.6s-35.1-.7-42.6 15.3L3 322.4c-4.7 9.9-3.9 21.5 1.9 30.8S21 368 32 368H256v80c0 17.7 14.3 32 32 32s32-14.3 32-32V368h32c17.7 0 32-14.3 32-32s-14.3-32-32-32H320V160c0-17.7-14.3-32-32-32s-32 14.3-32 32V304H82.4L189 77.6z\"\/><\/svg>\n        \n        \n        \n            <\/div>\n    \n\n\n<\/div>\n<\/div><div class=\"bde-div-131-208 bde-div\">\n  \n  \n\t\n\n\n\n<h3 class=\"bde-heading-131-209 bde-heading\">\n\u00dcberwachung und Wartung\n<\/h3><div class=\"bde-text-131-210 bde-text\">\nIhre Anlagen werden rund um die Uhr \u00fcberwacht. Wir f\u00fchren regelm\u00e4\u00dfige Kontrollen durch und passen das System an, wenn sich das Terrain \u00e4ndert.\n<\/div>\n<\/div>\n<\/div>\n<\/div><\/div><\/div>\n<\/section><section class=\"bde-section-131-161 bde-section\">\n  \n  \n\t\n\n\n\n<div class=\"section-container\"><h2 class=\"bde-heading-131-164 bde-heading\">\nWas Kunden sagen\n<\/h2><div class=\"bde-shortcode-131-337 bde-shortcode\"><script defer async src='https:\/\/cdn.trustindex.io\/loader.js?d1e683a4712290818b66c7922f6'><\/script><\/div><\/div>\n<\/section><section class=\"bde-section-131-169 bde-section\">\n              \n  \n  \n\t\n\n  <div class=\"section-background-overlay\"><\/div>\n\n\n<div class=\"section-container\"><h2 class=\"bde-heading-131-170 bde-heading\">\nSichern Sie Ihre wertvollen Verm\u00f6genswerte\n<\/h2><div class=\"bde-text-131-171 bde-text\">\nGemeinsam sch\u00fctzen wir Ihre Anlagen vor Diebstahl und Ausfallzeiten.\n<\/div><div class=\"bde-button-131-172 bde-button\">\n    \n                        \n                        \n    \n    \n    \n    \n            \n                    \n            \n            \n\n    \n    \n    \n    \n    \n    <a class=\"breakdance-link button-atom button-atom--primary bde-button__button\" href=\"\/de\/angebot\/\" target=\"_self\" data-type=\"url\"  >\n\n    \n        <span class=\"button-atom__text\">Angebot anfordern<\/span>\n\n        \n        \n                <\/a>\n\n    \n\n\n<\/div><\/div>\n<\/section>","protected":false},"excerpt":{"rendered":"<p>Home Assetbeveiliging Intelligente assetbeveiliging voor energieprojecten in binnen- en buitenland. Wat doet Soldefence? Soldefence is specialist in assetbeveiliging voor energie-infrastructuur. Met geavanceerde technologie beveiligen wij zonneparken, zonnedaken en windparken in binnen- en buitenland. Daarbij werken we samen met \u2019s werelds grootste fabrikant van beveiligingscamera\u2019s en leveren we \u00e9\u00e9n ge\u00efntegreerd systeem dat blijft presteren, onder alle [&hellip;]<\/p>\n","protected":false},"author":5,"featured_media":0,"parent":0,"menu_order":0,"comment_status":"closed","ping_status":"closed","template":"","meta":{"inline_featured_image":false,"_breakdance_hide_in_design_set":false,"_breakdance_tags":"","footnotes":""},"class_list":["post-131","page","type-page","status-publish","hentry"],"_links":{"self":[{"href":"https:\/\/soldefence.com\/de\/wp-json\/wp\/v2\/pages\/131","targetHints":{"allow":["GET"]}}],"collection":[{"href":"https:\/\/soldefence.com\/de\/wp-json\/wp\/v2\/pages"}],"about":[{"href":"https:\/\/soldefence.com\/de\/wp-json\/wp\/v2\/types\/page"}],"author":[{"embeddable":true,"href":"https:\/\/soldefence.com\/de\/wp-json\/wp\/v2\/users\/5"}],"replies":[{"embeddable":true,"href":"https:\/\/soldefence.com\/de\/wp-json\/wp\/v2\/comments?post=131"}],"version-history":[{"count":78,"href":"https:\/\/soldefence.com\/de\/wp-json\/wp\/v2\/pages\/131\/revisions"}],"predecessor-version":[{"id":1264,"href":"https:\/\/soldefence.com\/de\/wp-json\/wp\/v2\/pages\/131\/revisions\/1264"}],"wp:attachment":[{"href":"https:\/\/soldefence.com\/de\/wp-json\/wp\/v2\/media?parent=131"}],"curies":[{"name":"wp","href":"https:\/\/api.w.org\/{rel}","templated":true}]}}