{"id":3,"date":"2025-05-15T09:18:30","date_gmt":"2025-05-15T09:18:30","guid":{"rendered":"https:\/\/soldefence.com\/?page_id=3"},"modified":"2026-01-26T17:55:47","modified_gmt":"2026-01-26T15:55:47","slug":"datenschutzbestimmungen","status":"publish","type":"page","link":"https:\/\/soldefence.com\/de\/privacy-policy\/","title":{"rendered":"Privacy- en cookiebeleid"},"content":{"rendered":"<section class=\"bde-section-3-101 bde-section\">\n              \n  \n  \n\t\n\n  <div class=\"section-background-overlay\"><\/div>\n\n\n<div class=\"section-container\"><div class=\"bde-columns-3-102 bde-columns\"><div class=\"bde-column-3-103 bde-column\">\n  \n  \n\t\n\n\n\n<div class=\"bde-breadcrumbs-3-104 bde-breadcrumbs\"><nav aria-label=\"Semmelbr\u00f6sel\" class=\"rank-math-breadcrumb\"><p><span class=\"last\">Startseite<\/span><\/p><\/nav><\/div><h1 class=\"bde-heading-3-105 bde-heading\">\nDatenschutzbestimmungen\n<\/h1>\n<\/div><div class=\"bde-column-3-106 bde-column\">\n  \n  \n\t\n\n\n\n\n<\/div><\/div><\/div>\n<\/section><section class=\"bde-section-3-109 bde-section\">\n  \n  \n\t\n\n\n\n<div class=\"section-container\"><div class=\"bde-rich-text-3-110 bde-rich-text breakdance-rich-text-styles\">\n<div id=\"message-list_1753107089.377839\" class=\"c-virtual_list__item\" tabindex=\"-1\" role=\"listitem\" aria-setsize=\"-1\" data-qa=\"virtual-list-item\" data-item-key=\"1753107089.377839\">\n<div class=\"c-message_kit__background p-message_pane_message__message c-message_kit__message\" role=\"presentation\" data-qa=\"message_container\" data-qa-unprocessed=\"false\" data-qa-placeholder=\"false\">\n<div class=\"c-message_kit__hover\" role=\"document\" aria-roledescription=\"message\" data-qa-hover=\"true\">\n<div class=\"c-message_kit__actions c-message_kit__actions--default\">\n<div class=\"c-message_kit__gutter\">\n<div class=\"c-message_kit__gutter__right\" role=\"presentation\" data-qa=\"message_content\">\n<div class=\"c-message_kit__blocks c-message_kit__blocks--rich_text\">\n<div class=\"c-message__message_blocks c-message__message_blocks--rich_text\" data-qa=\"message-text\">\n<div class=\"p-block_kit_renderer\" data-qa=\"block-kit-renderer\">\n<div class=\"p-block_kit_renderer__block_wrapper p-block_kit_renderer__block_wrapper--first\">\n<div class=\"p-rich_text_block\" dir=\"auto\">\n<div class=\"p-rich_text_section\">\n<h2>Datenschutz und Cookie-Erkl\u00e4rung - Soldefence<\/h2>\n<em>Laatst bijgewerkt: 26-01-2026<\/em><\/div>\n<div class=\"p-rich_text_section\"><br \/><strong>1. Wer sind wir?<\/strong><br \/>Soldefence ist f\u00fcr die Verarbeitung personenbezogener Daten, wie in dieser Erkl\u00e4rung beschrieben, verantwortlich. Wir bem\u00fchen uns, Ihre Daten sicher, transparent und in \u00dcbereinstimmung mit der Allgemeinen Datenschutzverordnung (AVG) zu verarbeiten.<br \/>Website:\u00a0<a class=\"c-link\" href=\"https:\/\/soldefence.com\/de\/\" target=\"_blank\" rel=\"noopener noreferrer\" data-stringify-link=\"https:\/\/www.soldefence.com\" data-sk=\"tooltip_parent\">https:\/\/www.soldefence.com<\/a><br \/>E-Mail: <a class=\"breakdance-link bde-icon-list__item-wrapper\" href=\"mailto:info@soldefence.com\" target=\"_self\" data-type=\"url\"><span class=\"bde-icon-list__text\">info@soldefence.com<\/span><\/a><br \/>Nummer der Handelskammer: 90159209\u00a0<br \/><br \/><strong>2. Personenbezogene Daten, die wir verarbeiten<\/strong><br \/>Wir verarbeiten personenbezogene Daten, wenn Sie:<\/div>\n<ul class=\"p-rich_text_list p-rich_text_list__bullet p-rich_text_list--nested\" data-stringify-type=\"unordered-list\" data-list-tree=\"true\" data-indent=\"0\" data-border=\"0\">\n<li data-stringify-indent=\"0\" data-stringify-border=\"0\">ein Kontaktformular ausf\u00fcllen.<\/li>\n<li data-stringify-indent=\"0\" data-stringify-border=\"0\">besuchen Sie unsere Website.<\/li>\n<li data-stringify-indent=\"0\" data-stringify-border=\"0\">\u00fcber unser Kundenportal.<\/li>\n<\/ul>\n<div class=\"p-rich_text_section\">Zu den Daten k\u00f6nnen Name, E-Mail-Adresse, IP-Adresse, Sitzungsinformationen und Browserverhalten geh\u00f6ren.<\/div>\n<div>\u00a0<\/div>\n<div class=\"p-rich_text_section\"><strong>3. Zwecke der Verarbeitung<\/strong><br \/>Wir verarbeiten Ihre Daten f\u00fcr:<\/div>\n<ul class=\"p-rich_text_list p-rich_text_list__bullet p-rich_text_list--nested\" data-stringify-type=\"unordered-list\" data-list-tree=\"true\" data-indent=\"0\" data-border=\"0\">\n<li data-stringify-indent=\"0\" data-stringify-border=\"0\">Kontakt und Kundendienst.<\/li>\n<li data-stringify-indent=\"0\" data-stringify-border=\"0\">Login-Funktionalit\u00e4t (wie bei WordPress).<\/li>\n<li data-stringify-indent=\"0\" data-stringify-border=\"0\">Statistische Analyse der Website-Nutzung.<\/li>\n<li data-stringify-indent=\"0\" data-stringify-border=\"0\">Sicherheit gegen Spam und Missbrauch.<\/li>\n<\/ul>\n<div class=\"p-rich_text_section\">Die Daten werden nur dann an Dritte weitergegeben, wenn dies f\u00fcr die oben genannten Zwecke erforderlich oder gesetzlich vorgeschrieben ist.<\/div>\n<div>\u00a0<\/div>\n<div class=\"p-rich_text_section\"><strong>4. Cookies<\/strong><br \/>Unsere Website verwendet Cookies. Diese stellen sicher, dass:<\/div>\n<ul class=\"p-rich_text_list p-rich_text_list__bullet p-rich_text_list--nested\" data-stringify-type=\"unordered-list\" data-list-tree=\"true\" data-indent=\"0\" data-border=\"0\">\n<li data-stringify-indent=\"0\" data-stringify-border=\"0\">die Website funktioniert technisch gut.<\/li>\n<li data-stringify-indent=\"0\" data-stringify-border=\"0\">k\u00f6nnen Sie sich sicher anmelden.<\/li>\n<li data-stringify-indent=\"0\" data-stringify-border=\"0\">k\u00f6nnen wir Statistiken sammeln.<\/li>\n<li data-stringify-indent=\"0\" data-stringify-border=\"0\">Videos richtig abgespielt werden k\u00f6nnen.<\/li>\n<li data-stringify-indent=\"0\" data-stringify-border=\"0\">wir merken uns Ihre Vorlieben.<\/li>\n<\/ul>\n<div class=\"p-rich_text_section\">Bei Ihrem ersten Besuch k\u00f6nnen Sie \u00fcber das Cookie-Banner Ihre Pr\u00e4ferenzen angeben. Sie k\u00f6nnen diese Einstellungen sp\u00e4ter \u00e4ndern oder Cookies \u00fcber Ihren Browser l\u00f6schen.<\/div>\n<\/div>\n<\/div>\n<\/div>\n<\/div>\n<\/div>\n<\/div>\n<\/div>\n<\/div>\n<\/div>\n<\/div>\n<\/div>\n<div id=\"message-list_1753107108.886329\" class=\"c-virtual_list__item\" tabindex=\"-1\" role=\"listitem\" aria-setsize=\"-1\" data-qa=\"virtual-list-item\" data-item-key=\"1753107108.886329\">\n<div class=\"c-message_kit__gutter__left\" role=\"presentation\"><span id=\"primary-D0946Q59XT3-1753107138.197449-sender\" class=\"offscreen\" aria-hidden=\"true\" data-qa=\"aria-labelledby-primary-D0946Q59XT3-1753107138.197449-sender\"><br \/><\/span>\n<div class=\"c-message_kit__blocks c-message_kit__blocks--rich_text\">\n<div class=\"c-message__message_blocks c-message__message_blocks--rich_text\" data-qa=\"message-text\">\n<div class=\"p-block_kit_renderer\" data-qa=\"block-kit-renderer\">\n<div class=\"p-block_kit_renderer__block_wrapper p-block_kit_renderer__block_wrapper--first\">\n<div class=\"p-rich_text_block\" dir=\"auto\">\n<div class=\"p-rich_text_section\"><strong>5. Cookies auf\u00a0<a class=\"c-link\" href=\"http:\/\/soldefence.com\/de\/\" target=\"_blank\" rel=\"noopener noreferrer\" data-stringify-link=\"http:\/\/soldefence.com\" data-sk=\"tooltip_parent\">soldefence.com<\/a><\/strong><br \/>Unsere Website verwendet Cookies, um ordnungsgem\u00e4\u00df zu funktionieren, Benutzersitzungen zu verwalten, Einstellungen zu speichern, Statistiken zu verfolgen und eingebettete Inhalte wie Videos korrekt anzuzeigen. Im Folgenden finden Sie eine vollst\u00e4ndige Liste der Cookies, die auf\u00a0<a class=\"c-link\" href=\"http:\/\/soldefence.com\/de\/\" target=\"_blank\" rel=\"noopener noreferrer\" data-stringify-link=\"http:\/\/soldefence.com\" data-sk=\"tooltip_parent\">soldefence.com<\/a>\u00a0werden mit ihrem Anbieter, ihrer Funktion und ihrer Aufbewahrungsfrist ver\u00f6ffentlicht.<br \/>Erforderliche Cookies<br \/>Diese Cookies sind f\u00fcr den Betrieb und die Sicherheit der Website unerl\u00e4sslich.<\/div>\n<ul class=\"p-rich_text_list p-rich_text_list__bullet p-rich_text_list--nested\" data-stringify-type=\"unordered-list\" data-list-tree=\"true\" data-indent=\"0\" data-border=\"0\">\n<li data-stringify-indent=\"0\" data-stringify-border=\"0\"><code class=\"c-mrkdwn__code\" data-stringify-type=\"code\">rc::a<\/code>\u00a0- Anbieter:\u00a0<a class=\"c-link\" href=\"http:\/\/gstatic.com\/\" target=\"_blank\" rel=\"noopener noreferrer\" data-stringify-link=\"http:\/\/gstatic.com\" data-sk=\"tooltip_parent\">gstatic.com<\/a><\/li>\n<li data-stringify-indent=\"0\" data-stringify-border=\"0\">\u00a0Funktion: Erkennung von Bots \u00fcber Google reCAPTCHA<\/li>\n<li data-stringify-indent=\"0\" data-stringify-border=\"0\">\u00a0Aufbewahrungsfrist: mehr als 1 Jahr<\/li>\n<li data-stringify-indent=\"0\" data-stringify-border=\"0\"><code class=\"c-mrkdwn__code\" data-stringify-type=\"code\">rc::c<\/code>\u00a0- Anbieter:\u00a0<a class=\"c-link\" href=\"http:\/\/gstatic.com\/\" target=\"_blank\" rel=\"noopener noreferrer\" data-stringify-link=\"http:\/\/gstatic.com\" data-sk=\"tooltip_parent\">gstatic.com<\/a><\/li>\n<li data-stringify-indent=\"0\" data-stringify-border=\"0\">\u00a0Funktion: Erkennt, ob der Besucher ein Mensch ist, um Missbrauch zu verhindern<\/li>\n<li data-stringify-indent=\"0\" data-stringify-border=\"0\">\u00a0Aufbewahrungsfrist: Sitzung<\/li>\n<li data-stringify-indent=\"0\" data-stringify-border=\"0\"><code class=\"c-mrkdwn__code\" data-stringify-type=\"code\">CookieConsent<\/code>\u00a0- Anbieter:\u00a0<a class=\"c-link\" href=\"http:\/\/soldefence.com\/de\/\" target=\"_blank\" rel=\"noopener noreferrer\" data-stringify-link=\"http:\/\/soldefence.com\" data-sk=\"tooltip_parent\">soldefence.com<\/a><\/li>\n<li data-stringify-indent=\"0\" data-stringify-border=\"0\">\u00a0Funktion: Aufzeichnung, ob der Besucher die Verwendung von Cookies erlaubt hat<\/li>\n<li data-stringify-indent=\"0\" data-stringify-border=\"0\">\u00a0Aufbewahrungsfrist: mehr als 1 Jahr<\/li>\n<\/ul>\n<div class=\"p-rich_text_section\"><strong>Funktionale Cookies<\/strong><br \/>Diese Cookies gew\u00e4hrleisten das ordnungsgem\u00e4\u00dfe Funktionieren der Website, insbesondere f\u00fcr die Anmeldung und Verwaltung.<\/div>\n<ul class=\"p-rich_text_list p-rich_text_list__bullet p-rich_text_list--nested\" data-stringify-type=\"unordered-list\" data-list-tree=\"true\" data-indent=\"0\" data-border=\"0\">\n<li data-stringify-indent=\"0\" data-stringify-border=\"0\"><code class=\"c-mrkdwn__code\" data-stringify-type=\"code\">PHPSESSID<\/code>\u00a0- Anbieter:\u00a0<a class=\"c-link\" href=\"http:\/\/soldefence.com\/de\/\" target=\"_blank\" rel=\"noopener noreferrer\" data-stringify-link=\"http:\/\/soldefence.com\" data-sk=\"tooltip_parent\">soldefence.com<\/a><\/li>\n<li data-stringify-indent=\"0\" data-stringify-border=\"0\">\u00a0Funktion: H\u00e4lt die Benutzersitzung aktiv<\/li>\n<li data-stringify-indent=\"0\" data-stringify-border=\"0\">\u00a0Aufbewahrungsfrist: Sitzung<\/li>\n<li data-stringify-indent=\"0\" data-stringify-border=\"0\"><code class=\"c-mrkdwn__code\" data-stringify-type=\"code\">wordpress_eingeloggt_#<\/code>\u00a0- Anbieter:\u00a0<a class=\"c-link\" href=\"http:\/\/soldefence.com\/de\/\" target=\"_blank\" rel=\"noopener noreferrer\" data-stringify-link=\"http:\/\/soldefence.com\" data-sk=\"tooltip_parent\">soldefence.com<\/a><\/li>\n<li data-stringify-indent=\"0\" data-stringify-border=\"0\">\u00a0Funktion: Verfolgt, ob der Benutzer angemeldet ist<\/li>\n<li data-stringify-indent=\"0\" data-stringify-border=\"0\">\u00a0Aufbewahrungsfrist: Sitzung<\/li>\n<li data-stringify-indent=\"0\" data-stringify-border=\"0\"><code class=\"c-mrkdwn__code\" data-stringify-type=\"code\">wordpress_sec_#<\/code>\u00a0- Anbieter:\u00a0<a class=\"c-link\" href=\"http:\/\/soldefence.com\/de\/\" target=\"_blank\" rel=\"noopener noreferrer\" data-stringify-link=\"http:\/\/soldefence.com\" data-sk=\"tooltip_parent\">soldefence.com<\/a><\/li>\n<li data-stringify-indent=\"0\" data-stringify-border=\"0\">\u00a0Funktion: Erh\u00f6ht die Sicherheit von eingeloggten Sitzungen<\/li>\n<li data-stringify-indent=\"0\" data-stringify-border=\"0\">\u00a0Aufbewahrungsfrist: Sitzung<\/li>\n<li data-stringify-indent=\"0\" data-stringify-border=\"0\"><code class=\"c-mrkdwn__code\" data-stringify-type=\"code\">wordpress_test_cookie<\/code>\u00a0- Anbieter:\u00a0<a class=\"c-link\" href=\"http:\/\/soldefence.com\/de\/\" target=\"_blank\" rel=\"noopener noreferrer\" data-stringify-link=\"http:\/\/soldefence.com\" data-sk=\"tooltip_parent\">soldefence.com<\/a><\/li>\n<li data-stringify-indent=\"0\" data-stringify-border=\"0\">\u00a0Funktion: Testen, ob der Browser Cookies akzeptiert<\/li>\n<li data-stringify-indent=\"0\" data-stringify-border=\"0\">\u00a0Aufbewahrungsfrist: Sitzung<\/li>\n<li data-stringify-indent=\"0\" data-stringify-border=\"0\"><code class=\"c-mrkdwn__code\" data-stringify-type=\"code\">wp-einstellungen-0<\/code>\u00a0- Anbieter:\u00a0<a class=\"c-link\" href=\"http:\/\/soldefence.com\/de\/\" target=\"_blank\" rel=\"noopener noreferrer\" data-stringify-link=\"http:\/\/soldefence.com\" data-sk=\"tooltip_parent\">soldefence.com<\/a><\/li>\n<li data-stringify-indent=\"0\" data-stringify-border=\"0\">\u00a0Funktion: Speichert Einstellungen f\u00fcr WordPress-Benutzer<\/li>\n<li data-stringify-indent=\"0\" data-stringify-border=\"0\">\u00a0Aufbewahrungsfrist: Sitzung<\/li>\n<\/ul>\n<div class=\"p-rich_text_section\"><strong>Statistik und analytische Cookies<\/strong><br \/>Diese Cookies helfen uns, Einblick in die Nutzung der Website zu erhalten. Alle Daten werden anonymisiert gesammelt.<\/div>\n<ul class=\"p-rich_text_list p-rich_text_list__bullet p-rich_text_list--nested\" data-stringify-type=\"unordered-list\" data-list-tree=\"true\" data-indent=\"0\" data-border=\"0\">\n<li data-stringify-indent=\"0\" data-stringify-border=\"0\"><code class=\"c-mrkdwn__code\" data-stringify-type=\"code\">_ga<\/code>\u00a0- Anbieter:\u00a0<a class=\"c-link\" href=\"http:\/\/soldefence.com\/de\/\" target=\"_blank\" rel=\"noopener noreferrer\" data-stringify-link=\"http:\/\/soldefence.com\" data-sk=\"tooltip_parent\">soldefence.com<\/a><\/li>\n<li data-stringify-indent=\"0\" data-stringify-border=\"0\">\u00a0Funktion: Registrierung einer eindeutigen ID f\u00fcr die Messung von Nutzerstatistiken \u00fcber Google Analytics 4<\/li>\n<li data-stringify-indent=\"0\" data-stringify-border=\"0\">\u00a0Aufbewahrungsfrist: mehr als 1 Jahr<\/li>\n<li data-stringify-indent=\"0\" data-stringify-border=\"0\"><code class=\"c-mrkdwn__code\" data-stringify-type=\"code\">_ga_#<\/code>\u00a0- Anbieter:\u00a0<a class=\"c-link\" href=\"http:\/\/soldefence.com\/de\/\" target=\"_blank\" rel=\"noopener noreferrer\" data-stringify-link=\"http:\/\/soldefence.com\" data-sk=\"tooltip_parent\">soldefence.com<\/a><\/li>\n<li data-stringify-indent=\"0\" data-stringify-border=\"0\">\u00a0Funktion: Verfolgt Sitzungsdaten (Anzahl der Besuche, Zeiten) \u00fcber Google Analytics 4<\/li>\n<li data-stringify-indent=\"0\" data-stringify-border=\"0\">\u00a0Aufbewahrungsfrist: mehr als 1 Jahr<\/li>\n<li data-stringify-indent=\"0\" data-stringify-border=\"0\"><code class=\"c-mrkdwn__code\" data-stringify-type=\"code\">__cf_bm<\/code>\u00a0- Anbieter:\u00a0<a class=\"c-link\" href=\"http:\/\/vimeo.com\/\" target=\"_blank\" rel=\"noopener noreferrer\" data-stringify-link=\"http:\/\/vimeo.com\" data-sk=\"tooltip_parent\">vimeo.de<\/a><\/li>\n<li data-stringify-indent=\"0\" data-stringify-border=\"0\">\u00a0Funktion: Erkennung von Bots und Beitrag zur sicheren und zuverl\u00e4ssigen Videointegration<\/li>\n<li data-stringify-indent=\"0\" data-stringify-border=\"0\">\u00a0Aufbewahrungsfrist: weniger als 1 Monat<\/li>\n<li data-stringify-indent=\"0\" data-stringify-border=\"0\"><code class=\"c-mrkdwn__code\" data-stringify-type=\"code\">_cfuvid<\/code>\u00a0- Anbieter:\u00a0<a class=\"c-link\" href=\"http:\/\/vimeo.com\/\" target=\"_blank\" rel=\"noopener noreferrer\" data-stringify-link=\"http:\/\/vimeo.com\" data-sk=\"tooltip_parent\">vimeo.de<\/a><\/li>\n<li data-stringify-indent=\"0\" data-stringify-border=\"0\">\u00a0Funktion: Vor\u00fcbergehende Identifizierung des Verkehrs zu Zwecken der Videoperformance<\/li>\n<li data-stringify-indent=\"0\" data-stringify-border=\"0\">\u00a0Aufbewahrungsfrist: Sitzung<\/li>\n<\/ul>\n<div class=\"p-rich_text_section\">Diese Cookies werden nur nach Zustimmung des Nutzers gesetzt, es sei denn, sie fallen unter die Ausnahme f\u00fcr unbedingt notwendige Cookies.<br \/>Alle Drittanbieter (wie Google und Vimeo) haben ihren Sitz in L\u00e4ndern, die unter den EU-US-Datenschutzrahmen fallen oder von der Europ\u00e4ischen Kommission als sicher f\u00fcr die Datenverarbeitung anerkannt sind. Das GA4-Tracking ist mit IP-Anonymisierung und ohne Werbefunktionen konfiguriert.<\/div>\n<\/div>\n<\/div>\n<\/div>\n<\/div>\n<\/div>\n<\/div>\n<div class=\"c-message_kit__background p-message_pane_message__message c-message_kit__message\" role=\"presentation\" data-qa=\"message_container\" data-qa-unprocessed=\"false\" data-qa-placeholder=\"false\">\n<div class=\"c-message_kit__hover\" role=\"document\" aria-roledescription=\"message\" data-qa-hover=\"true\">\n<div class=\"c-message_kit__actions c-message_kit__actions--above\">\n<div class=\"c-message_kit__gutter\">\n<div class=\"c-message_kit__gutter__right\" role=\"presentation\" data-qa=\"message_content\">\n<div class=\"c-message_kit__blocks c-message_kit__blocks--rich_text\">\n<div class=\"c-message__message_blocks c-message__message_blocks--rich_text\" data-qa=\"message-text\">\n<div class=\"p-block_kit_renderer\" data-qa=\"block-kit-renderer\">\n<div class=\"p-block_kit_renderer__block_wrapper p-block_kit_renderer__block_wrapper--first\">\n<div class=\"p-rich_text_block\" dir=\"auto\">\n<div>\u00a0<\/div>\n<div class=\"p-rich_text_section\"><strong>6. Externe Parteien und \u00dcbertragung<\/strong><br \/>Cookies von Drittanbietern wie Google und Vimeo fallen unter die\u00a0<a class=\"c-link\" href=\"https:\/\/www.dataprivacyframework.gov\/\" target=\"_blank\" rel=\"noopener noreferrer\" data-stringify-link=\"https:\/\/www.dataprivacyframework.gov\/\" data-sk=\"tooltip_parent\">EU-US-Datenschutzrahmen<\/a>. Diese L\u00e4nder werden von der EU im Hinblick auf den Datenschutz als \"angemessen\" eingestuft.<\/div>\n<div>\u00a0<\/div>\n<div class=\"p-rich_text_section\"><strong>7. Rechte der Besucher<\/strong><br \/>Sie haben das Recht dazu:<\/div>\n<ul class=\"p-rich_text_list p-rich_text_list__bullet p-rich_text_list--nested\" data-stringify-type=\"unordered-list\" data-list-tree=\"true\" data-indent=\"0\" data-border=\"0\">\n<li data-stringify-indent=\"0\" data-stringify-border=\"0\">Ihre Daten einsehen.<\/li>\n<li data-stringify-indent=\"0\" data-stringify-border=\"0\">Ihre Daten korrigieren oder l\u00f6schen zu lassen.<\/li>\n<li data-stringify-indent=\"0\" data-stringify-border=\"0\">Gegenstand der Verarbeitung.<\/li>\n<li data-stringify-indent=\"0\" data-stringify-border=\"0\">Ihre Zustimmung zur\u00fcckziehen.<\/li>\n<li data-stringify-indent=\"0\" data-stringify-border=\"0\">Daten zu \u00fcbertragen (Daten\u00fcbertragbarkeit).<\/li>\n<\/ul>\n<div class=\"p-rich_text_section\">Mail an <a class=\"breakdance-link bde-icon-list__item-wrapper\" href=\"mailto:info@soldefence.com\" target=\"_self\" data-type=\"url\"><span class=\"bde-icon-list__text\">info@soldefence.com<\/span><\/a> f\u00fcr jede Anfrage. Wir werden innerhalb von 30 Tagen antworten.<\/div>\n<div>\u00a0<\/div>\n<div class=\"p-rich_text_section\"><strong>8. Sicherheit<\/strong><br \/>Soldefence sorgt f\u00fcr angemessene technische und organisatorische Sicherheitsma\u00dfnahmen, einschlie\u00dflich:<\/div>\n<ul class=\"p-rich_text_list p-rich_text_list__bullet p-rich_text_list--nested\" data-stringify-type=\"unordered-list\" data-list-tree=\"true\" data-indent=\"0\" data-border=\"0\">\n<li data-stringify-indent=\"0\" data-stringify-border=\"0\">SSL-gesicherte Verbindungen<\/li>\n<li data-stringify-indent=\"0\" data-stringify-border=\"0\">Eingeschr\u00e4nkter Zugang zu personenbezogenen Daten<\/li>\n<li data-stringify-indent=\"0\" data-stringify-border=\"0\">Aktualisierungen und \u00dcberwachung<\/li>\n<\/ul>\n<div class=\"p-rich_text_section\"><strong>9. \u00c4nderungen<\/strong><br \/>Wir behalten uns das Recht vor, diese Politik zu \u00e4ndern. Die aktuelle Version finden Sie immer auf dieser Seite.<\/div>\n<\/div>\n<\/div>\n<\/div>\n<\/div>\n<\/div>\n<\/div>\n<\/div>\n<\/div>\n<\/div>\n<\/div>\n<\/div>\n<div id=\"message-list_1753107138.197449\" class=\"c-virtual_list__item\" tabindex=\"0\" role=\"listitem\" aria-setsize=\"-1\" data-qa=\"virtual-list-item\" data-item-key=\"1753107138.197449\">\n<div class=\"c-message_kit__background p-message_pane_message__message c-message_kit__message\" role=\"presentation\" data-qa=\"message_container\" data-qa-unprocessed=\"false\" data-qa-placeholder=\"false\">\n<div class=\"c-message_kit__hover\" role=\"document\" aria-roledescription=\"message\" data-qa-hover=\"true\">\n<div class=\"c-message_kit__actions c-message_kit__actions--above\">\n<div class=\"c-message_kit__gutter\">\n<div class=\"c-message_kit__gutter__left\" role=\"presentation\">\u00a0<\/div>\n<div class=\"c-message_kit__gutter__right\" role=\"presentation\" data-qa=\"message_content\">\u00a0<\/div>\n<\/div>\n<\/div>\n<\/div>\n<\/div>\n<\/div>\n<div id=\"message-list_bottomSpacer\" class=\"c-virtual_list__item\" tabindex=\"-1\" role=\"presentation\" aria-setsize=\"-1\" data-qa=\"virtual-list-item\" data-item-key=\"bottomSpacer\">\u00a0<\/div>\n<\/div><div class=\"bde-shortcode-3-111 bde-shortcode\"><div class=\"wpconsent-cookie-policy\"><h2 class=\"wpconsent-cookie-category-name\">Essentiell<\/h2><p class=\"wpconsent-cookie-category-description\">Essentielle Cookies erm\u00f6glichen grundlegende Funktionen und sind f\u00fcr die ordnungsgem\u00e4\u00dfe Funktion der Website erforderlich.<\/p><table class=\"wpconsent-cookie-policy-table\"><tr><th>Name<\/th><th>Beschreibung<\/th><th>Dauer<\/th><\/tr><tr><td>wpconsent_preferences<\/td><td>Dieses Cookie wird verwendet, um die Cookie-Zustimmungspr\u00e4ferenzen des Benutzers zu speichern.<\/td><td>30 Tage<\/td><\/tr><\/table><h3 class=\"wpconsent-cookie-service-name\">Google reCAPTCHA<\/h3><p class=\"wpconsent-cookie-service-description\">Google reCAPTCHA helpt websites te beschermen tegen spam en misbruik door gebruikersinteracties te verifi\u00ebren via uitdagingen.<\/p><table class=\"wpconsent-cookie-policy-table\"><tr><th>Name<\/th><th>Beschreibung<\/th><th>Dauer<\/th><\/tr><tr><td>_GRECAPTCHA<\/td><td>Google reCAPTCHA platziert ein notwendiges Cookie (_GRECAPTCHA), wenn es ausgef\u00fchrt wird, um seine Risikoanalyse bereitzustellen.<\/td><td>179 Tage<\/td><\/tr><\/table><h3 class=\"wpconsent-cookie-service-name\">Google Tag Manager<\/h3><p class=\"wpconsent-cookie-service-description\">Google Tag Manager vereenvoudigt het beheer van marketingtags op uw website zonder codewijzigingen.<\/p><table class=\"wpconsent-cookie-policy-table\"><tr><th>Name<\/th><th>Beschreibung<\/th><th>Dauer<\/th><\/tr><tr><td>cookiePreferences<\/td><td>Registriert die Cookie-Pr\u00e4ferenzen eines Benutzers.<\/td><td>2 Jahre<\/td><\/tr><tr><td>td<\/td><td>Erfasst statistische Daten \u00fcber das Verhalten der Nutzer auf der Website. Wird f\u00fcr interne Analysen durch den Websitebetreiber verwendet.<\/td><td>Sitzung<\/td><\/tr><\/table><h3 class=\"wpconsent-cookie-service-name\">Kommentare<\/h3><p class=\"wpconsent-cookie-service-description\">Diese Cookies sind erforderlich, um Kommentare auf dieser Website hinzuzuf\u00fcgen.<\/p><table class=\"wpconsent-cookie-policy-table\"><tr><th>Name<\/th><th>Beschreibung<\/th><th>Dauer<\/th><\/tr><tr><td>comment_author<\/td><td>Wird verwendet, um den Benutzer \u00fcber mehrere Sitzungen hinweg zu verfolgen.<\/td><td>Sitzung<\/td><\/tr><tr><td>comment_author_email<\/td><td>Wird verwendet, um den Benutzer \u00fcber mehrere Sitzungen hinweg zu verfolgen.<\/td><td>Sitzung<\/td><\/tr><tr><td>comment_author_url<\/td><td>Wird verwendet, um den Benutzer \u00fcber mehrere Sitzungen hinweg zu verfolgen.<\/td><td>Sitzung<\/td><\/tr><\/table><\/div><\/div><\/div>\n<\/section>","protected":false},"excerpt":{"rendered":"<p>Home Privacy policy Privacy- en Cookieverklaring \u2013 Soldefence Laatst bijgewerkt: 26-01-2026 1. Wie zijn wij?Soldefence is verantwoordelijk voor de verwerking van persoonsgegevens zoals beschreven in deze verklaring. Wij doen er alles aan om jouw gegevens veilig, transparant en conform de Algemene Verordening Gegevensbescherming (AVG) te verwerken.Website:\u00a0https:\/\/www.soldefence.comE-mail: info@soldefence.comKvK-nummer: 90159209\u00a02. Persoonsgegevens die wij verwerkenWij verwerken persoonsgegevens wanneer [&hellip;]<\/p>\n","protected":false},"author":1,"featured_media":0,"parent":0,"menu_order":0,"comment_status":"closed","ping_status":"open","template":"","meta":{"inline_featured_image":false,"_breakdance_hide_in_design_set":false,"_breakdance_tags":"","footnotes":""},"class_list":["post-3","page","type-page","status-publish","hentry"],"_links":{"self":[{"href":"https:\/\/soldefence.com\/de\/wp-json\/wp\/v2\/pages\/3","targetHints":{"allow":["GET"]}}],"collection":[{"href":"https:\/\/soldefence.com\/de\/wp-json\/wp\/v2\/pages"}],"about":[{"href":"https:\/\/soldefence.com\/de\/wp-json\/wp\/v2\/types\/page"}],"author":[{"embeddable":true,"href":"https:\/\/soldefence.com\/de\/wp-json\/wp\/v2\/users\/1"}],"replies":[{"embeddable":true,"href":"https:\/\/soldefence.com\/de\/wp-json\/wp\/v2\/comments?post=3"}],"version-history":[{"count":11,"href":"https:\/\/soldefence.com\/de\/wp-json\/wp\/v2\/pages\/3\/revisions"}],"predecessor-version":[{"id":1239,"href":"https:\/\/soldefence.com\/de\/wp-json\/wp\/v2\/pages\/3\/revisions\/1239"}],"wp:attachment":[{"href":"https:\/\/soldefence.com\/de\/wp-json\/wp\/v2\/media?parent=3"}],"curies":[{"name":"wp","href":"https:\/\/api.w.org\/{rel}","templated":true}]}}