{"id":320,"date":"2025-05-22T12:48:29","date_gmt":"2025-05-22T12:48:29","guid":{"rendered":"https:\/\/soldefence.com\/?page_id=320"},"modified":"2026-01-21T15:06:20","modified_gmt":"2026-01-21T13:06:20","slug":"ki-technologie","status":"publish","type":"page","link":"https:\/\/soldefence.com\/de\/assetbeveiliging\/ai-technologie\/","title":{"rendered":"KI-Technologie"},"content":{"rendered":"<section class=\"bde-section-320-100 bde-section\">\n              \n  \n  \n\t    \n      <div class=\"section-background-video\">\n              <video\n          autoplay\n muted\n playsinline\n loop\n>\n        <source src=\"https:\/\/soldefence.com\/wp-content\/uploads\/2025\/08\/6915809_Motion_Graphics_Motion_Graphic_1920x1080.mp4\" type=\"video\/mp4\" \/>\n      <\/video>\n      <\/div>\n\n\n  <div class=\"section-background-overlay\"><\/div>\n\n\n<div class=\"section-container\"><div class=\"bde-columns-320-101 bde-columns\"><div class=\"bde-column-320-102 bde-column\">\n  \n  \n\t\n\n\n\n<div class=\"bde-breadcrumbs-320-103 bde-breadcrumbs\"><nav aria-label=\"Semmelbr\u00f6sel\" class=\"rank-math-breadcrumb\"><p><span class=\"last\">Startseite<\/span><\/p><\/nav><\/div><h1 class=\"bde-heading-320-104 bde-heading\">\nKI-Technologie\n<\/h1><div class=\"bde-text-320-107 bde-text\">\nSoldefence ist das weltweit erste System, das KI einsetzt, um Personen, Fahrzeuge und Bewegungen mit einer Genauigkeit von bis zu 98% zu erkennen.\n<\/div>\n<\/div><div class=\"bde-column-320-105 bde-column\">\n  \n  \n\t\n\n\n\n\n<\/div><\/div><\/div>\n<\/section><section class=\"bde-section-320-108 bde-section\">\n  \n  \n\t\n\n\n\n<div class=\"section-container\"><div class=\"bde-rich-text-320-109 bde-rich-text breakdance-rich-text-styles\">\n<h2>Sicherheit mit intelligenter KI-Technologie<\/h2>\n<p>Herk\u00f6mmliche Erkennung reicht nicht mehr aus. Soldefence setzt eine selbst entwickelte KI-Technologie ein, die die Sicherheit auf ein noch nie dagewesenes Niveau hebt. Wo herk\u00f6mmliche Systeme bei Bewegung oder Temperaturver\u00e4nderung stehen bleiben, geht unser System weiter: Es denkt, bewertet und differenziert.<\/p>\n<p>Unsere Kameras mit thermografischer Technik erkennen Bewegungen und Temperaturunterschiede auf gro\u00dfe Entfernungen, auch bei v\u00f6lliger Dunkelheit oder schlechtem Wetter. Aber die wahre Intelligenz liegt in dem, was danach passiert. Sobald ein Objekt erkannt wird, schaltet sich unser KI-Server sofort ein. Er analysiert jedes Bildfragment und klassifiziert das Objekt anhand von Form, Verhalten und W\u00e4rmebild.<\/p>\n<\/div><\/div>\n<\/section><section class=\"bde-section-320-110 bde-section\">\n  \n  \n\t\n\n\n\n<div class=\"section-container\"><div class=\"bde-columns-320-111 bde-columns\"><div class=\"bde-column-320-112 bde-column\">\n  \n  \n\t\n\n\n\n<div class=\"bde-rich-text-320-113 bde-rich-text breakdance-rich-text-styles\">\n<h2>Was macht sie einzigartig?<\/h2>\n<p>Unsere KI-Technologie erkennt mit 96 bis 98 Prozent Genauigkeit, ob es sich um einen Menschen, ein Tier, ein Fahrzeug oder ein harmloses Ereignis wie sich bewegende \u00c4ste oder eine Gruppe grasender Schafe handelt. Selbst minimale, partielle Bewegungen werden richtig interpretiert. Damit garantieren wir etwas, wor\u00fcber in der Branche selten gesprochen wird: <strong>0 Falschmeldungen.<\/strong><\/p>\n<p>Jede an den Kontrollraum gesendete Meldung ist relevant. Keine \u00dcberlastung, keine Leerlauffahrten, keine unn\u00f6tigen Kosten. Das bedeutet maximale Effizienz f\u00fcr die Leitstelle, minimalen Druck bei der Nachbereitung und volle Konzentration auf echte Bedrohungen.<\/p>\n<p>Das Ergebnis:<\/p>\n<p>Zuverl\u00e4ssige Detektion, Tag und Nacht.<\/p>\n<\/div>\n<\/div><div class=\"bde-column-320-114 bde-column\">\n  \n  \n\t\n\n\n\n<img decoding=\"async\" class=\"bde-image2-320-116 bde-image2\" src=\"https:\/\/soldefence.com\/wp-content\/uploads\/2025\/08\/0_20250701-144741.gif\" alt=\"KI-Technologie\" loading=\"lazy\" sizes=\"(max-width: 640px) 100vw, 640px\">\n<\/div><\/div><\/div>\n<\/section><section class=\"bde-section-320-118 bde-section\">\n  \n  \n\t\n\n\n\n<div class=\"section-container\"><div class=\"bde-columns-320-119 bde-columns\"><div class=\"bde-column-320-120 bde-column\">\n  \n  \n\t\n\n\n\n<div class=\"bde-rich-text-320-121 bde-rich-text breakdance-rich-text-styles\">\n<h2>Was bringt Ihnen die Sicherheit von Soldefence?<\/h2>\n<p>Mit der fortschrittlichen KI-Technologie von Soldefence investieren Sie in mehr als nur Sicherheit: Sie entscheiden sich f\u00fcr Seelenfrieden, Kontinuit\u00e4t und maximale Effizienz.<\/p>\n<\/div><img decoding=\"async\" class=\"bde-image2-320-122 bde-image2\" src=\"https:\/\/soldefence.com\/wp-content\/uploads\/2025\/08\/0_20250703-091327.gif\" alt=\"Selbstentwickelte AI-Technologie\" loading=\"lazy\" sizes=\"(max-width: 640px) 100vw, 640px\">\n<\/div><div class=\"bde-column-320-123 bde-column\">\n  \n  \n\t\n\n\n\n<div class=\"bde-div-320-124 bde-div\">\n  \n  \n\t\n\n\n\n<div class=\"bde-icon-320-125 bde-icon\">\n\n    \n            <div class=\"bde-icon-icon breakdance-icon-atom\" >\n    \n                    <svg xmlns=\"http:\/\/www.w3.org\/2000\/svg\" xmlns:xlink=\"http:\/\/www.w3.org\/1999\/xlink\" version=\"1.1\" width=\"512\" height=\"512\" x=\"0\" y=\"0\" viewbox=\"0 0 409.592 409.592\" style=\"enable-background:new 0 0 512 512\" xml:space=\"preserve\" class=\"\"><g><path d=\"m399.643 180.659-27.935-27.93c-6.63-6.63-12.063-19.732-12.063-29.128v-39.5c0-18.79-15.35-34.14-34.135-34.15h-39.516c-9.385 0-22.502-5.443-29.133-12.068l-27.93-27.93c-13.271-13.271-35-13.271-48.271 0l-27.93 27.95c-6.636 6.63-19.768 12.058-29.133 12.058h-39.5c-18.765 0-34.135 15.35-34.135 34.14v39.501c0 9.359-5.432 22.502-12.063 29.128L9.964 180.66c-13.281 13.271-13.281 35 0 48.292l27.935 27.93c6.635 6.63 12.063 19.768 12.063 29.128v39.501c0 18.77 15.37 34.14 34.135 34.14h39.501c9.385 0 22.502 5.432 29.133 12.058l27.93 27.94c13.271 13.261 35 13.261 48.271 0l27.93-27.94c6.636-6.63 19.748-12.058 29.133-12.058h39.516c18.785 0 34.135-15.37 34.135-34.14V286.01c0-9.4 5.437-22.502 12.063-29.128l27.935-27.93c13.26-13.292 13.26-35.022-.001-48.293zM177.701 281.6l-75.31-75.32 24.136-24.131 51.18 51.18L283.061 128l24.13 24.131L177.701 281.6z\" fill=\"#fdb813\" opacity=\"1\" data-original=\"#000000\" class=\"\"\/><\/g><\/svg>\n        \n        \n        \n            <\/div>\n    \n\n\n<\/div><div class=\"bde-div-320-126 bde-div\">\n  \n  \n\t\n\n\n\n<h3 class=\"bde-heading-320-127 bde-heading\">\nZertifizierung f\u00fcr Versicherer\n<\/h3><div class=\"bde-text-320-128 bde-text\">\nSie erhalten ein offizielles Zertifikat, das belegt, dass Ihr Wind- oder Solarpark den aktuellen Versicherungsbedingungen entspricht. Das verhindert Diskussionen im Schadensfall und erh\u00f6ht Ihre Versicherbarkeit.\n<\/div>\n<\/div>\n<\/div><div class=\"bde-div-320-129 bde-div\">\n  \n  \n\t\n\n\n\n<div class=\"bde-icon-320-130 bde-icon\">\n\n    \n            <div class=\"bde-icon-icon breakdance-icon-atom\" >\n    \n                    <svg xmlns=\"http:\/\/www.w3.org\/2000\/svg\" xmlns:xlink=\"http:\/\/www.w3.org\/1999\/xlink\" version=\"1.1\" width=\"512\" height=\"512\" x=\"0\" y=\"0\" viewbox=\"0 0 409.592 409.592\" style=\"enable-background:new 0 0 512 512\" xml:space=\"preserve\" class=\"\"><g><path d=\"m399.643 180.659-27.935-27.93c-6.63-6.63-12.063-19.732-12.063-29.128v-39.5c0-18.79-15.35-34.14-34.135-34.15h-39.516c-9.385 0-22.502-5.443-29.133-12.068l-27.93-27.93c-13.271-13.271-35-13.271-48.271 0l-27.93 27.95c-6.636 6.63-19.768 12.058-29.133 12.058h-39.5c-18.765 0-34.135 15.35-34.135 34.14v39.501c0 9.359-5.432 22.502-12.063 29.128L9.964 180.66c-13.281 13.271-13.281 35 0 48.292l27.935 27.93c6.635 6.63 12.063 19.768 12.063 29.128v39.501c0 18.77 15.37 34.14 34.135 34.14h39.501c9.385 0 22.502 5.432 29.133 12.058l27.93 27.94c13.271 13.261 35 13.261 48.271 0l27.93-27.94c6.636-6.63 19.748-12.058 29.133-12.058h39.516c18.785 0 34.135-15.37 34.135-34.14V286.01c0-9.4 5.437-22.502 12.063-29.128l27.935-27.93c13.26-13.292 13.26-35.022-.001-48.293zM177.701 281.6l-75.31-75.32 24.136-24.131 51.18 51.18L283.061 128l24.13 24.131L177.701 281.6z\" fill=\"#fdb813\" opacity=\"1\" data-original=\"#000000\" class=\"\"\/><\/g><\/svg>\n        \n        \n        \n            <\/div>\n    \n\n\n<\/div><div class=\"bde-div-320-131 bde-div\">\n  \n  \n\t\n\n\n\n<h3 class=\"bde-heading-320-132 bde-heading\">\nHohe Genauigkeit\n<\/h3><div class=\"bde-text-320-133 bde-text\">\nUnsere KI-Klassifizierung erkennt Personen, Fahrzeuge und Bewegungen mit einer Genauigkeit von bis zu 98%. Unberechtigte Benachrichtigungen werden ausgeschlossen, sodass nur echte Bedrohungen durchgelassen werden.\n<\/div>\n<\/div>\n<\/div><div class=\"bde-div-320-134 bde-div\">\n  \n  \n\t\n\n\n\n<div class=\"bde-icon-320-135 bde-icon\">\n\n    \n            <div class=\"bde-icon-icon breakdance-icon-atom\" >\n    \n                    <svg xmlns=\"http:\/\/www.w3.org\/2000\/svg\" xmlns:xlink=\"http:\/\/www.w3.org\/1999\/xlink\" version=\"1.1\" width=\"512\" height=\"512\" x=\"0\" y=\"0\" viewbox=\"0 0 409.592 409.592\" style=\"enable-background:new 0 0 512 512\" xml:space=\"preserve\" class=\"\"><g><path d=\"m399.643 180.659-27.935-27.93c-6.63-6.63-12.063-19.732-12.063-29.128v-39.5c0-18.79-15.35-34.14-34.135-34.15h-39.516c-9.385 0-22.502-5.443-29.133-12.068l-27.93-27.93c-13.271-13.271-35-13.271-48.271 0l-27.93 27.95c-6.636 6.63-19.768 12.058-29.133 12.058h-39.5c-18.765 0-34.135 15.35-34.135 34.14v39.501c0 9.359-5.432 22.502-12.063 29.128L9.964 180.66c-13.281 13.271-13.281 35 0 48.292l27.935 27.93c6.635 6.63 12.063 19.768 12.063 29.128v39.501c0 18.77 15.37 34.14 34.135 34.14h39.501c9.385 0 22.502 5.432 29.133 12.058l27.93 27.94c13.271 13.261 35 13.261 48.271 0l27.93-27.94c6.636-6.63 19.748-12.058 29.133-12.058h39.516c18.785 0 34.135-15.37 34.135-34.14V286.01c0-9.4 5.437-22.502 12.063-29.128l27.935-27.93c13.26-13.292 13.26-35.022-.001-48.293zM177.701 281.6l-75.31-75.32 24.136-24.131 51.18 51.18L283.061 128l24.13 24.131L177.701 281.6z\" fill=\"#fdb813\" opacity=\"1\" data-original=\"#000000\" class=\"\"\/><\/g><\/svg>\n        \n        \n        \n            <\/div>\n    \n\n\n<\/div><div class=\"bde-div-320-136 bde-div\">\n  \n  \n\t\n\n\n\n<h3 class=\"bde-heading-320-137 bde-heading\">\nNiedrigere Betriebskosten\n<\/h3><div class=\"bde-text-320-138 bde-text\">\nUnsere KI-Technologie erm\u00f6glicht erhebliche Zeit- und Kosteneinsparungen. Weniger Fehlalarme bedeuten geringere Kosten pro Alarm und einen effektiveren Einsatz des Sicherheitspersonals.\n<\/div>\n<\/div>\n<\/div>\n<\/div><\/div><\/div>\n<\/section><section class=\"bde-section-320-149 bde-section\">\n              \n  \n  \n\t\n\n  <div class=\"section-background-overlay\"><\/div>\n\n\n<div class=\"section-container\"><div class=\"bde-columns-320-150 bde-columns\"><div class=\"bde-column-320-151 bde-column\">\n  \n  \n\t\n\n\n\n<div class=\"bde-rich-text-320-152 bde-rich-text breakdance-rich-text-styles\">\n<h2>Was Kunden sagen<\/h2>\n<\/div><div class=\"bde-shortcode-320-180 bde-shortcode\"><script defer async src='https:\/\/cdn.trustindex.io\/loader.js?d1e683a4712290818b66c7922f6'><\/script><\/div>\n<\/div><\/div><\/div>\n<\/section><section class=\"bde-section-320-154 bde-section\">\n  \n  \n\t\n\n\n\n<div class=\"section-container\"><div class=\"bde-columns-320-155 bde-columns\"><div class=\"bde-column-320-156 bde-column\">\n  \n  \n\t\n\n\n\n<div class=\"bde-rich-text-320-157 bde-rich-text breakdance-rich-text-styles\">\n<h2>H\u00e4ufig gestellte Fragen<\/h2>\n<p data-start=\"222\" data-end=\"357\"><span style=\"font-weight: 400;\">Wir beantworten einige h\u00e4ufig gestellte Fragen zur KI-Technologie, damit Sie genau wissen, was Sie von Soldefence erwarten k\u00f6nnen.<\/span><\/p>\n<\/div><div class=\"bde-frequently-asked-questions-320-179 bde-frequently-asked-questions\">\n      <div class=\"bde-faq__item\">\n      <h3 class=\"bde-faq__title-tag\">\n       <button id=\"bde-faq-179-button-1\" aria-expanded=\"false\" aria-controls=\"bde-faq-179-1\" class=\"bde-faq__question js-faq-item\">\n          <span class=\"bde-faq__title\">Wie funktioniert die KI-Technologie von Soldefence?<br><\/span>\n                           <div aria-hidden=\"true\" class=\"bde-faq__icon bde-faq__icon--inactive\">\n                                <svg xmlns=\"http:\/\/www.w3.org\/2000\/svg\" viewbox=\"0 0 448 512\"><!--! Font Awesome Free 6.5.1 by @fontawesome - https:\/\/fontawesome.com License - https:\/\/fontawesome.com\/license\/free (Icons: CC BY 4.0, Fonts: SIL OFL 1.1, Code: MIT License) Copyright 2023 Fonticons, Inc. --><path d=\"M201.4 342.6c12.5 12.5 32.8 12.5 45.3 0l160-160c12.5-12.5 12.5-32.8 0-45.3s-32.8-12.5-45.3 0L224 274.7 86.6 137.4c-12.5-12.5-32.8-12.5-45.3 0s-12.5 32.8 0 45.3l160 160z\"\/><\/svg>\n                            <\/div>\n         \t  <div aria-hidden=\"true\" class=\"bde-faq__icon bde-faq__icon--active\">\n                                <svg xmlns=\"http:\/\/www.w3.org\/2000\/svg\" viewbox=\"0 0 448 512\"><!-- Font Awesome Free 5.15.1 by @fontawesome - https:\/\/fontawesome.com License - https:\/\/fontawesome.com\/license\/free (Icons: CC BY 4.0, Fonts: SIL OFL 1.1, Code: MIT License) --><path d=\"M416 208H32c-17.67 0-32 14.33-32 32v32c0 17.67 14.33 32 32 32h384c17.67 0 32-14.33 32-32v-32c0-17.67-14.33-32-32-32z\"\/><\/svg>\n                            <\/div>\n                  <\/button>\n      <\/h3>\n      <div role=\"region\" aria-labelledby=\"bde-faq-179-button-1\" id=\"bde-faq-179-1\" class=\"bde-faq__answer\">\n        <div class=\"bde-faq__answer-content\">\n            <div class=\"breakdance-rich-text-styles\"><hr \/>\n<p>Wir kombinieren Thermografiekameras mit einem leistungsstarken KI-Server. Sobald eine Bedrohung erkannt wird, analysiert der KI-Server, ob es sich um eine echte Bedrohung, wie eine Person, oder um eine harmlose Aktivit\u00e4t, wie einen sich bewegenden Ast, handelt. Nur im Falle einer echten Bedrohung leitet das System eine Benachrichtigung an den Kontrollraum weiter.<\/p><\/div>\n\n                    <\/div>\n      <\/div>\n    <\/div>\n      <div class=\"bde-faq__item\">\n      <h3 class=\"bde-faq__title-tag\">\n       <button id=\"bde-faq-179-button-2\" aria-expanded=\"false\" aria-controls=\"bde-faq-179-2\" class=\"bde-faq__question js-faq-item\">\n          <span class=\"bde-faq__title\">Was unterscheidet unseren KI-Server von anderen Systemen?<\/span>\n                           <div aria-hidden=\"true\" class=\"bde-faq__icon bde-faq__icon--inactive\">\n                                <svg xmlns=\"http:\/\/www.w3.org\/2000\/svg\" viewbox=\"0 0 448 512\"><!--! Font Awesome Free 6.5.1 by @fontawesome - https:\/\/fontawesome.com License - https:\/\/fontawesome.com\/license\/free (Icons: CC BY 4.0, Fonts: SIL OFL 1.1, Code: MIT License) Copyright 2023 Fonticons, Inc. --><path d=\"M201.4 342.6c12.5 12.5 32.8 12.5 45.3 0l160-160c12.5-12.5 12.5-32.8 0-45.3s-32.8-12.5-45.3 0L224 274.7 86.6 137.4c-12.5-12.5-32.8-12.5-45.3 0s-12.5 32.8 0 45.3l160 160z\"\/><\/svg>\n                            <\/div>\n         \t  <div aria-hidden=\"true\" class=\"bde-faq__icon bde-faq__icon--active\">\n                                <svg xmlns=\"http:\/\/www.w3.org\/2000\/svg\" viewbox=\"0 0 448 512\"><!-- Font Awesome Free 5.15.1 by @fontawesome - https:\/\/fontawesome.com License - https:\/\/fontawesome.com\/license\/free (Icons: CC BY 4.0, Fonts: SIL OFL 1.1, Code: MIT License) --><path d=\"M416 208H32c-17.67 0-32 14.33-32 32v32c0 17.67 14.33 32 32 32h384c17.67 0 32-14.33 32-32v-32c0-17.67-14.33-32-32-32z\"\/><\/svg>\n                            <\/div>\n                  <\/button>\n      <\/h3>\n      <div role=\"region\" aria-labelledby=\"bde-faq-179-button-2\" id=\"bde-faq-179-2\" class=\"bde-faq__answer\">\n        <div class=\"bde-faq__answer-content\">\n            <div class=\"breakdance-rich-text-styles\"><hr \/>\n<p>Die St\u00e4rke unserer KI-Technologie liegt in ihrer au\u00dfergew\u00f6hnlichen Genauigkeit und beeindruckenden Rechenleistung. Im Gegensatz zu vielen anderen Systemen werden unsere Server nicht \u00fcberlastet. So bleibt die Verarbeitung schnell und zuverl\u00e4ssig.<\/p><\/div>\n\n                    <\/div>\n      <\/div>\n    <\/div>\n      <div class=\"bde-faq__item\">\n      <h3 class=\"bde-faq__title-tag\">\n       <button id=\"bde-faq-179-button-3\" aria-expanded=\"false\" aria-controls=\"bde-faq-179-3\" class=\"bde-faq__question js-faq-item\">\n          <span class=\"bde-faq__title\">Wie verhindert das System Fehlalarme durch Tiere?<\/span>\n                           <div aria-hidden=\"true\" class=\"bde-faq__icon bde-faq__icon--inactive\">\n                                <svg xmlns=\"http:\/\/www.w3.org\/2000\/svg\" viewbox=\"0 0 448 512\"><!--! Font Awesome Free 6.5.1 by @fontawesome - https:\/\/fontawesome.com License - https:\/\/fontawesome.com\/license\/free (Icons: CC BY 4.0, Fonts: SIL OFL 1.1, Code: MIT License) Copyright 2023 Fonticons, Inc. --><path d=\"M201.4 342.6c12.5 12.5 32.8 12.5 45.3 0l160-160c12.5-12.5 12.5-32.8 0-45.3s-32.8-12.5-45.3 0L224 274.7 86.6 137.4c-12.5-12.5-32.8-12.5-45.3 0s-12.5 32.8 0 45.3l160 160z\"\/><\/svg>\n                            <\/div>\n         \t  <div aria-hidden=\"true\" class=\"bde-faq__icon bde-faq__icon--active\">\n                                <svg xmlns=\"http:\/\/www.w3.org\/2000\/svg\" viewbox=\"0 0 448 512\"><!-- Font Awesome Free 5.15.1 by @fontawesome - https:\/\/fontawesome.com License - https:\/\/fontawesome.com\/license\/free (Icons: CC BY 4.0, Fonts: SIL OFL 1.1, Code: MIT License) --><path d=\"M416 208H32c-17.67 0-32 14.33-32 32v32c0 17.67 14.33 32 32 32h384c17.67 0 32-14.33 32-32v-32c0-17.67-14.33-32-32-32z\"\/><\/svg>\n                            <\/div>\n                  <\/button>\n      <\/h3>\n      <div role=\"region\" aria-labelledby=\"bde-faq-179-button-3\" id=\"bde-faq-179-3\" class=\"bde-faq__answer\">\n        <div class=\"bde-faq__answer-content\">\n            <div class=\"breakdance-rich-text-styles\"><hr \/><p>\nViele Systeme schlagen Alarm, sobald eine Bewegung erkannt wird, auch wenn es sich um ein Tier handelt. Unsere KI erkennt den Unterschied zwischen einer echten Bedrohung und unschuldigen Bewegungen. Schafe, V\u00f6gel oder Rehe l\u00f6sen keine unn\u00f6tigen Alarme mehr aus.<\/p><\/div>\n\n                    <\/div>\n      <\/div>\n    <\/div>\n      <div class=\"bde-faq__item\">\n      <h3 class=\"bde-faq__title-tag\">\n       <button id=\"bde-faq-179-button-4\" aria-expanded=\"false\" aria-controls=\"bde-faq-179-4\" class=\"bde-faq__question js-faq-item\">\n          <span class=\"bde-faq__title\">Wirkt sich hohes Gras auf das System aus?<\/span>\n                           <div aria-hidden=\"true\" class=\"bde-faq__icon bde-faq__icon--inactive\">\n                                <svg xmlns=\"http:\/\/www.w3.org\/2000\/svg\" viewbox=\"0 0 448 512\"><!--! Font Awesome Free 6.5.1 by @fontawesome - https:\/\/fontawesome.com License - https:\/\/fontawesome.com\/license\/free (Icons: CC BY 4.0, Fonts: SIL OFL 1.1, Code: MIT License) Copyright 2023 Fonticons, Inc. --><path d=\"M201.4 342.6c12.5 12.5 32.8 12.5 45.3 0l160-160c12.5-12.5 12.5-32.8 0-45.3s-32.8-12.5-45.3 0L224 274.7 86.6 137.4c-12.5-12.5-32.8-12.5-45.3 0s-12.5 32.8 0 45.3l160 160z\"\/><\/svg>\n                            <\/div>\n         \t  <div aria-hidden=\"true\" class=\"bde-faq__icon bde-faq__icon--active\">\n                                <svg xmlns=\"http:\/\/www.w3.org\/2000\/svg\" viewbox=\"0 0 448 512\"><!-- Font Awesome Free 5.15.1 by @fontawesome - https:\/\/fontawesome.com License - https:\/\/fontawesome.com\/license\/free (Icons: CC BY 4.0, Fonts: SIL OFL 1.1, Code: MIT License) --><path d=\"M416 208H32c-17.67 0-32 14.33-32 32v32c0 17.67 14.33 32 32 32h384c17.67 0 32-14.33 32-32v-32c0-17.67-14.33-32-32-32z\"\/><\/svg>\n                            <\/div>\n                  <\/button>\n      <\/h3>\n      <div role=\"region\" aria-labelledby=\"bde-faq-179-button-4\" id=\"bde-faq-179-4\" class=\"bde-faq__answer\">\n        <div class=\"bde-faq__answer-content\">\n            <div class=\"breakdance-rich-text-styles\"><hr><p>Nein, um die H\u00f6he des Grases brauchen Sie sich keine Sorgen zu machen. Im Gegensatz zu anderen Systemen funktioniert unsere Erkennung auch dann einwandfrei, wenn das Gras h\u00f6her als 20 Zentimeter ist.<\/p><\/div>\n\n                    <\/div>\n      <\/div>\n    <\/div>\n      <div class=\"bde-faq__item\">\n      <h3 class=\"bde-faq__title-tag\">\n       <button id=\"bde-faq-179-button-5\" aria-expanded=\"false\" aria-controls=\"bde-faq-179-5\" class=\"bde-faq__question js-faq-item\">\n          <span class=\"bde-faq__title\">Warum es wichtig ist, Fehlwarnungen zu vermeiden<\/span>\n                           <div aria-hidden=\"true\" class=\"bde-faq__icon bde-faq__icon--inactive\">\n                                <svg xmlns=\"http:\/\/www.w3.org\/2000\/svg\" viewbox=\"0 0 448 512\"><!--! Font Awesome Free 6.5.1 by @fontawesome - https:\/\/fontawesome.com License - https:\/\/fontawesome.com\/license\/free (Icons: CC BY 4.0, Fonts: SIL OFL 1.1, Code: MIT License) Copyright 2023 Fonticons, Inc. --><path d=\"M201.4 342.6c12.5 12.5 32.8 12.5 45.3 0l160-160c12.5-12.5 12.5-32.8 0-45.3s-32.8-12.5-45.3 0L224 274.7 86.6 137.4c-12.5-12.5-32.8-12.5-45.3 0s-12.5 32.8 0 45.3l160 160z\"\/><\/svg>\n                            <\/div>\n         \t  <div aria-hidden=\"true\" class=\"bde-faq__icon bde-faq__icon--active\">\n                                <svg xmlns=\"http:\/\/www.w3.org\/2000\/svg\" viewbox=\"0 0 448 512\"><!-- Font Awesome Free 5.15.1 by @fontawesome - https:\/\/fontawesome.com License - https:\/\/fontawesome.com\/license\/free (Icons: CC BY 4.0, Fonts: SIL OFL 1.1, Code: MIT License) --><path d=\"M416 208H32c-17.67 0-32 14.33-32 32v32c0 17.67 14.33 32 32 32h384c17.67 0 32-14.33 32-32v-32c0-17.67-14.33-32-32-32z\"\/><\/svg>\n                            <\/div>\n                  <\/button>\n      <\/h3>\n      <div role=\"region\" aria-labelledby=\"bde-faq-179-button-5\" id=\"bde-faq-179-5\" class=\"bde-faq__answer\">\n        <div class=\"bde-faq__answer-content\">\n            <div class=\"breakdance-rich-text-styles\"><hr><p>Jeder Fehlalarm kostet Zeit und Geld. Leitstellen m\u00fcssen Bilder \u00fcberpr\u00fcfen, Wachpersonal wird manchmal unn\u00f6tigerweise eingesetzt, und Sie zahlen oft einen Festpreis pro Meldung. Indem Sie die Zahl der Fehlalarme reduzieren, senken Sie die Betriebskosten.<\/p><\/div>\n\n                    <\/div>\n      <\/div>\n    <\/div>\n  \n<\/div>\n<\/div><\/div><\/div>\n<\/section><section class=\"bde-section-320-175 bde-section\">\n              \n  \n  \n\t\n\n  <div class=\"section-background-overlay\"><\/div>\n\n\n<div class=\"section-container\"><h2 class=\"bde-heading-320-176 bde-heading\">\nSichern Sie Ihre wertvollen Verm\u00f6genswerte\n<\/h2><div class=\"bde-text-320-177 bde-text\">\nGemeinsam sch\u00fctzen wir Ihre Anlagen vor Diebstahl und Ausfallzeiten.\n<\/div><div class=\"bde-button-320-178 bde-button\">\n    \n                        \n                        \n    \n    \n    \n    \n            \n                    \n            \n            \n\n    \n    \n    \n    \n    \n    <a class=\"breakdance-link button-atom button-atom--primary bde-button__button\" href=\"\/de\/angebot\/\" target=\"_self\" data-type=\"url\"  >\n\n    \n        <span class=\"button-atom__text\">Angebot anfordern<\/span>\n\n        \n        \n                <\/a>\n\n    \n\n\n<\/div><\/div>\n<\/section>","protected":false},"excerpt":{"rendered":"<p>Home AI-technologie Soldefence is de eerste partij ter wereld die met AI personen, voertuigen en bewegingen herkent met een nauwkeurigheid\u00a0tot\u00a098%. Beveiliging met slimme AI-technologie Traditionele detectie is niet meer genoeg. Soldefence maakt gebruik van zelfontwikkelde AI-technologie die beveiliging naar een ongekend niveau tilt. Waar standaard systemen stoppen bij beweging of temperatuurverandering, gaat ons systeem verder: [&hellip;]<\/p>\n","protected":false},"author":1,"featured_media":0,"parent":131,"menu_order":0,"comment_status":"closed","ping_status":"closed","template":"","meta":{"inline_featured_image":false,"_breakdance_hide_in_design_set":false,"_breakdance_tags":"","footnotes":""},"class_list":["post-320","page","type-page","status-publish","hentry"],"_links":{"self":[{"href":"https:\/\/soldefence.com\/de\/wp-json\/wp\/v2\/pages\/320","targetHints":{"allow":["GET"]}}],"collection":[{"href":"https:\/\/soldefence.com\/de\/wp-json\/wp\/v2\/pages"}],"about":[{"href":"https:\/\/soldefence.com\/de\/wp-json\/wp\/v2\/types\/page"}],"author":[{"embeddable":true,"href":"https:\/\/soldefence.com\/de\/wp-json\/wp\/v2\/users\/1"}],"replies":[{"embeddable":true,"href":"https:\/\/soldefence.com\/de\/wp-json\/wp\/v2\/comments?post=320"}],"version-history":[{"count":39,"href":"https:\/\/soldefence.com\/de\/wp-json\/wp\/v2\/pages\/320\/revisions"}],"predecessor-version":[{"id":1221,"href":"https:\/\/soldefence.com\/de\/wp-json\/wp\/v2\/pages\/320\/revisions\/1221"}],"up":[{"embeddable":true,"href":"https:\/\/soldefence.com\/de\/wp-json\/wp\/v2\/pages\/131"}],"wp:attachment":[{"href":"https:\/\/soldefence.com\/de\/wp-json\/wp\/v2\/media?parent=320"}],"curies":[{"name":"wp","href":"https:\/\/api.w.org\/{rel}","templated":true}]}}