{"id":502,"date":"2025-06-06T11:07:49","date_gmt":"2025-06-06T11:07:49","guid":{"rendered":"https:\/\/soldefence.com\/?page_id=502"},"modified":"2026-01-21T15:01:26","modified_gmt":"2026-01-21T13:01:26","slug":"windkraftanlagen","status":"publish","type":"page","link":"https:\/\/soldefence.com\/de\/assetbeveiliging\/windparken\/","title":{"rendered":"Windparks"},"content":{"rendered":"<section class=\"bde-section-502-100 bde-section\">\n              \n  \n  \n\t\n\n  <div class=\"section-background-overlay\"><\/div>\n\n\n<div class=\"section-container\"><div class=\"bde-columns-502-101 bde-columns\"><div class=\"bde-column-502-102 bde-column\">\n  \n  \n\t\n\n\n\n<div class=\"bde-breadcrumbs-502-103 bde-breadcrumbs\"><nav aria-label=\"Semmelbr\u00f6sel\" class=\"rank-math-breadcrumb\"><p><span class=\"last\">Startseite<\/span><\/p><\/nav><\/div><h1 class=\"bde-heading-502-104 bde-heading\">\nWindparks\n<\/h1><div class=\"bde-text-502-107 bde-text\">\nErweiterte Sicherheit f\u00fcr Windparks in ganz Europa.\n<\/div>\n<\/div><div class=\"bde-column-502-105 bde-column\">\n  \n  \n\t\n\n\n\n\n<\/div><\/div><\/div>\n<\/section><section class=\"bde-section-502-108 bde-section\">\n  \n  \n\t\n\n\n\n<div class=\"section-container\"><div class=\"bde-rich-text-502-109 bde-rich-text breakdance-rich-text-styles\">\n<h2>Moderne Sicherheit f\u00fcr Windparks mit Soldefence<\/h2>\n<p>Die Energiewende ist in vollem Gange. Solar- und Windparks spielen dabei eine wichtige Rolle. Ihre Gr\u00f6\u00dfe, ihre abgelegene Lage und ihre wertvollen Kupferkabel machen sie jedoch anf\u00e4llig f\u00fcr Diebstahl, Vandalismus und Sabotage. <strong>Sicherheit f\u00fcr Windparks<\/strong> ist daher nicht l\u00e4nger ein nachtr\u00e4glicher Gedanke, sondern eine strategische Notwendigkeit.<\/p>\n<p>Soldefence bietet ein Video\u00fcberwachungssystem mit au\u00dfergew\u00f6hnlich hoher Genauigkeit, um Betriebsausf\u00e4lle zu vermeiden und Kriminellen einen Schritt voraus zu sein.<\/p>\n<\/div><div class=\"bde-button-502-181 bde-button\">\n    \n                                    \n    \n    \n    \n    \n            \n                    \n            \n            \n\n    \n    \n    \n    \n    \n    <a class=\"breakdance-link button-atom button-atom--primary bde-button__button\" href=\"\/de\/kontakt\/\" target=\"_self\" data-type=\"url\"  >\n\n    \n        <span class=\"button-atom__text\">Kontakt aufnehmen<\/span>\n\n        \n        \n                <\/a>\n\n    \n\n\n<\/div><\/div>\n<\/section><section class=\"bde-section-502-110 bde-section\">\n  \n  \n\t\n\n\n\n<div class=\"section-container\"><div class=\"bde-columns-502-111 bde-columns\"><div class=\"bde-column-502-112 bde-column\">\n  \n  \n\t\n\n\n\n<div class=\"bde-rich-text-502-113 bde-rich-text breakdance-rich-text-styles\">\n<h2>Kamera\u00fcberwachung in Windparks<\/h2>\n<p>Jeder, der in diesem Sektor t\u00e4tig ist, wei\u00df, dass Windkraftanlagen anf\u00e4llig sind. Diebe haben es zunehmend auf die wertvollen Kupferrohre abgesehen, und dar\u00fcber hinaus beobachten wir vors\u00e4tzliche Sabotageakte von Personen mit b\u00f6swilligen Absichten.<\/p>\n<p>F\u00e4llt eine Windkraftanlage aus, f\u00fchrt dies bereits zu einem unmittelbaren Produktionsausfall. Wenn jedoch die Energieproduktion eines ganzen Windparks unterbrochen wird, ist das ein gro\u00dfer Verlust, <strong>die Kosten belaufen sich auf mehrere zehntausend bis hunderttausend Euro<\/strong>.\u00a0<\/p>\n<p>Mit der rasanten Zunahme der Zahl der Windparks w\u00e4chst auch der Bedarf an hochwertigen, proaktiven Sicherheitsma\u00dfnahmen. Wir garantieren zertifizierte Sicherheit mit blitzschneller Erkennung und Nachverfolgung. Die Meldungen gehen bei einer Meldestelle ein, die rund um die Uhr mit unseren Systemen verbunden ist und so eine zuverl\u00e4ssige Sicherheit f\u00fcr Windparks gew\u00e4hrleistet.<\/p>\n<\/div>\n<\/div><div class=\"bde-column-502-114 bde-column\">\n  \n  \n\t\n\n\n\n<div class=\"bde-div-502-115 bde-div\">\n  \n  \n\t\n\n\n\n<img decoding=\"async\" class=\"bde-image2-502-116 bde-image2\" src=\"https:\/\/soldefence.com\/wp-content\/uploads\/2025\/06\/Soldefence-Windparken-1-scaled.jpg\" alt=\"Sicherung des Windparks\" loading=\"lazy\" srcset=\"https:\/\/soldefence.com\/wp-content\/uploads\/2025\/06\/Soldefence-Windparken-1-scaled.jpg 2560w, https:\/\/soldefence.com\/wp-content\/uploads\/2025\/06\/Soldefence-Windparken-1-300x200.jpg 300w, https:\/\/soldefence.com\/wp-content\/uploads\/2025\/06\/Soldefence-Windparken-1-1024x683.jpg 1024w, https:\/\/soldefence.com\/wp-content\/uploads\/2025\/06\/Soldefence-Windparken-1-768x512.jpg 768w, https:\/\/soldefence.com\/wp-content\/uploads\/2025\/06\/Soldefence-Windparken-1-1536x1024.jpg 1536w, https:\/\/soldefence.com\/wp-content\/uploads\/2025\/06\/Soldefence-Windparken-1-2048x1365.jpg 2048w\" sizes=\"(max-width: 2560px) 100vw, 2560px\"><img decoding=\"async\" class=\"bde-image2-502-117 bde-image2\" src=\"https:\/\/soldefence.com\/wp-content\/uploads\/2025\/06\/Windmolenpark-beveiligen.jpg\" alt=\"Sicherung des Windparks\" loading=\"lazy\" srcset=\"https:\/\/soldefence.com\/wp-content\/uploads\/2025\/06\/Windmolenpark-beveiligen.jpg 1000w, https:\/\/soldefence.com\/wp-content\/uploads\/2025\/06\/Windmolenpark-beveiligen-300x200.jpg 300w, https:\/\/soldefence.com\/wp-content\/uploads\/2025\/06\/Windmolenpark-beveiligen-768x512.jpg 768w, https:\/\/soldefence.com\/wp-content\/uploads\/2025\/06\/Windmolenpark-beveiligen-18x12.jpg 18w\" sizes=\"(max-width: 1000px) 100vw, 1000px\">\n<\/div>\n<\/div><\/div><\/div>\n<\/section><section class=\"bde-section-502-118 bde-section\">\n  \n  \n\t\n\n\n\n<div class=\"section-container\"><div class=\"bde-columns-502-119 bde-columns\"><div class=\"bde-column-502-120 bde-column\">\n  \n  \n\t\n\n\n\n<div class=\"bde-rich-text-502-121 bde-rich-text breakdance-rich-text-styles\">\n<h2>Warum ein Windpark durch Soldefence sichern?<\/h2>\n<p><span style=\"font-weight: 400;\">Mit Soldefence entscheiden Sie sich f\u00fcr Seelenfrieden, Kontinuit\u00e4t und maximale Effizienz Ihres wertvollen Windparks. <\/span><\/p>\n<\/div><img decoding=\"async\" class=\"bde-image2-502-122 bde-image2\" src=\"https:\/\/soldefence.com\/wp-content\/uploads\/2025\/06\/Zonnedaken-1-scaled.jpg\" alt=\"Sicherheit von Windparks\" loading=\"lazy\" srcset=\"https:\/\/soldefence.com\/wp-content\/uploads\/2025\/06\/Zonnedaken-1-scaled.jpg 2560w, https:\/\/soldefence.com\/wp-content\/uploads\/2025\/06\/Zonnedaken-1-300x200.jpg 300w, https:\/\/soldefence.com\/wp-content\/uploads\/2025\/06\/Zonnedaken-1-1024x683.jpg 1024w, https:\/\/soldefence.com\/wp-content\/uploads\/2025\/06\/Zonnedaken-1-768x512.jpg 768w, https:\/\/soldefence.com\/wp-content\/uploads\/2025\/06\/Zonnedaken-1-1536x1024.jpg 1536w, https:\/\/soldefence.com\/wp-content\/uploads\/2025\/06\/Zonnedaken-1-2048x1365.jpg 2048w\" sizes=\"(max-width: 2560px) 100vw, 2560px\">\n<\/div><div class=\"bde-column-502-123 bde-column\">\n  \n  \n\t\n\n\n\n<div class=\"bde-div-502-124 bde-div\">\n  \n  \n\t\n\n\n\n<div class=\"bde-icon-502-125 bde-icon\">\n\n    \n            <div class=\"bde-icon-icon breakdance-icon-atom\" >\n    \n                    <svg xmlns=\"http:\/\/www.w3.org\/2000\/svg\" xmlns:xlink=\"http:\/\/www.w3.org\/1999\/xlink\" version=\"1.1\" width=\"512\" height=\"512\" x=\"0\" y=\"0\" viewbox=\"0 0 409.592 409.592\" style=\"enable-background:new 0 0 512 512\" xml:space=\"preserve\" class=\"\"><g><path d=\"m399.643 180.659-27.935-27.93c-6.63-6.63-12.063-19.732-12.063-29.128v-39.5c0-18.79-15.35-34.14-34.135-34.15h-39.516c-9.385 0-22.502-5.443-29.133-12.068l-27.93-27.93c-13.271-13.271-35-13.271-48.271 0l-27.93 27.95c-6.636 6.63-19.768 12.058-29.133 12.058h-39.5c-18.765 0-34.135 15.35-34.135 34.14v39.501c0 9.359-5.432 22.502-12.063 29.128L9.964 180.66c-13.281 13.271-13.281 35 0 48.292l27.935 27.93c6.635 6.63 12.063 19.768 12.063 29.128v39.501c0 18.77 15.37 34.14 34.135 34.14h39.501c9.385 0 22.502 5.432 29.133 12.058l27.93 27.94c13.271 13.261 35 13.261 48.271 0l27.93-27.94c6.636-6.63 19.748-12.058 29.133-12.058h39.516c18.785 0 34.135-15.37 34.135-34.14V286.01c0-9.4 5.437-22.502 12.063-29.128l27.935-27.93c13.26-13.292 13.26-35.022-.001-48.293zM177.701 281.6l-75.31-75.32 24.136-24.131 51.18 51.18L283.061 128l24.13 24.131L177.701 281.6z\" fill=\"#fdb813\" opacity=\"1\" data-original=\"#000000\" class=\"\"\/><\/g><\/svg>\n        \n        \n        \n            <\/div>\n    \n\n\n<\/div><div class=\"bde-div-502-126 bde-div\">\n  \n  \n\t\n\n\n\n<h3 class=\"bde-heading-502-127 bde-heading\">\nH\u00f6chste Sicherheit\n<\/h3><div class=\"bde-text-502-128 bde-text\">\nSoldefence verhindert Betriebsunterbrechungen, indem es Risiken fr\u00fchzeitig erkennt und sofortige Ma\u00dfnahmen ergreift. So bleibt Ihr Windpark betriebsbereit, sicher und rentabel.\n<\/div>\n<\/div>\n<\/div><div class=\"bde-div-502-129 bde-div\">\n  \n  \n\t\n\n\n\n<div class=\"bde-icon-502-130 bde-icon\">\n\n    \n            <div class=\"bde-icon-icon breakdance-icon-atom\" >\n    \n                    <svg xmlns=\"http:\/\/www.w3.org\/2000\/svg\" xmlns:xlink=\"http:\/\/www.w3.org\/1999\/xlink\" version=\"1.1\" width=\"512\" height=\"512\" x=\"0\" y=\"0\" viewbox=\"0 0 409.592 409.592\" style=\"enable-background:new 0 0 512 512\" xml:space=\"preserve\" class=\"\"><g><path d=\"m399.643 180.659-27.935-27.93c-6.63-6.63-12.063-19.732-12.063-29.128v-39.5c0-18.79-15.35-34.14-34.135-34.15h-39.516c-9.385 0-22.502-5.443-29.133-12.068l-27.93-27.93c-13.271-13.271-35-13.271-48.271 0l-27.93 27.95c-6.636 6.63-19.768 12.058-29.133 12.058h-39.5c-18.765 0-34.135 15.35-34.135 34.14v39.501c0 9.359-5.432 22.502-12.063 29.128L9.964 180.66c-13.281 13.271-13.281 35 0 48.292l27.935 27.93c6.635 6.63 12.063 19.768 12.063 29.128v39.501c0 18.77 15.37 34.14 34.135 34.14h39.501c9.385 0 22.502 5.432 29.133 12.058l27.93 27.94c13.271 13.261 35 13.261 48.271 0l27.93-27.94c6.636-6.63 19.748-12.058 29.133-12.058h39.516c18.785 0 34.135-15.37 34.135-34.14V286.01c0-9.4 5.437-22.502 12.063-29.128l27.935-27.93c13.26-13.292 13.26-35.022-.001-48.293zM177.701 281.6l-75.31-75.32 24.136-24.131 51.18 51.18L283.061 128l24.13 24.131L177.701 281.6z\" fill=\"#fdb813\" opacity=\"1\" data-original=\"#000000\" class=\"\"\/><\/g><\/svg>\n        \n        \n        \n            <\/div>\n    \n\n\n<\/div><div class=\"bde-div-502-131 bde-div\">\n  \n  \n\t\n\n\n\n<h3 class=\"bde-heading-502-132 bde-heading\">\nSchnelle Erkennung<br>\n<\/h3><div class=\"bde-text-502-133 bde-text\">\nUnsere Kameras und die intelligente Detektion sind speziell f\u00fcr Solar- und Windparks konzipiert. Die Kameras erfassen Bewegungen in bis zu 500 Metern Entfernung und senden innerhalb von Sekunden eine Benachrichtigung an den Kontrollraum\n<\/div>\n<\/div>\n<\/div><div class=\"bde-div-502-134 bde-div\">\n  \n  \n\t\n\n\n\n<div class=\"bde-icon-502-135 bde-icon\">\n\n    \n            <div class=\"bde-icon-icon breakdance-icon-atom\" >\n    \n                    <svg xmlns=\"http:\/\/www.w3.org\/2000\/svg\" xmlns:xlink=\"http:\/\/www.w3.org\/1999\/xlink\" version=\"1.1\" width=\"512\" height=\"512\" x=\"0\" y=\"0\" viewbox=\"0 0 409.592 409.592\" style=\"enable-background:new 0 0 512 512\" xml:space=\"preserve\" class=\"\"><g><path d=\"m399.643 180.659-27.935-27.93c-6.63-6.63-12.063-19.732-12.063-29.128v-39.5c0-18.79-15.35-34.14-34.135-34.15h-39.516c-9.385 0-22.502-5.443-29.133-12.068l-27.93-27.93c-13.271-13.271-35-13.271-48.271 0l-27.93 27.95c-6.636 6.63-19.768 12.058-29.133 12.058h-39.5c-18.765 0-34.135 15.35-34.135 34.14v39.501c0 9.359-5.432 22.502-12.063 29.128L9.964 180.66c-13.281 13.271-13.281 35 0 48.292l27.935 27.93c6.635 6.63 12.063 19.768 12.063 29.128v39.501c0 18.77 15.37 34.14 34.135 34.14h39.501c9.385 0 22.502 5.432 29.133 12.058l27.93 27.94c13.271 13.261 35 13.261 48.271 0l27.93-27.94c6.636-6.63 19.748-12.058 29.133-12.058h39.516c18.785 0 34.135-15.37 34.135-34.14V286.01c0-9.4 5.437-22.502 12.063-29.128l27.935-27.93c13.26-13.292 13.26-35.022-.001-48.293zM177.701 281.6l-75.31-75.32 24.136-24.131 51.18 51.18L283.061 128l24.13 24.131L177.701 281.6z\" fill=\"#fdb813\" opacity=\"1\" data-original=\"#000000\" class=\"\"\/><\/g><\/svg>\n        \n        \n        \n            <\/div>\n    \n\n\n<\/div><div class=\"bde-div-502-136 bde-div\">\n  \n  \n\t\n\n\n\n<h3 class=\"bde-heading-502-137 bde-heading\">\nZertifizierung\n<\/h3><div class=\"bde-text-502-138 bde-text\">\nUnsere Systeme erf\u00fcllen alle relevanten Normen und Anforderungen der Versicherer. Unsere einzigartige Zertifizierung belegt, dass Ihr System alle aktuellen Standards erf\u00fcllt und f\u00fcr die Zukunft ger\u00fcstet ist.\n<\/div>\n<\/div>\n<\/div>\n<\/div><\/div><\/div>\n<\/section><section class=\"bde-section-502-149 bde-section\">\n              \n  \n  \n\t\n\n  <div class=\"section-background-overlay\"><\/div>\n\n\n<div class=\"section-container\"><div class=\"bde-columns-502-150 bde-columns\"><div class=\"bde-column-502-151 bde-column\">\n  \n  \n\t\n\n\n\n<div class=\"bde-rich-text-502-152 bde-rich-text breakdance-rich-text-styles\">\n<h2>Was Kunden sagen<\/h2>\n<\/div><div class=\"bde-shortcode-502-180 bde-shortcode\"><script defer async src='https:\/\/cdn.trustindex.io\/loader.js?d1e683a4712290818b66c7922f6'><\/script><\/div>\n<\/div><\/div><\/div>\n<\/section><section class=\"bde-section-502-154 bde-section\">\n  \n  \n\t\n\n\n\n<div class=\"section-container\"><div class=\"bde-columns-502-155 bde-columns\"><div class=\"bde-column-502-156 bde-column\">\n  \n  \n\t\n\n\n\n<div class=\"bde-rich-text-502-157 bde-rich-text breakdance-rich-text-styles\">\n<h2>H\u00e4ufig gestellte Fragen<\/h2>\n<p data-start=\"222\" data-end=\"357\"><span style=\"font-weight: 400;\">Hier beantworten wir einige h\u00e4ufig gestellte Fragen zu <strong>Sicherheit f\u00fcr Windparks<\/strong>. Ist Ihre Frage nicht dabei? Dann nehmen Sie Kontakt auf.<\/span><\/p>\n<\/div><div class=\"bde-frequently-asked-questions-502-179 bde-frequently-asked-questions\">\n      <div class=\"bde-faq__item\">\n      <h3 class=\"bde-faq__title-tag\">\n       <button id=\"bde-faq-179-button-1\" aria-expanded=\"false\" aria-controls=\"bde-faq-179-1\" class=\"bde-faq__question js-faq-item\">\n          <span class=\"bde-faq__title\">Warum ist Sicherheit f\u00fcr Windparks wichtig?<br><\/span>\n                           <div aria-hidden=\"true\" class=\"bde-faq__icon bde-faq__icon--inactive\">\n                                <svg xmlns=\"http:\/\/www.w3.org\/2000\/svg\" viewbox=\"0 0 448 512\"><!--! Font Awesome Free 6.5.1 by @fontawesome - https:\/\/fontawesome.com License - https:\/\/fontawesome.com\/license\/free (Icons: CC BY 4.0, Fonts: SIL OFL 1.1, Code: MIT License) Copyright 2023 Fonticons, Inc. --><path d=\"M201.4 342.6c12.5 12.5 32.8 12.5 45.3 0l160-160c12.5-12.5 12.5-32.8 0-45.3s-32.8-12.5-45.3 0L224 274.7 86.6 137.4c-12.5-12.5-32.8-12.5-45.3 0s-12.5 32.8 0 45.3l160 160z\"\/><\/svg>\n                            <\/div>\n         \t  <div aria-hidden=\"true\" class=\"bde-faq__icon bde-faq__icon--active\">\n                                <svg xmlns=\"http:\/\/www.w3.org\/2000\/svg\" viewbox=\"0 0 448 512\"><!-- Font Awesome Free 5.15.1 by @fontawesome - https:\/\/fontawesome.com License - https:\/\/fontawesome.com\/license\/free (Icons: CC BY 4.0, Fonts: SIL OFL 1.1, Code: MIT License) --><path d=\"M416 208H32c-17.67 0-32 14.33-32 32v32c0 17.67 14.33 32 32 32h384c17.67 0 32-14.33 32-32v-32c0-17.67-14.33-32-32-32z\"\/><\/svg>\n                            <\/div>\n                  <\/button>\n      <\/h3>\n      <div role=\"region\" aria-labelledby=\"bde-faq-179-button-1\" id=\"bde-faq-179-1\" class=\"bde-faq__answer\">\n        <div class=\"bde-faq__answer-content\">\n            <div class=\"breakdance-rich-text-styles\"><hr \/>\n<p><span style=\"font-weight: 400;\">Ein Windpark tr\u00e4gt zur Energieversorgung von Tausenden von Haushalten bei. Windparks sind anf\u00e4llig f\u00fcr St\u00f6rungen, und diese Vorf\u00e4lle k\u00f6nnen zu Ausfallzeiten f\u00fchren. Vorbeugende Sicherheitsma\u00dfnahmen sorgen daf\u00fcr, dass der Park in Betrieb bleibt.<\/span><\/p><\/div>\n\n                    <\/div>\n      <\/div>\n    <\/div>\n      <div class=\"bde-faq__item\">\n      <h3 class=\"bde-faq__title-tag\">\n       <button id=\"bde-faq-179-button-2\" aria-expanded=\"false\" aria-controls=\"bde-faq-179-2\" class=\"bde-faq__question js-faq-item\">\n          <span class=\"bde-faq__title\">Was sind die Hauptrisiken bei Windparks?<br><\/span>\n                           <div aria-hidden=\"true\" class=\"bde-faq__icon bde-faq__icon--inactive\">\n                                <svg xmlns=\"http:\/\/www.w3.org\/2000\/svg\" viewbox=\"0 0 448 512\"><!--! Font Awesome Free 6.5.1 by @fontawesome - https:\/\/fontawesome.com License - https:\/\/fontawesome.com\/license\/free (Icons: CC BY 4.0, Fonts: SIL OFL 1.1, Code: MIT License) Copyright 2023 Fonticons, Inc. --><path d=\"M201.4 342.6c12.5 12.5 32.8 12.5 45.3 0l160-160c12.5-12.5 12.5-32.8 0-45.3s-32.8-12.5-45.3 0L224 274.7 86.6 137.4c-12.5-12.5-32.8-12.5-45.3 0s-12.5 32.8 0 45.3l160 160z\"\/><\/svg>\n                            <\/div>\n         \t  <div aria-hidden=\"true\" class=\"bde-faq__icon bde-faq__icon--active\">\n                                <svg xmlns=\"http:\/\/www.w3.org\/2000\/svg\" viewbox=\"0 0 448 512\"><!-- Font Awesome Free 5.15.1 by @fontawesome - https:\/\/fontawesome.com License - https:\/\/fontawesome.com\/license\/free (Icons: CC BY 4.0, Fonts: SIL OFL 1.1, Code: MIT License) --><path d=\"M416 208H32c-17.67 0-32 14.33-32 32v32c0 17.67 14.33 32 32 32h384c17.67 0 32-14.33 32-32v-32c0-17.67-14.33-32-32-32z\"\/><\/svg>\n                            <\/div>\n                  <\/button>\n      <\/h3>\n      <div role=\"region\" aria-labelledby=\"bde-faq-179-button-2\" id=\"bde-faq-179-2\" class=\"bde-faq__answer\">\n        <div class=\"bde-faq__answer-content\">\n            <div class=\"breakdance-rich-text-styles\"><p><span style=\"font-weight: 400;\">Es gibt mehrere Risiken, darunter Diebstahl von Kupferleitungen, Vandalismus und Sabotage. Diese Risiken k\u00f6nnen zum Ausfall von Windturbinen und damit zu erheblichen Sch\u00e4den f\u00fchren.<\/span><\/p><\/div>\n\n                    <\/div>\n      <\/div>\n    <\/div>\n      <div class=\"bde-faq__item\">\n      <h3 class=\"bde-faq__title-tag\">\n       <button id=\"bde-faq-179-button-3\" aria-expanded=\"false\" aria-controls=\"bde-faq-179-3\" class=\"bde-faq__question js-faq-item\">\n          <span class=\"bde-faq__title\">Sollte ich schon w\u00e4hrend der Bauzeit sichern?<br><\/span>\n                           <div aria-hidden=\"true\" class=\"bde-faq__icon bde-faq__icon--inactive\">\n                                <svg xmlns=\"http:\/\/www.w3.org\/2000\/svg\" viewbox=\"0 0 448 512\"><!--! Font Awesome Free 6.5.1 by @fontawesome - https:\/\/fontawesome.com License - https:\/\/fontawesome.com\/license\/free (Icons: CC BY 4.0, Fonts: SIL OFL 1.1, Code: MIT License) Copyright 2023 Fonticons, Inc. --><path d=\"M201.4 342.6c12.5 12.5 32.8 12.5 45.3 0l160-160c12.5-12.5 12.5-32.8 0-45.3s-32.8-12.5-45.3 0L224 274.7 86.6 137.4c-12.5-12.5-32.8-12.5-45.3 0s-12.5 32.8 0 45.3l160 160z\"\/><\/svg>\n                            <\/div>\n         \t  <div aria-hidden=\"true\" class=\"bde-faq__icon bde-faq__icon--active\">\n                                <svg xmlns=\"http:\/\/www.w3.org\/2000\/svg\" viewbox=\"0 0 448 512\"><!-- Font Awesome Free 5.15.1 by @fontawesome - https:\/\/fontawesome.com License - https:\/\/fontawesome.com\/license\/free (Icons: CC BY 4.0, Fonts: SIL OFL 1.1, Code: MIT License) --><path d=\"M416 208H32c-17.67 0-32 14.33-32 32v32c0 17.67 14.33 32 32 32h384c17.67 0 32-14.33 32-32v-32c0-17.67-14.33-32-32-32z\"\/><\/svg>\n                            <\/div>\n                  <\/button>\n      <\/h3>\n      <div role=\"region\" aria-labelledby=\"bde-faq-179-button-3\" id=\"bde-faq-179-3\" class=\"bde-faq__answer\">\n        <div class=\"bde-faq__answer-content\">\n            <div class=\"breakdance-rich-text-styles\"><hr \/>\n<p><span style=\"font-weight: 400;\">Beim Bau von Windparks ist die KIWA 3-Zertifizierung obligatorisch und eine Kamera\u00fcberwachung wird empfohlen.<\/span><\/p><\/div>\n\n                    <\/div>\n      <\/div>\n    <\/div>\n      <div class=\"bde-faq__item\">\n      <h3 class=\"bde-faq__title-tag\">\n       <button id=\"bde-faq-179-button-4\" aria-expanded=\"false\" aria-controls=\"bde-faq-179-4\" class=\"bde-faq__question js-faq-item\">\n          <span class=\"bde-faq__title\">Wo ist Soldefence t\u00e4tig? <\/span>\n                           <div aria-hidden=\"true\" class=\"bde-faq__icon bde-faq__icon--inactive\">\n                                <svg xmlns=\"http:\/\/www.w3.org\/2000\/svg\" viewbox=\"0 0 448 512\"><!--! Font Awesome Free 6.5.1 by @fontawesome - https:\/\/fontawesome.com License - https:\/\/fontawesome.com\/license\/free (Icons: CC BY 4.0, Fonts: SIL OFL 1.1, Code: MIT License) Copyright 2023 Fonticons, Inc. --><path d=\"M201.4 342.6c12.5 12.5 32.8 12.5 45.3 0l160-160c12.5-12.5 12.5-32.8 0-45.3s-32.8-12.5-45.3 0L224 274.7 86.6 137.4c-12.5-12.5-32.8-12.5-45.3 0s-12.5 32.8 0 45.3l160 160z\"\/><\/svg>\n                            <\/div>\n         \t  <div aria-hidden=\"true\" class=\"bde-faq__icon bde-faq__icon--active\">\n                                <svg xmlns=\"http:\/\/www.w3.org\/2000\/svg\" viewbox=\"0 0 448 512\"><!-- Font Awesome Free 5.15.1 by @fontawesome - https:\/\/fontawesome.com License - https:\/\/fontawesome.com\/license\/free (Icons: CC BY 4.0, Fonts: SIL OFL 1.1, Code: MIT License) --><path d=\"M416 208H32c-17.67 0-32 14.33-32 32v32c0 17.67 14.33 32 32 32h384c17.67 0 32-14.33 32-32v-32c0-17.67-14.33-32-32-32z\"\/><\/svg>\n                            <\/div>\n                  <\/button>\n      <\/h3>\n      <div role=\"region\" aria-labelledby=\"bde-faq-179-button-4\" id=\"bde-faq-179-4\" class=\"bde-faq__answer\">\n        <div class=\"bde-faq__answer-content\">\n            <div class=\"breakdance-rich-text-styles\"><hr \/>\n<p><span style=\"font-weight: 400;\">Wir bieten Sicherheitsl\u00f6sungen f\u00fcr Windparks und weitere Assets in ganz Europa an.<\/span><\/p><\/div>\n\n                    <\/div>\n      <\/div>\n    <\/div>\n      <div class=\"bde-faq__item\">\n      <h3 class=\"bde-faq__title-tag\">\n       <button id=\"bde-faq-179-button-5\" aria-expanded=\"false\" aria-controls=\"bde-faq-179-5\" class=\"bde-faq__question js-faq-item\">\n          <span class=\"bde-faq__title\">Werde ich ein Sicherheitszertifikat erhalten?<\/span>\n                           <div aria-hidden=\"true\" class=\"bde-faq__icon bde-faq__icon--inactive\">\n                                <svg xmlns=\"http:\/\/www.w3.org\/2000\/svg\" viewbox=\"0 0 448 512\"><!--! Font Awesome Free 6.5.1 by @fontawesome - https:\/\/fontawesome.com License - https:\/\/fontawesome.com\/license\/free (Icons: CC BY 4.0, Fonts: SIL OFL 1.1, Code: MIT License) Copyright 2023 Fonticons, Inc. --><path d=\"M201.4 342.6c12.5 12.5 32.8 12.5 45.3 0l160-160c12.5-12.5 12.5-32.8 0-45.3s-32.8-12.5-45.3 0L224 274.7 86.6 137.4c-12.5-12.5-32.8-12.5-45.3 0s-12.5 32.8 0 45.3l160 160z\"\/><\/svg>\n                            <\/div>\n         \t  <div aria-hidden=\"true\" class=\"bde-faq__icon bde-faq__icon--active\">\n                                <svg xmlns=\"http:\/\/www.w3.org\/2000\/svg\" viewbox=\"0 0 448 512\"><!-- Font Awesome Free 5.15.1 by @fontawesome - https:\/\/fontawesome.com License - https:\/\/fontawesome.com\/license\/free (Icons: CC BY 4.0, Fonts: SIL OFL 1.1, Code: MIT License) --><path d=\"M416 208H32c-17.67 0-32 14.33-32 32v32c0 17.67 14.33 32 32 32h384c17.67 0 32-14.33 32-32v-32c0-17.67-14.33-32-32-32z\"\/><\/svg>\n                            <\/div>\n                  <\/button>\n      <\/h3>\n      <div role=\"region\" aria-labelledby=\"bde-faq-179-button-5\" id=\"bde-faq-179-5\" class=\"bde-faq__answer\">\n        <div class=\"bde-faq__answer-content\">\n            <div class=\"breakdance-rich-text-styles\"><p>Soldefence stellt ein offizielles Sicherheitszertifikat aus, mit dem Sie nachweisen k\u00f6nnen, dass Sie die internationalen Versicherungsanforderungen und geltenden europ\u00e4ischen Vorschriften erf\u00fcllen.<\/p><\/div>\n\n                    <\/div>\n      <\/div>\n    <\/div>\n  \n<\/div>\n<\/div><\/div><\/div>\n<\/section><section class=\"bde-section-502-175 bde-section\">\n              \n  \n  \n\t\n\n  <div class=\"section-background-overlay\"><\/div>\n\n\n<div class=\"section-container\"><h2 class=\"bde-heading-502-176 bde-heading\">\nSichern Sie sich jetzt Ihren Windpark\n<\/h2><div class=\"bde-text-502-177 bde-text\">\nGemeinsam sch\u00fctzen wir Ihre wertvollen Verm\u00f6genswerte vor Diebstahl und Ausfallzeiten. \n<\/div><div class=\"bde-button-502-178 bde-button\">\n    \n                        \n                        \n    \n    \n    \n    \n            \n                    \n            \n            \n\n    \n    \n    \n    \n    \n    <a class=\"breakdance-link button-atom button-atom--primary bde-button__button\" href=\"\/de\/angebot\/\" target=\"_self\" data-type=\"url\"  >\n\n    \n        <span class=\"button-atom__text\">Angebot anfordern<\/span>\n\n        \n        \n                <\/a>\n\n    \n\n\n<\/div><\/div>\n<\/section>","protected":false},"excerpt":{"rendered":"<p>Home Windparken Geavanceerde beveiliging voor windparken overal in Europa. Windmolenpark beveiligen door Soldefence De energietransitie is in volle gang. Hierbij spelen zonne- en windparken een grote rol. Echter, hun omvang, afgelegen ligging en waardevolle koperkabels maken ze kwetsbaar voor diefstal, vandalisme en sabotage. Een windmolenpark beveiligen is daarom geen bijzaak meer, maar een strategische noodzaak. [&hellip;]<\/p>\n","protected":false},"author":1,"featured_media":0,"parent":131,"menu_order":0,"comment_status":"closed","ping_status":"closed","template":"","meta":{"inline_featured_image":false,"_breakdance_hide_in_design_set":false,"_breakdance_tags":"","footnotes":""},"class_list":["post-502","page","type-page","status-publish","hentry"],"_links":{"self":[{"href":"https:\/\/soldefence.com\/de\/wp-json\/wp\/v2\/pages\/502","targetHints":{"allow":["GET"]}}],"collection":[{"href":"https:\/\/soldefence.com\/de\/wp-json\/wp\/v2\/pages"}],"about":[{"href":"https:\/\/soldefence.com\/de\/wp-json\/wp\/v2\/types\/page"}],"author":[{"embeddable":true,"href":"https:\/\/soldefence.com\/de\/wp-json\/wp\/v2\/users\/1"}],"replies":[{"embeddable":true,"href":"https:\/\/soldefence.com\/de\/wp-json\/wp\/v2\/comments?post=502"}],"version-history":[{"count":33,"href":"https:\/\/soldefence.com\/de\/wp-json\/wp\/v2\/pages\/502\/revisions"}],"predecessor-version":[{"id":1220,"href":"https:\/\/soldefence.com\/de\/wp-json\/wp\/v2\/pages\/502\/revisions\/1220"}],"up":[{"embeddable":true,"href":"https:\/\/soldefence.com\/de\/wp-json\/wp\/v2\/pages\/131"}],"wp:attachment":[{"href":"https:\/\/soldefence.com\/de\/wp-json\/wp\/v2\/media?parent=502"}],"curies":[{"name":"wp","href":"https:\/\/api.w.org\/{rel}","templated":true}]}}