{"id":545,"date":"2025-06-06T14:13:17","date_gmt":"2025-06-06T14:13:17","guid":{"rendered":"https:\/\/soldefence.com\/?page_id=545"},"modified":"2025-07-30T14:20:30","modified_gmt":"2025-07-30T12:20:30","slug":"batteriespeicher","status":"publish","type":"page","link":"https:\/\/soldefence.com\/de\/assetbeveiliging\/batterijopslag\/","title":{"rendered":"Batteriespeicher"},"content":{"rendered":"<section class=\"bde-section-545-102 bde-section\">\n              \n  \n  \n\t\n\n  <div class=\"section-background-overlay\"><\/div>\n\n\n<div class=\"section-container\"><div class=\"bde-columns-545-103 bde-columns\"><div class=\"bde-column-545-104 bde-column\">\n  \n  \n\t\n\n\n\n<div class=\"bde-breadcrumbs-545-105 bde-breadcrumbs\"><nav aria-label=\"Semmelbr\u00f6sel\" class=\"rank-math-breadcrumb\"><p><span class=\"last\">Startseite<\/span><\/p><\/nav><\/div><h1 class=\"bde-heading-545-106 bde-heading\">\nBatteriespeicher\n<\/h1><div class=\"bde-text-545-109 bde-text\">\nSt\u00e4ndiger \u00dcberblick \u00fcber Ihren Batteriespeicher. Intelligente Sicherheit, die sofort reagiert, wenn sie wirklich gebraucht wird.\n<\/div>\n<\/div><div class=\"bde-column-545-107 bde-column\">\n  \n  \n\t\n\n\n\n\n<\/div><\/div><\/div>\n<\/section><section class=\"bde-section-545-110 bde-section\">\n  \n  \n\t\n\n\n\n<div class=\"section-container\"><div class=\"bde-rich-text-545-111 bde-rich-text breakdance-rich-text-styles\">\n<h2><span style=\"font-weight: 400;\">Sicherheit von Batteriespeichern durch Soldefence<\/span><\/h2>\n<p><span style=\"font-weight: 400;\">Batteriespeicher spielen eine immer wichtigere Rolle beim Ausgleich von Angebot und Nachfrage im Stromnetz. Um die Verf\u00fcgbarkeit des erzeugten Stroms zu gew\u00e4hrleisten, ist eine angemessene Sicherheit unerl\u00e4sslich.\u00a0<\/span><\/p>\n<p><span style=\"font-weight: 400;\">Soldefence bietet Sicherheit f\u00fcr Ihre Energieanlagen. Mit der Erg\u00e4nzung durch Batteriespeicher bieten wir ein umfassendes Sicherheitsangebot f\u00fcr Projekte im Bereich der erneuerbaren Energien.<\/span><\/p>\n<\/div><div class=\"bde-button-545-158 bde-button\">\n    \n                                    \n    \n    \n    \n    \n            \n                    \n            \n            \n\n    \n    \n    \n    \n    \n    <a class=\"breakdance-link button-atom button-atom--primary bde-button__button\" href=\"\/de\/kontakt\/\" target=\"_self\" data-type=\"url\"  >\n\n    \n        <span class=\"button-atom__text\">Kontakt aufnehmen<\/span>\n\n        \n        \n                <\/a>\n\n    \n\n\n<\/div><\/div>\n<\/section><section class=\"bde-section-545-112 bde-section\">\n  \n  \n\t\n\n\n\n<div class=\"section-container\"><div class=\"bde-columns-545-113 bde-columns\"><div class=\"bde-column-545-116 bde-column\">\n  \n  \n\t\n\n\n\n<img decoding=\"async\" class=\"bde-image2-545-118 bde-image2\" src=\"https:\/\/soldefence.com\/wp-content\/uploads\/2025\/06\/Batterij-opslag-beveiligen-scaled.jpg\" alt=\"Schutz der Batteriespeicher\" loading=\"lazy\" srcset=\"https:\/\/soldefence.com\/wp-content\/uploads\/2025\/06\/Batterij-opslag-beveiligen-scaled.jpg 2560w, https:\/\/soldefence.com\/wp-content\/uploads\/2025\/06\/Batterij-opslag-beveiligen-300x200.jpg 300w, https:\/\/soldefence.com\/wp-content\/uploads\/2025\/06\/Batterij-opslag-beveiligen-1024x683.jpg 1024w, https:\/\/soldefence.com\/wp-content\/uploads\/2025\/06\/Batterij-opslag-beveiligen-768x512.jpg 768w, https:\/\/soldefence.com\/wp-content\/uploads\/2025\/06\/Batterij-opslag-beveiligen-1536x1024.jpg 1536w, https:\/\/soldefence.com\/wp-content\/uploads\/2025\/06\/Batterij-opslag-beveiligen-2048x1365.jpg 2048w\" sizes=\"(max-width: 2560px) 100vw, 2560px\">\n<\/div><div class=\"bde-column-545-114 bde-column\">\n  \n  \n\t\n\n\n\n<div class=\"bde-rich-text-545-115 bde-rich-text breakdance-rich-text-styles\">\n<h2><span style=\"font-weight: 400;\">Sichere Batteriespeicherung<\/span><\/h2>\n<p><span style=\"font-weight: 400;\">Batterien sind wertvoll f\u00fcr die Maximierung von billig erzeugtem Strom. Sie erh\u00f6hen die Netzstabilit\u00e4t und machen Strom zu Spitzenzeiten verf\u00fcgbar. Sie sind also wertvolle Objekte, die entsprechend gesichert werden m\u00fcssen.<\/span><\/p>\n<p><span style=\"font-weight: 400;\"><strong>Batterien zur Energiespeicherung<\/strong> sind oft flexibel in der Landschaft platziert, oft hinter der Vegetation. Dies tr\u00e4gt zwar dazu bei, dass sie nicht sichtbar sind, erschwert aber auch die \u00dcberwachung. Au\u00dferdem stellen Kurzschl\u00fcsse und Sabotage ein echtes Risiko dar. Und da die Speichersysteme f\u00fcr die Wartung zug\u00e4nglich bleiben m\u00fcssen, ist eine vollst\u00e4ndige Versiegelung keine Option.<\/span><\/p>\n<\/div>\n<\/div><\/div><\/div>\n<\/section><section class=\"bde-section-545-120 bde-section\">\n  \n  \n\t\n\n\n\n<div class=\"section-container\"><div class=\"bde-columns-545-121 bde-columns\"><div class=\"bde-column-545-125 bde-column\">\n  \n  \n\t\n\n\n\n<div class=\"bde-div-545-126 bde-div\">\n  \n  \n\t\n\n\n\n<div class=\"bde-icon-545-127 bde-icon\">\n\n    \n            <div class=\"bde-icon-icon breakdance-icon-atom\" >\n    \n                    <svg xmlns=\"http:\/\/www.w3.org\/2000\/svg\" xmlns:xlink=\"http:\/\/www.w3.org\/1999\/xlink\" version=\"1.1\" width=\"512\" height=\"512\" x=\"0\" y=\"0\" viewbox=\"0 0 409.592 409.592\" style=\"enable-background:new 0 0 512 512\" xml:space=\"preserve\" class=\"\"><g><path d=\"m399.643 180.659-27.935-27.93c-6.63-6.63-12.063-19.732-12.063-29.128v-39.5c0-18.79-15.35-34.14-34.135-34.15h-39.516c-9.385 0-22.502-5.443-29.133-12.068l-27.93-27.93c-13.271-13.271-35-13.271-48.271 0l-27.93 27.95c-6.636 6.63-19.768 12.058-29.133 12.058h-39.5c-18.765 0-34.135 15.35-34.135 34.14v39.501c0 9.359-5.432 22.502-12.063 29.128L9.964 180.66c-13.281 13.271-13.281 35 0 48.292l27.935 27.93c6.635 6.63 12.063 19.768 12.063 29.128v39.501c0 18.77 15.37 34.14 34.135 34.14h39.501c9.385 0 22.502 5.432 29.133 12.058l27.93 27.94c13.271 13.261 35 13.261 48.271 0l27.93-27.94c6.636-6.63 19.748-12.058 29.133-12.058h39.516c18.785 0 34.135-15.37 34.135-34.14V286.01c0-9.4 5.437-22.502 12.063-29.128l27.935-27.93c13.26-13.292 13.26-35.022-.001-48.293zM177.701 281.6l-75.31-75.32 24.136-24.131 51.18 51.18L283.061 128l24.13 24.131L177.701 281.6z\" fill=\"#fdb813\" opacity=\"1\" data-original=\"#000000\" class=\"\"\/><\/g><\/svg>\n        \n        \n        \n            <\/div>\n    \n\n\n<\/div><div class=\"bde-div-545-128 bde-div\">\n  \n  \n\t\n\n\n\n<h3 class=\"bde-heading-545-129 bde-heading\">\nElektronische Sicherheit\n<\/h3><div class=\"bde-text-545-130 bde-text\">\nModerne Kameras und Sensoren erkennen verd\u00e4chtige Situationen innerhalb von Sekunden und senden eine Benachrichtigung an den Kontrollraum. Wir k\u00f6nnen auch W\u00e4rmesensoren installieren, die vor \u00dcberhitzung, Rauchentwicklung oder Kurzschl\u00fcssen warnen.\n<\/div>\n<\/div>\n<\/div><div class=\"bde-div-545-131 bde-div\">\n  \n  \n\t\n\n\n\n<div class=\"bde-icon-545-132 bde-icon\">\n\n    \n            <div class=\"bde-icon-icon breakdance-icon-atom\" >\n    \n                    <svg xmlns=\"http:\/\/www.w3.org\/2000\/svg\" xmlns:xlink=\"http:\/\/www.w3.org\/1999\/xlink\" version=\"1.1\" width=\"512\" height=\"512\" x=\"0\" y=\"0\" viewbox=\"0 0 409.592 409.592\" style=\"enable-background:new 0 0 512 512\" xml:space=\"preserve\" class=\"\"><g><path d=\"m399.643 180.659-27.935-27.93c-6.63-6.63-12.063-19.732-12.063-29.128v-39.5c0-18.79-15.35-34.14-34.135-34.15h-39.516c-9.385 0-22.502-5.443-29.133-12.068l-27.93-27.93c-13.271-13.271-35-13.271-48.271 0l-27.93 27.95c-6.636 6.63-19.768 12.058-29.133 12.058h-39.5c-18.765 0-34.135 15.35-34.135 34.14v39.501c0 9.359-5.432 22.502-12.063 29.128L9.964 180.66c-13.281 13.271-13.281 35 0 48.292l27.935 27.93c6.635 6.63 12.063 19.768 12.063 29.128v39.501c0 18.77 15.37 34.14 34.135 34.14h39.501c9.385 0 22.502 5.432 29.133 12.058l27.93 27.94c13.271 13.261 35 13.261 48.271 0l27.93-27.94c6.636-6.63 19.748-12.058 29.133-12.058h39.516c18.785 0 34.135-15.37 34.135-34.14V286.01c0-9.4 5.437-22.502 12.063-29.128l27.935-27.93c13.26-13.292 13.26-35.022-.001-48.293zM177.701 281.6l-75.31-75.32 24.136-24.131 51.18 51.18L283.061 128l24.13 24.131L177.701 281.6z\" fill=\"#fdb813\" opacity=\"1\" data-original=\"#000000\" class=\"\"\/><\/g><\/svg>\n        \n        \n        \n            <\/div>\n    \n\n\n<\/div><div class=\"bde-div-545-133 bde-div\">\n  \n  \n\t\n\n\n\n<h3 class=\"bde-heading-545-134 bde-heading\">\nVerfahrenstechnische Ma\u00dfnahmen\n<\/h3><div class=\"bde-text-545-135 bde-text\">\nSicherheit ist keine einmalige Einrichtung, sondern muss kontrolliert und gewartet werden. Deshalb f\u00fchren wir regelm\u00e4\u00dfige Kontrollen und Wartungen durch. So bleibt das System auch in Zukunft zuverl\u00e4ssig und aktuell.\n<\/div>\n<\/div>\n<\/div>\n<\/div><div class=\"bde-column-545-122 bde-column\">\n  \n  \n\t\n\n\n\n<div class=\"bde-rich-text-545-123 bde-rich-text breakdance-rich-text-styles\">\n<h2><span style=\"font-weight: 400;\">Verschiedene Sicherheitsebenen<\/span><\/h2>\n<p><span style=\"font-weight: 400;\">Wir \u00fcbernehmen die volle Kontrolle und erstellen einen umfassenden Sicherheitsplan, der auch den Schutz Ihrer Lagerr\u00e4ume umfasst.<\/span><\/p>\n<\/div><img decoding=\"async\" class=\"bde-image2-545-124 bde-image2\" src=\"https:\/\/soldefence.com\/wp-content\/uploads\/2025\/06\/Batterij-opslag-lagen-scaled.jpg\" alt=\"Soldefence-Batteriespeicher\" loading=\"lazy\" srcset=\"https:\/\/soldefence.com\/wp-content\/uploads\/2025\/06\/Batterij-opslag-lagen-scaled.jpg 2560w, https:\/\/soldefence.com\/wp-content\/uploads\/2025\/06\/Batterij-opslag-lagen-300x169.jpg 300w, https:\/\/soldefence.com\/wp-content\/uploads\/2025\/06\/Batterij-opslag-lagen-1024x576.jpg 1024w, https:\/\/soldefence.com\/wp-content\/uploads\/2025\/06\/Batterij-opslag-lagen-768x432.jpg 768w, https:\/\/soldefence.com\/wp-content\/uploads\/2025\/06\/Batterij-opslag-lagen-1536x864.jpg 1536w, https:\/\/soldefence.com\/wp-content\/uploads\/2025\/06\/Batterij-opslag-lagen-2048x1152.jpg 2048w\" sizes=\"(max-width: 2560px) 100vw, 2560px\">\n<\/div><\/div><\/div>\n<\/section><section class=\"bde-section-545-141 bde-section\">\n              \n  \n  \n\t\n\n  <div class=\"section-background-overlay\"><\/div>\n\n\n<div class=\"section-container\"><div class=\"bde-columns-545-142 bde-columns\"><div class=\"bde-column-545-143 bde-column\">\n  \n  \n\t\n\n\n\n<div class=\"bde-rich-text-545-144 bde-rich-text breakdance-rich-text-styles\">\n<h2>Was Kunden sagen<\/h2>\n<\/div><div class=\"bde-shortcode-545-157 bde-shortcode\"><script defer async src='https:\/\/cdn.trustindex.io\/loader.js?d1e683a4712290818b66c7922f6'><\/script><\/div>\n<\/div><\/div><\/div>\n<\/section><section class=\"bde-section-545-146 bde-section\">\n  \n  \n\t\n\n\n\n<div class=\"section-container\"><div class=\"bde-columns-545-147 bde-columns\"><div class=\"bde-column-545-148 bde-column\">\n  \n  \n\t\n\n\n\n<div class=\"bde-rich-text-545-149 bde-rich-text breakdance-rich-text-styles\">\n<h2>H\u00e4ufig gestellte Fragen<\/h2>\n<p data-start=\"222\" data-end=\"357\"><span style=\"font-weight: 400;\">Wir beantworten einige h\u00e4ufig gestellte Fragen zu <strong>sichere Batteriespeicherung<\/strong>damit Sie genau wissen, was Sie von Soldefence erwarten k\u00f6nnen.<\/span><\/p>\n<\/div><div class=\"bde-frequently-asked-questions-545-152 bde-frequently-asked-questions\">\n      <div class=\"bde-faq__item\">\n      <h3 class=\"bde-faq__title-tag\">\n       <button id=\"bde-faq-152-button-1\" aria-expanded=\"false\" aria-controls=\"bde-faq-152-1\" class=\"bde-faq__question js-faq-item\">\n          <span class=\"bde-faq__title\">Wie wird eine \u00dcberhitzung festgestellt?<br><\/span>\n                           <div aria-hidden=\"true\" class=\"bde-faq__icon bde-faq__icon--inactive\">\n                                <svg xmlns=\"http:\/\/www.w3.org\/2000\/svg\" viewbox=\"0 0 448 512\"><!--! Font Awesome Free 6.5.1 by @fontawesome - https:\/\/fontawesome.com License - https:\/\/fontawesome.com\/license\/free (Icons: CC BY 4.0, Fonts: SIL OFL 1.1, Code: MIT License) Copyright 2023 Fonticons, Inc. --><path d=\"M201.4 342.6c12.5 12.5 32.8 12.5 45.3 0l160-160c12.5-12.5 12.5-32.8 0-45.3s-32.8-12.5-45.3 0L224 274.7 86.6 137.4c-12.5-12.5-32.8-12.5-45.3 0s-12.5 32.8 0 45.3l160 160z\"\/><\/svg>\n                            <\/div>\n         \t  <div aria-hidden=\"true\" class=\"bde-faq__icon bde-faq__icon--active\">\n                                <svg xmlns=\"http:\/\/www.w3.org\/2000\/svg\" viewbox=\"0 0 448 512\"><!-- Font Awesome Free 5.15.1 by @fontawesome - https:\/\/fontawesome.com License - https:\/\/fontawesome.com\/license\/free (Icons: CC BY 4.0, Fonts: SIL OFL 1.1, Code: MIT License) --><path d=\"M416 208H32c-17.67 0-32 14.33-32 32v32c0 17.67 14.33 32 32 32h384c17.67 0 32-14.33 32-32v-32c0-17.67-14.33-32-32-32z\"\/><\/svg>\n                            <\/div>\n                  <\/button>\n      <\/h3>\n      <div role=\"region\" aria-labelledby=\"bde-faq-152-button-1\" id=\"bde-faq-152-1\" class=\"bde-faq__answer\">\n        <div class=\"bde-faq__answer-content\">\n            <div class=\"breakdance-rich-text-styles\"><hr \/>\n<p><span style=\"font-weight: 400;\">Unsere Systeme sind mit W\u00e4rmebildkameras ausgestattet, die Temperaturanomalien in einem fr\u00fchen Stadium erkennen. Bei Erkennung wird sofort eine Meldung an den Kontrollraum gesendet.<\/span><\/p><\/div>\n\n                    <\/div>\n      <\/div>\n    <\/div>\n      <div class=\"bde-faq__item\">\n      <h3 class=\"bde-faq__title-tag\">\n       <button id=\"bde-faq-152-button-2\" aria-expanded=\"false\" aria-controls=\"bde-faq-152-2\" class=\"bde-faq__question js-faq-item\">\n          <span class=\"bde-faq__title\">Sind ma\u00dfgeschneiderte L\u00f6sungen m\u00f6glich? <\/span>\n                           <div aria-hidden=\"true\" class=\"bde-faq__icon bde-faq__icon--inactive\">\n                                <svg xmlns=\"http:\/\/www.w3.org\/2000\/svg\" viewbox=\"0 0 448 512\"><!--! Font Awesome Free 6.5.1 by @fontawesome - https:\/\/fontawesome.com License - https:\/\/fontawesome.com\/license\/free (Icons: CC BY 4.0, Fonts: SIL OFL 1.1, Code: MIT License) Copyright 2023 Fonticons, Inc. --><path d=\"M201.4 342.6c12.5 12.5 32.8 12.5 45.3 0l160-160c12.5-12.5 12.5-32.8 0-45.3s-32.8-12.5-45.3 0L224 274.7 86.6 137.4c-12.5-12.5-32.8-12.5-45.3 0s-12.5 32.8 0 45.3l160 160z\"\/><\/svg>\n                            <\/div>\n         \t  <div aria-hidden=\"true\" class=\"bde-faq__icon bde-faq__icon--active\">\n                                <svg xmlns=\"http:\/\/www.w3.org\/2000\/svg\" viewbox=\"0 0 448 512\"><!-- Font Awesome Free 5.15.1 by @fontawesome - https:\/\/fontawesome.com License - https:\/\/fontawesome.com\/license\/free (Icons: CC BY 4.0, Fonts: SIL OFL 1.1, Code: MIT License) --><path d=\"M416 208H32c-17.67 0-32 14.33-32 32v32c0 17.67 14.33 32 32 32h384c17.67 0 32-14.33 32-32v-32c0-17.67-14.33-32-32-32z\"\/><\/svg>\n                            <\/div>\n                  <\/button>\n      <\/h3>\n      <div role=\"region\" aria-labelledby=\"bde-faq-152-button-2\" id=\"bde-faq-152-2\" class=\"bde-faq__answer\">\n        <div class=\"bde-faq__answer-content\">\n            <div class=\"breakdance-rich-text-styles\"><hr \/>\n<p><span style=\"font-weight: 400;\">Unbedingt. Wir bieten nur ma\u00dfgeschneiderte L\u00f6sungen an, um die bestm\u00f6gliche Sicherheit zu gew\u00e4hrleisten. Wir f\u00fchren eine Risikoanalyse durch und erstellen einen ma\u00dfgeschneiderten Sicherheitsplan. Dabei ber\u00fccksichtigen wir auch die Anforderungen von Versicherern und Regulierungsbeh\u00f6rden.<\/span><\/p><\/div>\n\n                    <\/div>\n      <\/div>\n    <\/div>\n      <div class=\"bde-faq__item\">\n      <h3 class=\"bde-faq__title-tag\">\n       <button id=\"bde-faq-152-button-3\" aria-expanded=\"false\" aria-controls=\"bde-faq-152-3\" class=\"bde-faq__question js-faq-item\">\n          <span class=\"bde-faq__title\">Wo ist Soldefence t\u00e4tig?<\/span>\n                           <div aria-hidden=\"true\" class=\"bde-faq__icon bde-faq__icon--inactive\">\n                                <svg xmlns=\"http:\/\/www.w3.org\/2000\/svg\" viewbox=\"0 0 448 512\"><!--! Font Awesome Free 6.5.1 by @fontawesome - https:\/\/fontawesome.com License - https:\/\/fontawesome.com\/license\/free (Icons: CC BY 4.0, Fonts: SIL OFL 1.1, Code: MIT License) Copyright 2023 Fonticons, Inc. --><path d=\"M201.4 342.6c12.5 12.5 32.8 12.5 45.3 0l160-160c12.5-12.5 12.5-32.8 0-45.3s-32.8-12.5-45.3 0L224 274.7 86.6 137.4c-12.5-12.5-32.8-12.5-45.3 0s-12.5 32.8 0 45.3l160 160z\"\/><\/svg>\n                            <\/div>\n         \t  <div aria-hidden=\"true\" class=\"bde-faq__icon bde-faq__icon--active\">\n                                <svg xmlns=\"http:\/\/www.w3.org\/2000\/svg\" viewbox=\"0 0 448 512\"><!-- Font Awesome Free 5.15.1 by @fontawesome - https:\/\/fontawesome.com License - https:\/\/fontawesome.com\/license\/free (Icons: CC BY 4.0, Fonts: SIL OFL 1.1, Code: MIT License) --><path d=\"M416 208H32c-17.67 0-32 14.33-32 32v32c0 17.67 14.33 32 32 32h384c17.67 0 32-14.33 32-32v-32c0-17.67-14.33-32-32-32z\"\/><\/svg>\n                            <\/div>\n                  <\/button>\n      <\/h3>\n      <div role=\"region\" aria-labelledby=\"bde-faq-152-button-3\" id=\"bde-faq-152-3\" class=\"bde-faq__answer\">\n        <div class=\"bde-faq__answer-content\">\n            <div class=\"breakdance-rich-text-styles\"><hr \/>\n<p><span style=\"font-weight: 400;\">Wir bieten Sicherheitsl\u00f6sungen f\u00fcr Projekte im Bereich der erneuerbaren Energien auf der ganzen Welt.\u00a0<\/span><\/p><\/div>\n\n                    <\/div>\n      <\/div>\n    <\/div>\n  \n<\/div>\n<\/div><\/div><\/div>\n<\/section><section class=\"bde-section-545-153 bde-section\">\n              \n  \n  \n\t\n\n  <div class=\"section-background-overlay\"><\/div>\n\n\n<div class=\"section-container\"><h2 class=\"bde-heading-545-154 bde-heading\">\nSichern Sie Ihren Batteriespeicher\n<\/h2><div class=\"bde-text-545-155 bde-text\">\nGemeinsam sch\u00fctzen wir Ihre wertvollen Verm\u00f6genswerte vor Diebstahl und Ausfallzeiten.\n<\/div><div class=\"bde-button-545-156 bde-button\">\n    \n                        \n                        \n    \n    \n    \n    \n            \n                    \n            \n            \n\n    \n    \n    \n    \n    \n    <a class=\"breakdance-link button-atom button-atom--primary bde-button__button\" href=\"\/de\/angebot\/\" target=\"_self\" data-type=\"url\"  >\n\n    \n        <span class=\"button-atom__text\">Angebot anfordern<\/span>\n\n        \n        \n                <\/a>\n\n    \n\n\n<\/div><\/div>\n<\/section>","protected":false},"excerpt":{"rendered":"<p>Home Batterijopslag Altijd zicht op uw batterijopslag. Slimme beveiliging die direct reageert als het echt nodig is. Batterijopslag beveiliging door Soldefence Batterijopslag speelt een steeds belangrijkere rol in het balanceren van vraag en aanbod op het elektriciteitsnet. De juiste beveiliging is essentieel om de beschikbaarheid van de opgewekte stroom te waarborgen.\u00a0 Soldefence zorgt voor de [&hellip;]<\/p>\n","protected":false},"author":5,"featured_media":872,"parent":131,"menu_order":0,"comment_status":"closed","ping_status":"closed","template":"","meta":{"inline_featured_image":false,"_breakdance_hide_in_design_set":false,"_breakdance_tags":"","footnotes":""},"class_list":["post-545","page","type-page","status-publish","has-post-thumbnail","hentry"],"_links":{"self":[{"href":"https:\/\/soldefence.com\/de\/wp-json\/wp\/v2\/pages\/545","targetHints":{"allow":["GET"]}}],"collection":[{"href":"https:\/\/soldefence.com\/de\/wp-json\/wp\/v2\/pages"}],"about":[{"href":"https:\/\/soldefence.com\/de\/wp-json\/wp\/v2\/types\/page"}],"author":[{"embeddable":true,"href":"https:\/\/soldefence.com\/de\/wp-json\/wp\/v2\/users\/5"}],"replies":[{"embeddable":true,"href":"https:\/\/soldefence.com\/de\/wp-json\/wp\/v2\/comments?post=545"}],"version-history":[{"count":20,"href":"https:\/\/soldefence.com\/de\/wp-json\/wp\/v2\/pages\/545\/revisions"}],"predecessor-version":[{"id":983,"href":"https:\/\/soldefence.com\/de\/wp-json\/wp\/v2\/pages\/545\/revisions\/983"}],"up":[{"embeddable":true,"href":"https:\/\/soldefence.com\/de\/wp-json\/wp\/v2\/pages\/131"}],"wp:featuredmedia":[{"embeddable":true,"href":"https:\/\/soldefence.com\/de\/wp-json\/wp\/v2\/media\/872"}],"wp:attachment":[{"href":"https:\/\/soldefence.com\/de\/wp-json\/wp\/v2\/media?parent=545"}],"curies":[{"name":"wp","href":"https:\/\/api.w.org\/{rel}","templated":true}]}}