{"id":559,"date":"2025-06-06T14:32:14","date_gmt":"2025-06-06T14:32:14","guid":{"rendered":"https:\/\/soldefence.com\/?page_id=559"},"modified":"2025-07-30T14:28:17","modified_gmt":"2025-07-30T12:28:17","slug":"solardacher","status":"publish","type":"page","link":"https:\/\/soldefence.com\/de\/assetbeveiliging\/zonnedaken\/","title":{"rendered":"Solard\u00e4cher"},"content":{"rendered":"<section class=\"bde-section-559-100 bde-section\">\n              \n  \n  \n\t\n\n  <div class=\"section-background-overlay\"><\/div>\n\n\n<div class=\"section-container\"><div class=\"bde-columns-559-101 bde-columns\"><div class=\"bde-column-559-102 bde-column\">\n  \n  \n\t\n\n\n\n<div class=\"bde-breadcrumbs-559-103 bde-breadcrumbs\"><nav aria-label=\"Semmelbr\u00f6sel\" class=\"rank-math-breadcrumb\"><p><span class=\"last\">Startseite<\/span><\/p><\/nav><\/div><h1 class=\"bde-heading-559-104 bde-heading\">\nSolard\u00e4cher\n<\/h1><div class=\"bde-text-559-107 bde-text\">\nSolard\u00e4cher erfordern intelligente Sicherheit. Wir bieten Sichtbarkeit, Sicherheit und Vertrauen. Jetzt und in Zukunft.\n<\/div>\n<\/div><div class=\"bde-column-559-105 bde-column\">\n  \n  \n\t\n\n\n\n\n<\/div><\/div><\/div>\n<\/section><section class=\"bde-section-559-108 bde-section\">\n  \n  \n\t\n\n\n\n<div class=\"section-container\"><div class=\"bde-rich-text-559-109 bde-rich-text breakdance-rich-text-styles\">\n<h2><span style=\"font-weight: 400;\">Proaktive Sicherheit f\u00fcr Solard\u00e4cher<\/span><\/h2>\n<p><span style=\"font-weight: 400;\">Die Zahl der Solard\u00e4cher nimmt rasch zu. Gro\u00dfe Unternehmensd\u00e4cher, Vertriebszentren und Regierungsgeb\u00e4ude werden zunehmend zur Erzeugung erneuerbarer Energie genutzt. Diese Anlagen sind von gro\u00dfem Wert, nicht nur wegen der teuren Solarmodule, sondern vor allem wegen der gro\u00dfen Menge an erneuerbarer Energie, die sie jeden Tag erzeugen.<\/span><\/p>\n<p><span style=\"font-weight: 400;\">Die Sicherheit von Solard\u00e4chern ist ein wesentlicher Bestandteil der Verm\u00f6gensverwaltung. Mit unseren hochwertigen Kameras und intelligenter KI-Technologie sch\u00fctzen wir Ihre Anlagen vor Risiken wie Diebstahl, Sabotage und Ausfall.\u00a0<\/span><\/p>\n<\/div><div class=\"bde-button-559-170 bde-button\">\n    \n                                    \n    \n    \n    \n    \n            \n                    \n            \n            \n\n    \n    \n    \n    \n    \n    <a class=\"breakdance-link button-atom button-atom--primary bde-button__button\" href=\"\/de\/kontakt\/\" target=\"_self\" data-type=\"url\"  >\n\n    \n        <span class=\"button-atom__text\">Kontakt aufnehmen<\/span>\n\n        \n        \n                <\/a>\n\n    \n\n\n<\/div><\/div>\n<\/section><section class=\"bde-section-559-110 bde-section\">\n  \n  \n\t\n\n\n\n<div class=\"section-container\"><div class=\"bde-columns-559-111 bde-columns\"><div class=\"bde-column-559-112 bde-column\">\n  \n  \n\t\n\n\n\n<div class=\"bde-rich-text-559-113 bde-rich-text breakdance-rich-text-styles\">\n<h2><span style=\"font-weight: 400;\">Sicherung von Solard\u00e4chern mit modernster Technik<\/span><\/h2>\n<p><span style=\"font-weight: 400;\">Im Gegensatz zu Solarparks befinden sich Solard\u00e4cher oft inmitten bebauter Gebiete. Das macht die Sicherheit jedoch nicht weniger wichtig. Im Gegenteil: Anlagen in der H\u00f6he sind oft schwer zu \u00fcbersehen, haben einen begrenzten Zugang und sind anf\u00e4llig f\u00fcr Sabotage, Diebstahl oder Vandalismus. Dies erh\u00f6ht den Bedarf an Sicherheit.<\/span><\/p>\n<p><span style=\"font-weight: 400;\">Dar\u00fcber hinaus bergen Solard\u00e4cher besondere Risiken wie \u00dcberhitzung oder Kurzschl\u00fcsse. Proaktiver Schutz ist unerl\u00e4sslich, um Sch\u00e4den zu begrenzen und maximale Effizienz zu gew\u00e4hrleisten.<\/span><\/p>\n<\/div>\n<\/div><div class=\"bde-column-559-114 bde-column\">\n  \n  \n\t\n\n\n\n<div class=\"bde-div-559-115 bde-div\">\n  \n  \n\t\n\n\n\n<img decoding=\"async\" class=\"bde-image2-559-116 bde-image2\" src=\"https:\/\/soldefence.com\/wp-content\/uploads\/2025\/06\/Zonnedaken-4-scaled.jpg\" alt=\"Sicherung von Solard\u00e4chern\" loading=\"lazy\" srcset=\"https:\/\/soldefence.com\/wp-content\/uploads\/2025\/06\/Zonnedaken-4-scaled.jpg 2560w, https:\/\/soldefence.com\/wp-content\/uploads\/2025\/06\/Zonnedaken-4-300x200.jpg 300w, https:\/\/soldefence.com\/wp-content\/uploads\/2025\/06\/Zonnedaken-4-1024x683.jpg 1024w, https:\/\/soldefence.com\/wp-content\/uploads\/2025\/06\/Zonnedaken-4-768x512.jpg 768w, https:\/\/soldefence.com\/wp-content\/uploads\/2025\/06\/Zonnedaken-4-1536x1024.jpg 1536w, https:\/\/soldefence.com\/wp-content\/uploads\/2025\/06\/Zonnedaken-4-2048x1365.jpg 2048w\" sizes=\"(max-width: 2560px) 100vw, 2560px\"><img decoding=\"async\" class=\"bde-image2-559-117 bde-image2\" src=\"https:\/\/soldefence.com\/wp-content\/uploads\/2025\/05\/Soldefence-homepage-hero-scaled.jpg\" alt=\"Solardach\" loading=\"lazy\" srcset=\"https:\/\/soldefence.com\/wp-content\/uploads\/2025\/05\/Soldefence-homepage-hero-scaled.jpg 2560w, https:\/\/soldefence.com\/wp-content\/uploads\/2025\/05\/Soldefence-homepage-hero-300x169.jpg 300w, https:\/\/soldefence.com\/wp-content\/uploads\/2025\/05\/Soldefence-homepage-hero-1024x575.jpg 1024w, https:\/\/soldefence.com\/wp-content\/uploads\/2025\/05\/Soldefence-homepage-hero-768x431.jpg 768w, https:\/\/soldefence.com\/wp-content\/uploads\/2025\/05\/Soldefence-homepage-hero-1536x863.jpg 1536w, https:\/\/soldefence.com\/wp-content\/uploads\/2025\/05\/Soldefence-homepage-hero-2048x1151.jpg 2048w\" sizes=\"(max-width: 2560px) 100vw, 2560px\">\n<\/div>\n<\/div><\/div><\/div>\n<\/section><section class=\"bde-section-559-118 bde-section\">\n              \n  \n  \n\t\n\n  <div class=\"section-background-overlay\"><\/div>\n\n\n<div class=\"section-container\"><div class=\"bde-columns-559-119 bde-columns\"><div class=\"bde-column-559-120 bde-column\">\n  \n  \n\t\n\n\n\n<div class=\"bde-rich-text-559-121 bde-rich-text breakdance-rich-text-styles\">\n<h2><span style=\"font-weight: 400;\">Intelligente Sicherheit f\u00fcr Solard\u00e4cher<\/span><\/h2>\n<p><span style=\"font-weight: 400;\">Uns geht es um den Schutz Ihrer wertvollen G\u00fcter. Wir tun dies mit hochwertigen Kameras mit einer beeindruckenden Reichweite von 500 Metern. Doch nach der Erkennung beginnt die eigentliche Arbeit. Unsere Kameras erkennen verd\u00e4chtige Bewegungen und Temperaturunterschiede auf und um das Dach herum, selbst bei v\u00f6lliger Dunkelheit. Diese Beobachtungen werden in Echtzeit an unseren KI-Server \u00fcbermittelt, der die Bilder sofort analysiert.<\/span><\/p>\n<p><span style=\"font-weight: 400;\">Von einem Vogel bis zu einer Person auf dem Dach: alles wird klassifiziert. Und das mit einer Genauigkeit von 96 bis 98%. Wird ein K\u00f6rperteil oder eine verd\u00e4chtige Bewegung erkannt? Dann wird die Meldung an die \u00dcberwachungsstation weitergeleitet. Auf diese Weise begrenzen wir Fehlalarme und das Sicherheitspersonal kann sich auf echte Bedrohungen konzentrieren.<\/span><\/p>\n<\/div>\n<\/div><\/div><\/div>\n<\/section><section class=\"bde-section-559-122 bde-section\">\n  \n  \n\t\n\n\n\n<div class=\"section-container\"><div class=\"bde-columns-559-123 bde-columns\"><div class=\"bde-column-559-124 bde-column\">\n  \n  \n\t\n\n\n\n<div class=\"bde-rich-text-559-125 bde-rich-text breakdance-rich-text-styles\">\n<h2><span style=\"font-weight: 400;\">Warum soll Soldefence Ihr Solardach sichern?<\/span><\/h2>\n<p><span style=\"font-weight: 400;\">Mit den modernen Kameras und der KI-Technologie von Soldefence investieren Sie in Sicherheit, Kontinuit\u00e4t und maximale Effizienz.<\/span><\/p>\n<\/div><img decoding=\"async\" class=\"bde-image2-559-126 bde-image2\" src=\"https:\/\/soldefence.com\/wp-content\/uploads\/2025\/06\/Zonnedaken-1-scaled.jpg\" alt=\"Soldefence Sicherheit\" loading=\"lazy\" srcset=\"https:\/\/soldefence.com\/wp-content\/uploads\/2025\/06\/Zonnedaken-1-scaled.jpg 2560w, https:\/\/soldefence.com\/wp-content\/uploads\/2025\/06\/Zonnedaken-1-300x200.jpg 300w, https:\/\/soldefence.com\/wp-content\/uploads\/2025\/06\/Zonnedaken-1-1024x683.jpg 1024w, https:\/\/soldefence.com\/wp-content\/uploads\/2025\/06\/Zonnedaken-1-768x512.jpg 768w, https:\/\/soldefence.com\/wp-content\/uploads\/2025\/06\/Zonnedaken-1-1536x1024.jpg 1536w, https:\/\/soldefence.com\/wp-content\/uploads\/2025\/06\/Zonnedaken-1-2048x1365.jpg 2048w\" sizes=\"(max-width: 2560px) 100vw, 2560px\">\n<\/div><div class=\"bde-column-559-127 bde-column\">\n  \n  \n\t\n\n\n\n<div class=\"bde-div-559-128 bde-div\">\n  \n  \n\t\n\n\n\n<div class=\"bde-icon-559-129 bde-icon\">\n\n    \n            <div class=\"bde-icon-icon breakdance-icon-atom\" >\n    \n                    <svg xmlns=\"http:\/\/www.w3.org\/2000\/svg\" xmlns:xlink=\"http:\/\/www.w3.org\/1999\/xlink\" version=\"1.1\" width=\"512\" height=\"512\" x=\"0\" y=\"0\" viewbox=\"0 0 409.592 409.592\" style=\"enable-background:new 0 0 512 512\" xml:space=\"preserve\" class=\"\"><g><path d=\"m399.643 180.659-27.935-27.93c-6.63-6.63-12.063-19.732-12.063-29.128v-39.5c0-18.79-15.35-34.14-34.135-34.15h-39.516c-9.385 0-22.502-5.443-29.133-12.068l-27.93-27.93c-13.271-13.271-35-13.271-48.271 0l-27.93 27.95c-6.636 6.63-19.768 12.058-29.133 12.058h-39.5c-18.765 0-34.135 15.35-34.135 34.14v39.501c0 9.359-5.432 22.502-12.063 29.128L9.964 180.66c-13.281 13.271-13.281 35 0 48.292l27.935 27.93c6.635 6.63 12.063 19.768 12.063 29.128v39.501c0 18.77 15.37 34.14 34.135 34.14h39.501c9.385 0 22.502 5.432 29.133 12.058l27.93 27.94c13.271 13.261 35 13.261 48.271 0l27.93-27.94c6.636-6.63 19.748-12.058 29.133-12.058h39.516c18.785 0 34.135-15.37 34.135-34.14V286.01c0-9.4 5.437-22.502 12.063-29.128l27.935-27.93c13.26-13.292 13.26-35.022-.001-48.293zM177.701 281.6l-75.31-75.32 24.136-24.131 51.18 51.18L283.061 128l24.13 24.131L177.701 281.6z\" fill=\"#fdb813\" opacity=\"1\" data-original=\"#000000\" class=\"\"\/><\/g><\/svg>\n        \n        \n        \n            <\/div>\n    \n\n\n<\/div><div class=\"bde-div-559-130 bde-div\">\n  \n  \n\t\n\n\n\n<h3 class=\"bde-heading-559-131 bde-heading\">\nSpezialisierung auf Energieprojekte\n<\/h3><div class=\"bde-text-559-132 bde-text\">\nSolard\u00e4cher erfordern einen anderen Ansatz als Freifl\u00e4chenanlagen.\n<\/div>\n<\/div>\n<\/div><div class=\"bde-div-559-133 bde-div\">\n  \n  \n\t\n\n\n\n<div class=\"bde-icon-559-134 bde-icon\">\n\n    \n            <div class=\"bde-icon-icon breakdance-icon-atom\" >\n    \n                    <svg xmlns=\"http:\/\/www.w3.org\/2000\/svg\" xmlns:xlink=\"http:\/\/www.w3.org\/1999\/xlink\" version=\"1.1\" width=\"512\" height=\"512\" x=\"0\" y=\"0\" viewbox=\"0 0 409.592 409.592\" style=\"enable-background:new 0 0 512 512\" xml:space=\"preserve\" class=\"\"><g><path d=\"m399.643 180.659-27.935-27.93c-6.63-6.63-12.063-19.732-12.063-29.128v-39.5c0-18.79-15.35-34.14-34.135-34.15h-39.516c-9.385 0-22.502-5.443-29.133-12.068l-27.93-27.93c-13.271-13.271-35-13.271-48.271 0l-27.93 27.95c-6.636 6.63-19.768 12.058-29.133 12.058h-39.5c-18.765 0-34.135 15.35-34.135 34.14v39.501c0 9.359-5.432 22.502-12.063 29.128L9.964 180.66c-13.281 13.271-13.281 35 0 48.292l27.935 27.93c6.635 6.63 12.063 19.768 12.063 29.128v39.501c0 18.77 15.37 34.14 34.135 34.14h39.501c9.385 0 22.502 5.432 29.133 12.058l27.93 27.94c13.271 13.261 35 13.261 48.271 0l27.93-27.94c6.636-6.63 19.748-12.058 29.133-12.058h39.516c18.785 0 34.135-15.37 34.135-34.14V286.01c0-9.4 5.437-22.502 12.063-29.128l27.935-27.93c13.26-13.292 13.26-35.022-.001-48.293zM177.701 281.6l-75.31-75.32 24.136-24.131 51.18 51.18L283.061 128l24.13 24.131L177.701 281.6z\" fill=\"#fdb813\" opacity=\"1\" data-original=\"#000000\" class=\"\"\/><\/g><\/svg>\n        \n        \n        \n            <\/div>\n    \n\n\n<\/div><div class=\"bde-div-559-135 bde-div\">\n  \n  \n\t\n\n\n\n<h3 class=\"bde-heading-559-136 bde-heading\">\nKI-System\n<\/h3><div class=\"bde-text-559-137 bde-text\">\nUnsere intelligenten Systeme erkennen und bewerten Bewegungen und Temperaturunterschiede.\n<\/div>\n<\/div>\n<\/div><div class=\"bde-div-559-138 bde-div\">\n  \n  \n\t\n\n\n\n<div class=\"bde-icon-559-139 bde-icon\">\n\n    \n            <div class=\"bde-icon-icon breakdance-icon-atom\" >\n    \n                    <svg xmlns=\"http:\/\/www.w3.org\/2000\/svg\" xmlns:xlink=\"http:\/\/www.w3.org\/1999\/xlink\" version=\"1.1\" width=\"512\" height=\"512\" x=\"0\" y=\"0\" viewbox=\"0 0 409.592 409.592\" style=\"enable-background:new 0 0 512 512\" xml:space=\"preserve\" class=\"\"><g><path d=\"m399.643 180.659-27.935-27.93c-6.63-6.63-12.063-19.732-12.063-29.128v-39.5c0-18.79-15.35-34.14-34.135-34.15h-39.516c-9.385 0-22.502-5.443-29.133-12.068l-27.93-27.93c-13.271-13.271-35-13.271-48.271 0l-27.93 27.95c-6.636 6.63-19.768 12.058-29.133 12.058h-39.5c-18.765 0-34.135 15.35-34.135 34.14v39.501c0 9.359-5.432 22.502-12.063 29.128L9.964 180.66c-13.281 13.271-13.281 35 0 48.292l27.935 27.93c6.635 6.63 12.063 19.768 12.063 29.128v39.501c0 18.77 15.37 34.14 34.135 34.14h39.501c9.385 0 22.502 5.432 29.133 12.058l27.93 27.94c13.271 13.261 35 13.261 48.271 0l27.93-27.94c6.636-6.63 19.748-12.058 29.133-12.058h39.516c18.785 0 34.135-15.37 34.135-34.14V286.01c0-9.4 5.437-22.502 12.063-29.128l27.935-27.93c13.26-13.292 13.26-35.022-.001-48.293zM177.701 281.6l-75.31-75.32 24.136-24.131 51.18 51.18L283.061 128l24.13 24.131L177.701 281.6z\" fill=\"#fdb813\" opacity=\"1\" data-original=\"#000000\" class=\"\"\/><\/g><\/svg>\n        \n        \n        \n            <\/div>\n    \n\n\n<\/div><div class=\"bde-div-559-140 bde-div\">\n  \n  \n\t\n\n\n\n<h3 class=\"bde-heading-559-141 bde-heading\">\nErf\u00fcllt alle Normen und Anforderungen\n<\/h3><div class=\"bde-text-559-142 bde-text\">\nWir bieten zertifizierte Sicherheitsl\u00f6sungen, einschlie\u00dflich eines Zertifikats, das den Versicherern vorgelegt werden kann.\n<\/div>\n<\/div>\n<\/div><div class=\"bde-div-559-143 bde-div\">\n  \n  \n\t\n\n\n\n<div class=\"bde-icon-559-144 bde-icon\">\n\n    \n            <div class=\"bde-icon-icon breakdance-icon-atom\" >\n    \n                    <svg xmlns=\"http:\/\/www.w3.org\/2000\/svg\" xmlns:xlink=\"http:\/\/www.w3.org\/1999\/xlink\" version=\"1.1\" width=\"512\" height=\"512\" x=\"0\" y=\"0\" viewbox=\"0 0 409.592 409.592\" style=\"enable-background:new 0 0 512 512\" xml:space=\"preserve\" class=\"\"><g><path d=\"m399.643 180.659-27.935-27.93c-6.63-6.63-12.063-19.732-12.063-29.128v-39.5c0-18.79-15.35-34.14-34.135-34.15h-39.516c-9.385 0-22.502-5.443-29.133-12.068l-27.93-27.93c-13.271-13.271-35-13.271-48.271 0l-27.93 27.95c-6.636 6.63-19.768 12.058-29.133 12.058h-39.5c-18.765 0-34.135 15.35-34.135 34.14v39.501c0 9.359-5.432 22.502-12.063 29.128L9.964 180.66c-13.281 13.271-13.281 35 0 48.292l27.935 27.93c6.635 6.63 12.063 19.768 12.063 29.128v39.501c0 18.77 15.37 34.14 34.135 34.14h39.501c9.385 0 22.502 5.432 29.133 12.058l27.93 27.94c13.271 13.261 35 13.261 48.271 0l27.93-27.94c6.636-6.63 19.748-12.058 29.133-12.058h39.516c18.785 0 34.135-15.37 34.135-34.14V286.01c0-9.4 5.437-22.502 12.063-29.128l27.935-27.93c13.26-13.292 13.26-35.022-.001-48.293zM177.701 281.6l-75.31-75.32 24.136-24.131 51.18 51.18L283.061 128l24.13 24.131L177.701 281.6z\" fill=\"#fdb813\" opacity=\"1\" data-original=\"#000000\" class=\"\"\/><\/g><\/svg>\n        \n        \n        \n            <\/div>\n    \n\n\n<\/div><div class=\"bde-div-559-145 bde-div\">\n  \n  \n\t\n\n\n\n<h3 class=\"bde-heading-559-146 bde-heading\">\nSkalierbar\n<\/h3><div class=\"bde-text-559-147 bde-text\">\nSichern Sie mehrere D\u00e4cher an unterschiedlichen Standorten? Unsere Systeme sind leicht zu erweitern.\n<\/div>\n<\/div>\n<\/div>\n<\/div><\/div><\/div>\n<\/section><section class=\"bde-section-559-153 bde-section\">\n              \n  \n  \n\t\n\n  <div class=\"section-background-overlay\"><\/div>\n\n\n<div class=\"section-container\"><div class=\"bde-columns-559-154 bde-columns\"><div class=\"bde-column-559-155 bde-column\">\n  \n  \n\t\n\n\n\n<div class=\"bde-rich-text-559-156 bde-rich-text breakdance-rich-text-styles\">\n<h2>Was Kunden sagen<\/h2>\n<\/div><div class=\"bde-shortcode-559-169 bde-shortcode\"><script defer async src='https:\/\/cdn.trustindex.io\/loader.js?d1e683a4712290818b66c7922f6'><\/script><\/div>\n<\/div><\/div><\/div>\n<\/section><section class=\"bde-section-559-158 bde-section\">\n  \n  \n\t\n\n\n\n<div class=\"section-container\"><div class=\"bde-columns-559-159 bde-columns\"><div class=\"bde-column-559-160 bde-column\">\n  \n  \n\t\n\n\n\n<div class=\"bde-rich-text-559-161 bde-rich-text breakdance-rich-text-styles\">\n<h2><span style=\"font-weight: 400;\">H\u00e4ufig gestellte Fragen<\/span><\/h2>\n<p><span style=\"font-weight: 400;\">Hier beantworten wir einige h\u00e4ufig gestellte Fragen zur Sicherheit von Solard\u00e4chern. Ist Ihre Frage nicht dabei? Dann nehmen Sie Kontakt auf.<\/span><\/p>\n<\/div><div class=\"bde-frequently-asked-questions-559-164 bde-frequently-asked-questions\">\n      <div class=\"bde-faq__item\">\n      <h3 class=\"bde-faq__title-tag\">\n       <button id=\"bde-faq-164-button-1\" aria-expanded=\"false\" aria-controls=\"bde-faq-164-1\" class=\"bde-faq__question js-faq-item\">\n          <span class=\"bde-faq__title\">Warum sichere Solard\u00e4cher?<\/span>\n                           <div aria-hidden=\"true\" class=\"bde-faq__icon bde-faq__icon--inactive\">\n                                <svg xmlns=\"http:\/\/www.w3.org\/2000\/svg\" viewbox=\"0 0 448 512\"><!--! Font Awesome Free 6.5.1 by @fontawesome - https:\/\/fontawesome.com License - https:\/\/fontawesome.com\/license\/free (Icons: CC BY 4.0, Fonts: SIL OFL 1.1, Code: MIT License) Copyright 2023 Fonticons, Inc. --><path d=\"M201.4 342.6c12.5 12.5 32.8 12.5 45.3 0l160-160c12.5-12.5 12.5-32.8 0-45.3s-32.8-12.5-45.3 0L224 274.7 86.6 137.4c-12.5-12.5-32.8-12.5-45.3 0s-12.5 32.8 0 45.3l160 160z\"\/><\/svg>\n                            <\/div>\n         \t  <div aria-hidden=\"true\" class=\"bde-faq__icon bde-faq__icon--active\">\n                                <svg xmlns=\"http:\/\/www.w3.org\/2000\/svg\" viewbox=\"0 0 448 512\"><!-- Font Awesome Free 5.15.1 by @fontawesome - https:\/\/fontawesome.com License - https:\/\/fontawesome.com\/license\/free (Icons: CC BY 4.0, Fonts: SIL OFL 1.1, Code: MIT License) --><path d=\"M416 208H32c-17.67 0-32 14.33-32 32v32c0 17.67 14.33 32 32 32h384c17.67 0 32-14.33 32-32v-32c0-17.67-14.33-32-32-32z\"\/><\/svg>\n                            <\/div>\n                  <\/button>\n      <\/h3>\n      <div role=\"region\" aria-labelledby=\"bde-faq-164-button-1\" id=\"bde-faq-164-1\" class=\"bde-faq__answer\">\n        <div class=\"bde-faq__answer-content\">\n            <div class=\"breakdance-rich-text-styles\"><hr \/>\n<p><span style=\"font-weight: 400;\">Solard\u00e4cher enthalten wertvolle Anlagen und erzeugen erneuerbare Energie, die f\u00fcr das Unternehmen oder das Stromnetz unerl\u00e4sslich ist. Sie sind anf\u00e4llig f\u00fcr Risiken wie Sabotage, Vandalismus, Diebstahl oder technische Ausf\u00e4lle. Eine gute Sicherung verhindert Sch\u00e4den, Ausfallzeiten und Ertragsverluste.<\/span><\/p><\/div>\n\n                    <\/div>\n      <\/div>\n    <\/div>\n      <div class=\"bde-faq__item\">\n      <h3 class=\"bde-faq__title-tag\">\n       <button id=\"bde-faq-164-button-2\" aria-expanded=\"false\" aria-controls=\"bde-faq-164-2\" class=\"bde-faq__question js-faq-item\">\n          <span class=\"bde-faq__title\">Wie lange wird die Installation dauern?<\/span>\n                           <div aria-hidden=\"true\" class=\"bde-faq__icon bde-faq__icon--inactive\">\n                                <svg xmlns=\"http:\/\/www.w3.org\/2000\/svg\" viewbox=\"0 0 448 512\"><!--! Font Awesome Free 6.5.1 by @fontawesome - https:\/\/fontawesome.com License - https:\/\/fontawesome.com\/license\/free (Icons: CC BY 4.0, Fonts: SIL OFL 1.1, Code: MIT License) Copyright 2023 Fonticons, Inc. --><path d=\"M201.4 342.6c12.5 12.5 32.8 12.5 45.3 0l160-160c12.5-12.5 12.5-32.8 0-45.3s-32.8-12.5-45.3 0L224 274.7 86.6 137.4c-12.5-12.5-32.8-12.5-45.3 0s-12.5 32.8 0 45.3l160 160z\"\/><\/svg>\n                            <\/div>\n         \t  <div aria-hidden=\"true\" class=\"bde-faq__icon bde-faq__icon--active\">\n                                <svg xmlns=\"http:\/\/www.w3.org\/2000\/svg\" viewbox=\"0 0 448 512\"><!-- Font Awesome Free 5.15.1 by @fontawesome - https:\/\/fontawesome.com License - https:\/\/fontawesome.com\/license\/free (Icons: CC BY 4.0, Fonts: SIL OFL 1.1, Code: MIT License) --><path d=\"M416 208H32c-17.67 0-32 14.33-32 32v32c0 17.67 14.33 32 32 32h384c17.67 0 32-14.33 32-32v-32c0-17.67-14.33-32-32-32z\"\/><\/svg>\n                            <\/div>\n                  <\/button>\n      <\/h3>\n      <div role=\"region\" aria-labelledby=\"bde-faq-164-button-2\" id=\"bde-faq-164-2\" class=\"bde-faq__answer\">\n        <div class=\"bde-faq__answer-content\">\n            <div class=\"breakdance-rich-text-styles\"><hr \/>\n<p><span style=\"font-weight: 400;\">Wir garantieren ein betriebsbereites Video\u00fcberwachungssystem in nur 4 Wochen.\u00a0<\/span><\/p><\/div>\n\n                    <\/div>\n      <\/div>\n    <\/div>\n      <div class=\"bde-faq__item\">\n      <h3 class=\"bde-faq__title-tag\">\n       <button id=\"bde-faq-164-button-3\" aria-expanded=\"false\" aria-controls=\"bde-faq-164-3\" class=\"bde-faq__question js-faq-item\">\n          <span class=\"bde-faq__title\">Wo ist Soldefence t\u00e4tig? <\/span>\n                           <div aria-hidden=\"true\" class=\"bde-faq__icon bde-faq__icon--inactive\">\n                                <svg xmlns=\"http:\/\/www.w3.org\/2000\/svg\" viewbox=\"0 0 448 512\"><!--! Font Awesome Free 6.5.1 by @fontawesome - https:\/\/fontawesome.com License - https:\/\/fontawesome.com\/license\/free (Icons: CC BY 4.0, Fonts: SIL OFL 1.1, Code: MIT License) Copyright 2023 Fonticons, Inc. --><path d=\"M201.4 342.6c12.5 12.5 32.8 12.5 45.3 0l160-160c12.5-12.5 12.5-32.8 0-45.3s-32.8-12.5-45.3 0L224 274.7 86.6 137.4c-12.5-12.5-32.8-12.5-45.3 0s-12.5 32.8 0 45.3l160 160z\"\/><\/svg>\n                            <\/div>\n         \t  <div aria-hidden=\"true\" class=\"bde-faq__icon bde-faq__icon--active\">\n                                <svg xmlns=\"http:\/\/www.w3.org\/2000\/svg\" viewbox=\"0 0 448 512\"><!-- Font Awesome Free 5.15.1 by @fontawesome - https:\/\/fontawesome.com License - https:\/\/fontawesome.com\/license\/free (Icons: CC BY 4.0, Fonts: SIL OFL 1.1, Code: MIT License) --><path d=\"M416 208H32c-17.67 0-32 14.33-32 32v32c0 17.67 14.33 32 32 32h384c17.67 0 32-14.33 32-32v-32c0-17.67-14.33-32-32-32z\"\/><\/svg>\n                            <\/div>\n                  <\/button>\n      <\/h3>\n      <div role=\"region\" aria-labelledby=\"bde-faq-164-button-3\" id=\"bde-faq-164-3\" class=\"bde-faq__answer\">\n        <div class=\"bde-faq__answer-content\">\n            <div class=\"breakdance-rich-text-styles\"><hr \/>\n<p><span style=\"font-weight: 400;\">Wir bieten globale Sicherheit.\u00a0<\/span><\/p><\/div>\n\n                    <\/div>\n      <\/div>\n    <\/div>\n  \n<\/div>\n<\/div><\/div><\/div>\n<\/section><section class=\"bde-section-559-165 bde-section\">\n              \n  \n  \n\t\n\n  <div class=\"section-background-overlay\"><\/div>\n\n\n<div class=\"section-container\"><h2 class=\"bde-heading-559-166 bde-heading\">\nLassen Sie Ihr Solardach professionell sichern\n<\/h2><div class=\"bde-text-559-167 bde-text\">\nGemeinsam sch\u00fctzen wir Ihre wertvollen Verm\u00f6genswerte vor Diebstahl und Ausfallzeiten.\n<\/div><div class=\"bde-button-559-168 bde-button\">\n    \n                        \n                        \n    \n    \n    \n    \n            \n                    \n            \n            \n\n    \n    \n    \n    \n    \n    <a class=\"breakdance-link button-atom button-atom--primary bde-button__button\" href=\"\/de\/angebot\/\" target=\"_self\" data-type=\"url\"  >\n\n    \n        <span class=\"button-atom__text\">Angebot anfordern<\/span>\n\n        \n        \n                <\/a>\n\n    \n\n\n<\/div><\/div>\n<\/section>","protected":false},"excerpt":{"rendered":"<p>Home Zonnedaken Zonnedaken vereisen slimme beveiliging. Wij zorgen voor zicht, veiligheid en vertrouwen. Nu en in de toekomst. Proactieve beveiliging van zonnedaken Het aantal zonnedaken groeit snel. Grote bedrijfsdaken, distributiecentra en overheidsgebouwen worden steeds vaker gebruikt voor de opwekking van duurzame energie. Deze installaties zijn van grote waarde, niet alleen vanwege de kostbare zonnepanelen, maar [&hellip;]<\/p>\n","protected":false},"author":5,"featured_media":0,"parent":131,"menu_order":0,"comment_status":"closed","ping_status":"closed","template":"","meta":{"inline_featured_image":false,"_breakdance_hide_in_design_set":false,"_breakdance_tags":"","footnotes":""},"class_list":["post-559","page","type-page","status-publish","hentry"],"_links":{"self":[{"href":"https:\/\/soldefence.com\/de\/wp-json\/wp\/v2\/pages\/559","targetHints":{"allow":["GET"]}}],"collection":[{"href":"https:\/\/soldefence.com\/de\/wp-json\/wp\/v2\/pages"}],"about":[{"href":"https:\/\/soldefence.com\/de\/wp-json\/wp\/v2\/types\/page"}],"author":[{"embeddable":true,"href":"https:\/\/soldefence.com\/de\/wp-json\/wp\/v2\/users\/5"}],"replies":[{"embeddable":true,"href":"https:\/\/soldefence.com\/de\/wp-json\/wp\/v2\/comments?post=559"}],"version-history":[{"count":17,"href":"https:\/\/soldefence.com\/de\/wp-json\/wp\/v2\/pages\/559\/revisions"}],"predecessor-version":[{"id":985,"href":"https:\/\/soldefence.com\/de\/wp-json\/wp\/v2\/pages\/559\/revisions\/985"}],"up":[{"embeddable":true,"href":"https:\/\/soldefence.com\/de\/wp-json\/wp\/v2\/pages\/131"}],"wp:attachment":[{"href":"https:\/\/soldefence.com\/de\/wp-json\/wp\/v2\/media?parent=559"}],"curies":[{"name":"wp","href":"https:\/\/api.w.org\/{rel}","templated":true}]}}