{"id":575,"date":"2025-06-06T14:54:21","date_gmt":"2025-06-06T14:54:21","guid":{"rendered":"https:\/\/soldefence.com\/?page_id=575"},"modified":"2025-07-31T09:12:51","modified_gmt":"2025-07-31T07:12:51","slug":"wartung-und-instandhaltung","status":"publish","type":"page","link":"https:\/\/soldefence.com\/de\/assetbeveiliging\/service-en-onderhoud\/","title":{"rendered":"Wartung und Instandhaltung"},"content":{"rendered":"<section class=\"bde-section-575-100 bde-section\">\n              \n  \n  \n\t\n\n  <div class=\"section-background-overlay\"><\/div>\n\n\n<div class=\"section-container\"><div class=\"bde-columns-575-101 bde-columns\"><div class=\"bde-column-575-102 bde-column\">\n  \n  \n\t\n\n\n\n<div class=\"bde-breadcrumbs-575-103 bde-breadcrumbs\"><nav aria-label=\"Semmelbr\u00f6sel\" class=\"rank-math-breadcrumb\"><p><span class=\"last\">Startseite<\/span><\/p><\/nav><\/div><h1 class=\"bde-heading-575-104 bde-heading\">\nWartung und Instandhaltung\n<\/h1><div class=\"bde-text-575-107 bde-text\">\nIhr System erf\u00fcllt alle Anforderungen von Versicherern und Aufsichtsbeh\u00f6rden. Jetzt und in Zukunft.\n<\/div>\n<\/div><div class=\"bde-column-575-105 bde-column\">\n  \n  \n\t\n\n\n\n\n<\/div><\/div><\/div>\n<\/section><section class=\"bde-section-575-108 bde-section\">\n  \n  \n\t\n\n\n\n<div class=\"section-container\"><div class=\"bde-rich-text-575-109 bde-rich-text breakdance-rich-text-styles\">\n<h2><span style=\"font-weight: 400;\">Dauerhafte Sicherheit f\u00fcr Ihr Verm\u00f6gen<\/span><\/h2>\n<p><span style=\"font-weight: 400;\">Soldefence bietet ein zukunftssicheres System. Unsere Sicherheitsl\u00f6sungen erf\u00fcllen alle Anforderungen von Versicherern und Aufsichtsbeh\u00f6rden. Eine dieser Anforderungen ist, dass das System nachweislich gewartet wird.\u00a0<\/span><\/p>\n<p><span style=\"font-weight: 400;\">Service und Wartung sind unerl\u00e4sslich, um sicherzustellen, dass die Sicherheitsma\u00dfnahmen nicht nur wirksam sind, sondern auch in Zukunft bleiben. Unser Service endet nicht mit der Installation eines Sicherheitssystems, sondern geht dar\u00fcber hinaus. Wir sorgen daf\u00fcr, dass Ihr System auch in Zukunft einwandfrei funktioniert.<\/span><\/p>\n<\/div><\/div>\n<\/section><section class=\"bde-section-575-110 bde-section\">\n  \n  \n\t\n\n\n\n<div class=\"section-container\"><div class=\"bde-columns-575-111 bde-columns\"><div class=\"bde-column-575-114 bde-column\">\n  \n  \n\t\n\n\n\n<div class=\"bde-rich-text-575-115 bde-rich-text breakdance-rich-text-styles\">\n<h2><span style=\"font-weight: 400;\">Warum Wartung unerl\u00e4sslich ist<\/span><\/h2>\n<p><span style=\"font-weight: 400;\">Ein Sicherheitssystem muss rund um die Uhr funktionieren. Kameras, Sensoren, Server und Kontrollraumverbindungen m\u00fcssen immer einwandfrei funktionieren. Ohne regelm\u00e4\u00dfige Kontrollen und Wartung k\u00f6nnen Probleme wie z. B.:<\/span><\/p>\n<ul>\n<li style=\"font-weight: 400;\" aria-level=\"1\"><span style=\"font-weight: 400;\">Falsche oder fehlende Meldungen<\/span><\/li>\n<li style=\"font-weight: 400;\" aria-level=\"1\"><span style=\"font-weight: 400;\">Nicht funktionierende Kontrollraumverbindungen<\/span><\/li>\n<li style=\"font-weight: 400;\" aria-level=\"1\"><span style=\"font-weight: 400;\">Verringerung der Erkennungsgenauigkeit<\/span><\/li>\n<\/ul>\n<p><span style=\"font-weight: 400;\">Dar\u00fcber hinaus verl\u00e4ngert die regelm\u00e4\u00dfige Wartung die Lebensdauer Ihres Sicherheitssystems und sorgt daf\u00fcr, dass Sie alle geltenden Normen einhalten. Bei Pannen oder Problemen sind wir nat\u00fcrlich rund um die Uhr erreichbar.<\/span><\/p>\n<\/div>\n<\/div><div class=\"bde-column-575-112 bde-column\">\n  \n  \n\t\n\n\n\n<img decoding=\"async\" class=\"bde-image2-575-113 bde-image2\" src=\"https:\/\/soldefence.com\/wp-content\/uploads\/2025\/06\/Service-en-onderhoud-1-scaled.jpg\" alt=\"Wartung und Instandhaltung\" loading=\"lazy\" srcset=\"https:\/\/soldefence.com\/wp-content\/uploads\/2025\/06\/Service-en-onderhoud-1-scaled.jpg 2560w, https:\/\/soldefence.com\/wp-content\/uploads\/2025\/06\/Service-en-onderhoud-1-300x169.jpg 300w, https:\/\/soldefence.com\/wp-content\/uploads\/2025\/06\/Service-en-onderhoud-1-1024x576.jpg 1024w, https:\/\/soldefence.com\/wp-content\/uploads\/2025\/06\/Service-en-onderhoud-1-768x432.jpg 768w, https:\/\/soldefence.com\/wp-content\/uploads\/2025\/06\/Service-en-onderhoud-1-1536x864.jpg 1536w, https:\/\/soldefence.com\/wp-content\/uploads\/2025\/06\/Service-en-onderhoud-1-2048x1152.jpg 2048w\" sizes=\"(max-width: 2560px) 100vw, 2560px\">\n<\/div><\/div><\/div>\n<\/section><section class=\"bde-section-575-116 bde-section\">\n  \n  \n\t\n\n\n\n<div class=\"section-container\"><div class=\"bde-columns-575-117 bde-columns\"><div class=\"bde-column-575-129 bde-column\">\n  \n  \n\t\n\n\n\n<div class=\"bde-rich-text-575-130 bde-rich-text breakdance-rich-text-styles\">\n<h2><span style=\"font-weight: 400;\">Unsere Service- und Wartungsleistungen<\/span><\/h2>\n<p><span style=\"font-weight: 400;\">Nach der Installation bieten wir Service und Wartung Ihres Sicherheitssystems an. Jede Inspektions- und Wartungsleistung wird in einem Wartungsbericht festgehalten.\u00a0<\/span><\/p>\n<\/div><img decoding=\"async\" class=\"bde-image2-575-131 bde-image2\" src=\"https:\/\/soldefence.com\/wp-content\/uploads\/2025\/06\/Service-en-onderhoud-2-scaled.jpg\" alt=\"Wartung und Instandhaltung des Sicherheitssystems\" loading=\"lazy\" srcset=\"https:\/\/soldefence.com\/wp-content\/uploads\/2025\/06\/Service-en-onderhoud-2-scaled.jpg 2560w, https:\/\/soldefence.com\/wp-content\/uploads\/2025\/06\/Service-en-onderhoud-2-300x169.jpg 300w, https:\/\/soldefence.com\/wp-content\/uploads\/2025\/06\/Service-en-onderhoud-2-1024x576.jpg 1024w, https:\/\/soldefence.com\/wp-content\/uploads\/2025\/06\/Service-en-onderhoud-2-768x432.jpg 768w, https:\/\/soldefence.com\/wp-content\/uploads\/2025\/06\/Service-en-onderhoud-2-1536x864.jpg 1536w, https:\/\/soldefence.com\/wp-content\/uploads\/2025\/06\/Service-en-onderhoud-2-2048x1152.jpg 2048w\" sizes=\"(max-width: 2560px) 100vw, 2560px\">\n<\/div><div class=\"bde-column-575-118 bde-column\">\n  \n  \n\t\n\n\n\n<div class=\"bde-div-575-119 bde-div\">\n  \n  \n\t\n\n\n\n<div class=\"bde-icon-575-120 bde-icon\">\n\n    \n            <div class=\"bde-icon-icon breakdance-icon-atom\" >\n    \n                    <svg xmlns=\"http:\/\/www.w3.org\/2000\/svg\" xmlns:xlink=\"http:\/\/www.w3.org\/1999\/xlink\" version=\"1.1\" width=\"512\" height=\"512\" x=\"0\" y=\"0\" viewbox=\"0 0 409.592 409.592\" style=\"enable-background:new 0 0 512 512\" xml:space=\"preserve\" class=\"\"><g><path d=\"m399.643 180.659-27.935-27.93c-6.63-6.63-12.063-19.732-12.063-29.128v-39.5c0-18.79-15.35-34.14-34.135-34.15h-39.516c-9.385 0-22.502-5.443-29.133-12.068l-27.93-27.93c-13.271-13.271-35-13.271-48.271 0l-27.93 27.95c-6.636 6.63-19.768 12.058-29.133 12.058h-39.5c-18.765 0-34.135 15.35-34.135 34.14v39.501c0 9.359-5.432 22.502-12.063 29.128L9.964 180.66c-13.281 13.271-13.281 35 0 48.292l27.935 27.93c6.635 6.63 12.063 19.768 12.063 29.128v39.501c0 18.77 15.37 34.14 34.135 34.14h39.501c9.385 0 22.502 5.432 29.133 12.058l27.93 27.94c13.271 13.261 35 13.261 48.271 0l27.93-27.94c6.636-6.63 19.748-12.058 29.133-12.058h39.516c18.785 0 34.135-15.37 34.135-34.14V286.01c0-9.4 5.437-22.502 12.063-29.128l27.935-27.93c13.26-13.292 13.26-35.022-.001-48.293zM177.701 281.6l-75.31-75.32 24.136-24.131 51.18 51.18L283.061 128l24.13 24.131L177.701 281.6z\" fill=\"#fdb813\" opacity=\"1\" data-original=\"#000000\" class=\"\"\/><\/g><\/svg>\n        \n        \n        \n            <\/div>\n    \n\n\n<\/div><div class=\"bde-div-575-121 bde-div\">\n  \n  \n\t\n\n\n\n<h3 class=\"bde-heading-575-122 bde-heading\">\nRegelm\u00e4\u00dfige Kontrollen\n<\/h3><div class=\"bde-text-575-123 bde-text\">\nWir f\u00fchren regelm\u00e4\u00dfige Kontrollen durch, bei denen wir die Kameraeinstellungen, die Netzwerkverbindungen und die Erkennungsgenauigkeit \u00fcberpr\u00fcfen. Wir testen auch die Reaktionszeit der \u00dcberwachungszentrale, um eine schnelle Nachverfolgung zu gew\u00e4hrleisten.<br>\n<\/div>\n<\/div>\n<\/div><div class=\"bde-div-575-124 bde-div\">\n  \n  \n\t\n\n\n\n<div class=\"bde-icon-575-125 bde-icon\">\n\n    \n            <div class=\"bde-icon-icon breakdance-icon-atom\" >\n    \n                    <svg xmlns=\"http:\/\/www.w3.org\/2000\/svg\" xmlns:xlink=\"http:\/\/www.w3.org\/1999\/xlink\" version=\"1.1\" width=\"512\" height=\"512\" x=\"0\" y=\"0\" viewbox=\"0 0 409.592 409.592\" style=\"enable-background:new 0 0 512 512\" xml:space=\"preserve\" class=\"\"><g><path d=\"m399.643 180.659-27.935-27.93c-6.63-6.63-12.063-19.732-12.063-29.128v-39.5c0-18.79-15.35-34.14-34.135-34.15h-39.516c-9.385 0-22.502-5.443-29.133-12.068l-27.93-27.93c-13.271-13.271-35-13.271-48.271 0l-27.93 27.95c-6.636 6.63-19.768 12.058-29.133 12.058h-39.5c-18.765 0-34.135 15.35-34.135 34.14v39.501c0 9.359-5.432 22.502-12.063 29.128L9.964 180.66c-13.281 13.271-13.281 35 0 48.292l27.935 27.93c6.635 6.63 12.063 19.768 12.063 29.128v39.501c0 18.77 15.37 34.14 34.135 34.14h39.501c9.385 0 22.502 5.432 29.133 12.058l27.93 27.94c13.271 13.261 35 13.261 48.271 0l27.93-27.94c6.636-6.63 19.748-12.058 29.133-12.058h39.516c18.785 0 34.135-15.37 34.135-34.14V286.01c0-9.4 5.437-22.502 12.063-29.128l27.935-27.93c13.26-13.292 13.26-35.022-.001-48.293zM177.701 281.6l-75.31-75.32 24.136-24.131 51.18 51.18L283.061 128l24.13 24.131L177.701 281.6z\" fill=\"#fdb813\" opacity=\"1\" data-original=\"#000000\" class=\"\"\/><\/g><\/svg>\n        \n        \n        \n            <\/div>\n    \n\n\n<\/div><div class=\"bde-div-575-126 bde-div\">\n  \n  \n\t\n\n\n\n<h3 class=\"bde-heading-575-127 bde-heading\">\nAktualisierung und Optimierung\n<\/h3><div class=\"bde-text-575-128 bde-text\">\nWir ersetzen, aktualisieren oder optimieren Komponenten von Sicherheitssystemen. Wir tun dies proaktiv, um Ausf\u00e4llen vorzubeugen und Ihr System mit den aktuellen Standards kompatibel zu halten.\n<\/div>\n<\/div>\n<\/div>\n<\/div><\/div><\/div>\n<\/section><section class=\"bde-section-575-132 bde-section\">\n              \n  \n  \n\t\n\n  <div class=\"section-background-overlay\"><\/div>\n\n\n<div class=\"section-container\"><div class=\"bde-columns-575-133 bde-columns\"><div class=\"bde-column-575-134 bde-column\">\n  \n  \n\t\n\n\n\n<div class=\"bde-rich-text-575-135 bde-rich-text breakdance-rich-text-styles\">\n<h2>Was Kunden sagen<\/h2>\n<\/div><div class=\"bde-shortcode-575-148 bde-shortcode\"><script defer async src='https:\/\/cdn.trustindex.io\/loader.js?d1e683a4712290818b66c7922f6'><\/script><\/div>\n<\/div><\/div><\/div>\n<\/section><section class=\"bde-section-575-137 bde-section\">\n  \n  \n\t\n\n\n\n<div class=\"section-container\"><div class=\"bde-columns-575-138 bde-columns\"><div class=\"bde-column-575-139 bde-column\">\n  \n  \n\t\n\n\n\n<div class=\"bde-rich-text-575-140 bde-rich-text breakdance-rich-text-styles\">\n<h2><span style=\"font-weight: 400;\">H\u00e4ufig gestellte Fragen<\/span><\/h2>\n<p><span style=\"font-weight: 400;\">Hier beantworten wir einige h\u00e4ufig gestellte Fragen zu Service und Wartung. Ist Ihre Frage nicht dabei? Dann nehmen Sie Kontakt auf.<\/span><\/p>\n<\/div><div class=\"bde-frequently-asked-questions-575-143 bde-frequently-asked-questions\">\n      <div class=\"bde-faq__item\">\n      <h3 class=\"bde-faq__title-tag\">\n       <button id=\"bde-faq-143-button-1\" aria-expanded=\"false\" aria-controls=\"bde-faq-143-1\" class=\"bde-faq__question js-faq-item\">\n          <span class=\"bde-faq__title\">Warum ist Wartung notwendig?<br><\/span>\n                           <div aria-hidden=\"true\" class=\"bde-faq__icon bde-faq__icon--inactive\">\n                                <svg xmlns=\"http:\/\/www.w3.org\/2000\/svg\" viewbox=\"0 0 448 512\"><!--! Font Awesome Free 6.5.1 by @fontawesome - https:\/\/fontawesome.com License - https:\/\/fontawesome.com\/license\/free (Icons: CC BY 4.0, Fonts: SIL OFL 1.1, Code: MIT License) Copyright 2023 Fonticons, Inc. --><path d=\"M201.4 342.6c12.5 12.5 32.8 12.5 45.3 0l160-160c12.5-12.5 12.5-32.8 0-45.3s-32.8-12.5-45.3 0L224 274.7 86.6 137.4c-12.5-12.5-32.8-12.5-45.3 0s-12.5 32.8 0 45.3l160 160z\"\/><\/svg>\n                            <\/div>\n         \t  <div aria-hidden=\"true\" class=\"bde-faq__icon bde-faq__icon--active\">\n                                <svg xmlns=\"http:\/\/www.w3.org\/2000\/svg\" viewbox=\"0 0 448 512\"><!-- Font Awesome Free 5.15.1 by @fontawesome - https:\/\/fontawesome.com License - https:\/\/fontawesome.com\/license\/free (Icons: CC BY 4.0, Fonts: SIL OFL 1.1, Code: MIT License) --><path d=\"M416 208H32c-17.67 0-32 14.33-32 32v32c0 17.67 14.33 32 32 32h384c17.67 0 32-14.33 32-32v-32c0-17.67-14.33-32-32-32z\"\/><\/svg>\n                            <\/div>\n                  <\/button>\n      <\/h3>\n      <div role=\"region\" aria-labelledby=\"bde-faq-143-button-1\" id=\"bde-faq-143-1\" class=\"bde-faq__answer\">\n        <div class=\"bde-faq__answer-content\">\n            <div class=\"breakdance-rich-text-styles\"><hr \/>\n<p><span style=\"font-weight: 400;\">Die Wartung ist notwendig, um den ordnungsgem\u00e4\u00dfen Betrieb des Sicherheitssystems zu gew\u00e4hrleisten. Sie verhindert Ausf\u00e4lle und verl\u00e4ngert die Lebensdauer Ihrer Investition. <\/span><\/p><\/div>\n\n                    <\/div>\n      <\/div>\n    <\/div>\n      <div class=\"bde-faq__item\">\n      <h3 class=\"bde-faq__title-tag\">\n       <button id=\"bde-faq-143-button-2\" aria-expanded=\"false\" aria-controls=\"bde-faq-143-2\" class=\"bde-faq__question js-faq-item\">\n          <span class=\"bde-faq__title\">Wie oft wird mein System gewartet?<\/span>\n                           <div aria-hidden=\"true\" class=\"bde-faq__icon bde-faq__icon--inactive\">\n                                <svg xmlns=\"http:\/\/www.w3.org\/2000\/svg\" viewbox=\"0 0 448 512\"><!--! Font Awesome Free 6.5.1 by @fontawesome - https:\/\/fontawesome.com License - https:\/\/fontawesome.com\/license\/free (Icons: CC BY 4.0, Fonts: SIL OFL 1.1, Code: MIT License) Copyright 2023 Fonticons, Inc. --><path d=\"M201.4 342.6c12.5 12.5 32.8 12.5 45.3 0l160-160c12.5-12.5 12.5-32.8 0-45.3s-32.8-12.5-45.3 0L224 274.7 86.6 137.4c-12.5-12.5-32.8-12.5-45.3 0s-12.5 32.8 0 45.3l160 160z\"\/><\/svg>\n                            <\/div>\n         \t  <div aria-hidden=\"true\" class=\"bde-faq__icon bde-faq__icon--active\">\n                                <svg xmlns=\"http:\/\/www.w3.org\/2000\/svg\" viewbox=\"0 0 448 512\"><!-- Font Awesome Free 5.15.1 by @fontawesome - https:\/\/fontawesome.com License - https:\/\/fontawesome.com\/license\/free (Icons: CC BY 4.0, Fonts: SIL OFL 1.1, Code: MIT License) --><path d=\"M416 208H32c-17.67 0-32 14.33-32 32v32c0 17.67 14.33 32 32 32h384c17.67 0 32-14.33 32-32v-32c0-17.67-14.33-32-32-32z\"\/><\/svg>\n                            <\/div>\n                  <\/button>\n      <\/h3>\n      <div role=\"region\" aria-labelledby=\"bde-faq-143-button-2\" id=\"bde-faq-143-2\" class=\"bde-faq__answer\">\n        <div class=\"bde-faq__answer-content\">\n            <div class=\"breakdance-rich-text-styles\"><hr \/>\n<p><span style=\"font-weight: 400;\">Das h\u00e4ngt von Ihrem Standort und der Anzahl der Kameras ab. Wir planen unsere Wartungstermine weit im Voraus.\u00a0<\/span><\/p><\/div>\n\n                    <\/div>\n      <\/div>\n    <\/div>\n      <div class=\"bde-faq__item\">\n      <h3 class=\"bde-faq__title-tag\">\n       <button id=\"bde-faq-143-button-3\" aria-expanded=\"false\" aria-controls=\"bde-faq-143-3\" class=\"bde-faq__question js-faq-item\">\n          <span class=\"bde-faq__title\">Was passiert, wenn eine St\u00f6rung auftritt?<\/span>\n                           <div aria-hidden=\"true\" class=\"bde-faq__icon bde-faq__icon--inactive\">\n                                <svg xmlns=\"http:\/\/www.w3.org\/2000\/svg\" viewbox=\"0 0 448 512\"><!--! Font Awesome Free 6.5.1 by @fontawesome - https:\/\/fontawesome.com License - https:\/\/fontawesome.com\/license\/free (Icons: CC BY 4.0, Fonts: SIL OFL 1.1, Code: MIT License) Copyright 2023 Fonticons, Inc. --><path d=\"M201.4 342.6c12.5 12.5 32.8 12.5 45.3 0l160-160c12.5-12.5 12.5-32.8 0-45.3s-32.8-12.5-45.3 0L224 274.7 86.6 137.4c-12.5-12.5-32.8-12.5-45.3 0s-12.5 32.8 0 45.3l160 160z\"\/><\/svg>\n                            <\/div>\n         \t  <div aria-hidden=\"true\" class=\"bde-faq__icon bde-faq__icon--active\">\n                                <svg xmlns=\"http:\/\/www.w3.org\/2000\/svg\" viewbox=\"0 0 448 512\"><!-- Font Awesome Free 5.15.1 by @fontawesome - https:\/\/fontawesome.com License - https:\/\/fontawesome.com\/license\/free (Icons: CC BY 4.0, Fonts: SIL OFL 1.1, Code: MIT License) --><path d=\"M416 208H32c-17.67 0-32 14.33-32 32v32c0 17.67 14.33 32 32 32h384c17.67 0 32-14.33 32-32v-32c0-17.67-14.33-32-32-32z\"\/><\/svg>\n                            <\/div>\n                  <\/button>\n      <\/h3>\n      <div role=\"region\" aria-labelledby=\"bde-faq-143-button-3\" id=\"bde-faq-143-3\" class=\"bde-faq__answer\">\n        <div class=\"bde-faq__answer-content\">\n            <div class=\"breakdance-rich-text-styles\"><hr \/>\n<p><span style=\"font-weight: 400;\">Wir haben einen Pannendienst, der 24\/7 verf\u00fcgbar ist. Probleme werden aus der Ferne oder vor Ort gel\u00f6st.\u00a0<\/span><\/p><\/div>\n\n                    <\/div>\n      <\/div>\n    <\/div>\n  \n<\/div>\n<\/div><\/div><\/div>\n<\/section><section class=\"bde-section-575-144 bde-section\">\n              \n  \n  \n\t\n\n  <div class=\"section-background-overlay\"><\/div>\n\n\n<div class=\"section-container\"><h2 class=\"bde-heading-575-145 bde-heading\">\nSichern Sie Ihr Verm\u00f6gen mit Soldefence\n<\/h2><div class=\"bde-text-575-146 bde-text\">\nGemeinsam sch\u00fctzen wir Ihre wertvollen Verm\u00f6genswerte vor Diebstahl und Ausfallzeiten.\n<\/div><div class=\"bde-button-575-147 bde-button\">\n    \n                        \n                        \n    \n    \n    \n    \n            \n                    \n            \n            \n\n    \n    \n    \n    \n    \n    <a class=\"breakdance-link button-atom button-atom--primary bde-button__button\" href=\"\/de\/angebot\/\" target=\"_self\" data-type=\"url\"  >\n\n    \n        <span class=\"button-atom__text\">Angebot anfordern<\/span>\n\n        \n        \n                <\/a>\n\n    \n\n\n<\/div><\/div>\n<\/section>","protected":false},"excerpt":{"rendered":"<p>Home Service en onderhoud Uw systeem voldoet aan alle eisen van verzekeraars en toezichthouders. Nu \u00e9n in de toekomst. Blijvende zekerheid voor uw assets Soldefence biedt een systeem dat klaar is voor de toekomst. Onze beveiligingsoplossingen voldoen aan alle eisen van verzekeraars en toezichthouders. Een van deze eisen is dat het systeem aantoonbaar onderhouden wordt.\u00a0 [&hellip;]<\/p>\n","protected":false},"author":5,"featured_media":0,"parent":131,"menu_order":0,"comment_status":"closed","ping_status":"closed","template":"","meta":{"inline_featured_image":false,"_breakdance_hide_in_design_set":false,"_breakdance_tags":"","footnotes":""},"class_list":["post-575","page","type-page","status-publish","hentry"],"_links":{"self":[{"href":"https:\/\/soldefence.com\/de\/wp-json\/wp\/v2\/pages\/575","targetHints":{"allow":["GET"]}}],"collection":[{"href":"https:\/\/soldefence.com\/de\/wp-json\/wp\/v2\/pages"}],"about":[{"href":"https:\/\/soldefence.com\/de\/wp-json\/wp\/v2\/types\/page"}],"author":[{"embeddable":true,"href":"https:\/\/soldefence.com\/de\/wp-json\/wp\/v2\/users\/5"}],"replies":[{"embeddable":true,"href":"https:\/\/soldefence.com\/de\/wp-json\/wp\/v2\/comments?post=575"}],"version-history":[{"count":16,"href":"https:\/\/soldefence.com\/de\/wp-json\/wp\/v2\/pages\/575\/revisions"}],"predecessor-version":[{"id":1005,"href":"https:\/\/soldefence.com\/de\/wp-json\/wp\/v2\/pages\/575\/revisions\/1005"}],"up":[{"embeddable":true,"href":"https:\/\/soldefence.com\/de\/wp-json\/wp\/v2\/pages\/131"}],"wp:attachment":[{"href":"https:\/\/soldefence.com\/de\/wp-json\/wp\/v2\/media?parent=575"}],"curies":[{"name":"wp","href":"https:\/\/api.w.org\/{rel}","templated":true}]}}