{"id":131,"date":"2025-05-16T13:46:45","date_gmt":"2025-05-16T13:46:45","guid":{"rendered":"https:\/\/soldefence.com\/?page_id=131"},"modified":"2026-01-21T14:47:44","modified_gmt":"2026-01-21T12:47:44","slug":"asset-protection","status":"publish","type":"page","link":"https:\/\/soldefence.com\/en\/assetbeveiliging\/","title":{"rendered":"Asset protection"},"content":{"rendered":"<section class=\"bde-section-131-100 bde-section\">\n              \n  \n  \n\t\n\n  <div class=\"section-background-overlay\"><\/div>\n\n\n<div class=\"section-container\"><div class=\"bde-columns-131-101 bde-columns\"><div class=\"bde-column-131-102 bde-column\">\n  \n  \n\t\n\n\n\n<div class=\"bde-breadcrumbs-131-109 bde-breadcrumbs\"><nav aria-label=\"breadcrumbs\" class=\"rank-math-breadcrumb\"><p><span class=\"last\">Home<\/span><\/p><\/nav><\/div><h1 class=\"bde-heading-131-108 bde-heading\">\nAsset protection\n<\/h1><div class=\"bde-text-131-107 bde-text\">\nAdvanced asset protection for energy projects worldwide.\n<\/div>\n<\/div><div class=\"bde-column-131-105 bde-column\">\n  \n  \n\t\n\n\n\n\n<\/div><\/div><\/div>\n<\/section><section class=\"bde-section-131-110 bde-section\">\n  \n  \n\t\n\n\n\n<div class=\"section-container\"><div class=\"bde-rich-text-131-113 bde-rich-text breakdance-rich-text-styles\">\n<h2>What does Soldefence do?<\/h2>\n<p>Soldefence is a specialist in <strong>asset protection. <\/strong>Using advanced technology, we secure solar farms, rooftop solar installations and wind farms across Europe and beyond. We work in partnership with one of the world\u2019s leading manufacturers of security cameras, delivering a fully integrated system that performs reliably under all conditions.<\/p>\n<p>Our AI technology takes asset protection to the next level. Thanks to our intelligent detection, we reduce false alarms, save significantly on operational costs while maximising the protection of your energy assets.\u00a0<\/p>\n<p>With our unique <a href=\"\/en\/asset-protection\/solar-farm-certification\/\">certification<\/a> you can demonstrate to insurers, investors and stakeholders that your asset protection meets European standards and international requirements.<\/p>\n<\/div><div class=\"bde-button-131-339 bde-button\">\n    \n                                    \n    \n    \n    \n    \n            \n                    \n            \n            \n\n    \n    \n    \n    \n    \n    <a class=\"breakdance-link button-atom button-atom--primary bde-button__button\" href=\"\/en\/contact\/\" target=\"_self\" data-type=\"url\"  >\n\n    \n        <span class=\"button-atom__text\">Get in touch<\/span>\n\n        \n        \n                <\/a>\n\n    \n\n\n<\/div><\/div>\n<\/section><section class=\"bde-section-131-114 bde-section\">\n              \n  \n  \n\t\n\n  <div class=\"section-background-overlay\"><\/div>\n\n\n<div class=\"section-container\"><div class=\"bde-rich-text-131-115 bde-rich-text breakdance-rich-text-styles\">\n<h2>What we offer<\/h2>\n<p>Soldefence offers a total asset protection solution, specifically tailored to the challenges of your energy project and insurance requirements.\u00a0<\/p>\n<\/div><div class=\"bde-columns-131-245 bde-columns\"><div class=\"bde-column-131-246 bde-column\">\n  \n  \n\t\n\n\n\n<div class=\"bde-div-131-247 bde-div\">\n  \n  \n\t\n\n\n\n<h3 class=\"bde-heading-131-248 bde-heading\">\nSolar farms\n<\/h3><div class=\"bde-text-131-249 bde-text\">\nSoldefence provides reliable security for solar parks, regardless of the size or location of the site.\n<\/div><a class=\"bde-text-link-131-250 bde-text-link breakdance-link\" href=\"\/en\/asset-protection\/solar-parks\/\" target=\"_self\" data-type=\"url\">\n  Read more <img decoding=\"async\" style=\"width:12px; height: 12px; margin: auto auto auto 5px; \" src=\"\/wp-content\/uploads\/2025\/05\/pijl.svg\" alt=\"arrow\" class=\"pijl\">\n\n<\/a>\n<\/div>\n<\/div><div class=\"bde-column-131-251 bde-column\">\n  \n  \n\t\n\n\n\n<div class=\"bde-div-131-252 bde-div\">\n  \n  \n\t\n\n\n\n<h3 class=\"bde-heading-131-253 bde-heading\">\nWind farms\n<\/h3><div class=\"bde-text-131-254 bde-text\">\nWind farms are often located in expansive areas, where visibility and accessibility are limited.\n<\/div><a class=\"bde-text-link-131-255 bde-text-link breakdance-link\" href=\"\/en\/asset-protection\/wind-farms\/\" target=\"_self\" data-type=\"url\">\n  Read more <img decoding=\"async\" style=\"width:12px; height: 12px; margin: auto auto auto 5px; \" src=\"\/wp-content\/uploads\/2025\/05\/pijl.svg\" alt=\"arrow\" class=\"pijl\">\n\n<\/a>\n<\/div>\n<\/div><div class=\"bde-column-131-256 bde-column\">\n  \n  \n\t\n\n\n\n<div class=\"bde-div-131-257 bde-div\">\n  \n  \n\t\n\n\n\n<h3 class=\"bde-heading-131-258 bde-heading\">\nBattery storage\n<\/h3><div class=\"bde-text-131-259 bde-text\">\nBattery storage requires specialised security. We provide tailored solutions to meet these specific needs.\n<\/div><a class=\"bde-text-link-131-260 bde-text-link breakdance-link\" href=\"\/en\/asset-protection\/battery-storage\/\" target=\"_self\" data-type=\"url\">\n  Read more <img decoding=\"async\" style=\"width:12px; height: 12px; margin: auto auto auto 5px; \" src=\"\/wp-content\/uploads\/2025\/05\/pijl.svg\" alt=\"arrow\" class=\"pijl\">\n\n<\/a>\n<\/div>\n<\/div><div class=\"bde-column-131-262 bde-column\">\n  \n  \n\t\n\n\n\n<div class=\"bde-div-131-263 bde-div\">\n  \n  \n\t\n\n\n\n<h3 class=\"bde-heading-131-264 bde-heading\">\nSolar roofs\n<\/h3><div class=\"bde-text-131-265 bde-text\">\nSecurity is also critical for rooftop solar installations. We protect your assets against theft, sabotage and operational failure.<br>\n<\/div><a class=\"bde-text-link-131-266 bde-text-link breakdance-link\" href=\"\/en\/asset-protection\/solar-roofs\/\" target=\"_self\" data-type=\"url\">\n  Read more <img decoding=\"async\" style=\"width:12px; height: 12px; margin: auto auto auto 5px; \" src=\"\/wp-content\/uploads\/2025\/05\/pijl.svg\" alt=\"arrow\" class=\"pijl\">\n\n<\/a>\n<\/div>\n<\/div><\/div><div class=\"bde-columns-131-261 bde-columns\"><div class=\"bde-column-131-272 bde-column\">\n  \n  \n\t\n\n\n\n<div class=\"bde-div-131-273 bde-div\">\n  \n  \n\t\n\n\n\n<h3 class=\"bde-heading-131-274 bde-heading\">\nService &amp; maintenance\n<\/h3><div class=\"bde-text-131-275 bde-text\">\nWith service and maintenance, we guarantee that your system continues to meet all applicable standards.\n<\/div><a class=\"bde-text-link-131-276 bde-text-link breakdance-link\" href=\"\/en\/asset-protection\/service-and-maintenance\/\" target=\"_self\" data-type=\"url\">\n  Read more <img decoding=\"async\" style=\"width:12px; height: 12px; margin: auto auto auto 5px; \" src=\"\/wp-content\/uploads\/2025\/05\/pijl.svg\" alt=\"arrow\" class=\"pijl\">\n\n<\/a>\n<\/div>\n<\/div><div class=\"bde-column-131-283 bde-column\">\n  \n  \n\t\n\n\n\n<div class=\"bde-div-131-284 bde-div\">\n  \n  \n\t\n\n\n\n<h3 class=\"bde-heading-131-285 bde-heading\">\nSolar park certification<br>\n<\/h3><div class=\"bde-text-131-286 bde-text\">\nYou receive an official security certification that meets the requirements of insurers.\n<\/div><a class=\"bde-text-link-131-287 bde-text-link breakdance-link\" href=\"\/en\/asset-protection\/solar-farm-certification\/\" target=\"_self\" data-type=\"url\">\n  Read more <img decoding=\"async\" style=\"width:12px; height: 12px; margin: auto auto auto 5px; \" src=\"\/wp-content\/uploads\/2025\/05\/pijl.svg\" alt=\"arrow\" class=\"pijl\">\n\n<\/a>\n<\/div>\n<\/div><div class=\"bde-column-131-330 bde-column\">\n  \n  \n\t\n\n\n\n<div class=\"bde-div-131-331 bde-div\">\n  \n  \n\t\n\n\n\n<h3 class=\"bde-heading-131-332 bde-heading\">\nAI technology<br>\n<\/h3><div class=\"bde-text-131-333 bde-text\">\nOur AI server analyses each notification with an accuracy of 96 to 98%.\n<\/div><a class=\"bde-text-link-131-334 bde-text-link breakdance-link\" href=\"\/en\/asset-protection\/ai-technology\/\" target=\"_self\" data-type=\"url\">\n  Read more <img decoding=\"async\" style=\"width:12px; height: 12px; margin: auto auto auto 5px; \" src=\"\/wp-content\/uploads\/2025\/05\/pijl.svg\" alt=\"arrow\" class=\"pijl\">\n\n<\/a>\n<\/div>\n<\/div><div class=\"bde-column-131-335 bde-column\">\n  \n  \n\t\n\n\n\n\n<\/div><\/div><\/div>\n<\/section><section class=\"bde-section-131-151 bde-section\">\n  \n  \n\t\n\n\n\n<div class=\"section-container\"><div class=\"bde-rich-text-131-152 bde-rich-text breakdance-rich-text-styles\">\n<h2><span style=\"font-weight: 400;\">Our process<\/span><\/h2>\n<p><span style=\"font-weight: 400;\">Soldefence delivers asset protection solutions fully tailored to your specific situation. A customised approach is at the core of everything we do.<\/span><\/p>\n<\/div><div class=\"bde-columns-131-153 bde-columns\"><div class=\"bde-column-131-154 bde-column\">\n  \n  \n\t\n\n\n\n<img decoding=\"async\" class=\"bde-image2-131-156 bde-image2\" src=\"https:\/\/soldefence.com\/wp-content\/uploads\/2025\/06\/Soldefence-Zonneparken-scaled.jpg\" alt=\"Asset protection\" loading=\"lazy\" srcset=\"https:\/\/soldefence.com\/wp-content\/uploads\/2025\/06\/Soldefence-Zonneparken-scaled.jpg 2560w, https:\/\/soldefence.com\/wp-content\/uploads\/2025\/06\/Soldefence-Zonneparken-300x169.jpg 300w, https:\/\/soldefence.com\/wp-content\/uploads\/2025\/06\/Soldefence-Zonneparken-1024x576.jpg 1024w, https:\/\/soldefence.com\/wp-content\/uploads\/2025\/06\/Soldefence-Zonneparken-768x432.jpg 768w, https:\/\/soldefence.com\/wp-content\/uploads\/2025\/06\/Soldefence-Zonneparken-1536x864.jpg 1536w, https:\/\/soldefence.com\/wp-content\/uploads\/2025\/06\/Soldefence-Zonneparken-2048x1152.jpg 2048w\" sizes=\"(max-width: 2560px) 100vw, 2560px\">\n<\/div><div class=\"bde-column-131-155 bde-column\">\n  \n  \n\t\n\n\n\n<div class=\"bde-div-131-193 bde-div\">\n  \n  \n\t\n\n\n\n<div class=\"bde-div-131-194 bde-div\">\n  \n  \n\t\n\n\n\n<div class=\"bde-icon-131-195 bde-icon\">\n\n    \n            <div class=\"bde-icon-icon breakdance-icon-atom\" >\n    \n                    <svg xmlns=\"http:\/\/www.w3.org\/2000\/svg\" viewbox=\"0 0 256 512\"><!--! Font Awesome Free 6.5.1 by @fontawesome - https:\/\/fontawesome.com License - https:\/\/fontawesome.com\/license\/free (Icons: CC BY 4.0, Fonts: SIL OFL 1.1, Code: MIT License) Copyright 2023 Fonticons, Inc. --><path d=\"M160 64c0-11.8-6.5-22.6-16.9-28.2s-23-5-32.8 1.6l-96 64C-.5 111.2-4.4 131 5.4 145.8s29.7 18.7 44.4 8.9L96 123.8V416H32c-17.7 0-32 14.3-32 32s14.3 32 32 32h96 96c17.7 0 32-14.3 32-32s-14.3-32-32-32H160V64z\"\/><\/svg>\n        \n        \n        \n            <\/div>\n    \n\n\n<\/div>\n<\/div><div class=\"bde-div-131-196 bde-div\">\n  \n  \n\t\n\n\n\n<h3 class=\"bde-heading-131-197 bde-heading\">\nInventory\n<\/h3><div class=\"bde-text-131-198 bde-text\">\nWe start with a comprehensive inventory of your situation and discuss the insurer's specific requirements.\n<\/div>\n<\/div>\n<\/div><div class=\"bde-div-131-217 bde-div\">\n  \n  \n\t\n\n\n\n<div class=\"bde-div-131-218 bde-div\">\n  \n  \n\t\n\n\n\n<div class=\"bde-icon-131-219 bde-icon\">\n\n    \n            <div class=\"bde-icon-icon breakdance-icon-atom\" >\n    \n                    <svg xmlns=\"http:\/\/www.w3.org\/2000\/svg\" viewbox=\"0 0 320 512\"><!--! Font Awesome Free 6.5.1 by @fontawesome - https:\/\/fontawesome.com License - https:\/\/fontawesome.com\/license\/free (Icons: CC BY 4.0, Fonts: SIL OFL 1.1, Code: MIT License) Copyright 2023 Fonticons, Inc. --><path d=\"M142.9 96c-21.5 0-42.2 8.5-57.4 23.8L54.6 150.6c-12.5 12.5-32.8 12.5-45.3 0s-12.5-32.8 0-45.3L40.2 74.5C67.5 47.3 104.4 32 142.9 32C223 32 288 97 288 177.1c0 38.5-15.3 75.4-42.5 102.6L109.3 416H288c17.7 0 32 14.3 32 32s-14.3 32-32 32H32c-12.9 0-24.6-7.8-29.6-19.8s-2.2-25.7 6.9-34.9L200.2 234.5c15.2-15.2 23.8-35.9 23.8-57.4c0-44.8-36.3-81.1-81.1-81.1z\"\/><\/svg>\n        \n        \n        \n            <\/div>\n    \n\n\n<\/div>\n<\/div><div class=\"bde-div-131-220 bde-div\">\n  \n  \n\t\n\n\n\n<h3 class=\"bde-heading-131-221 bde-heading\">\nSecurity scan\n<\/h3><div class=\"bde-text-131-222 bde-text\">\nUsing a security scan, we map the site and determine what security measures are needed.\n<\/div>\n<\/div>\n<\/div><div class=\"bde-div-131-211 bde-div\">\n  \n  \n\t\n\n\n\n<div class=\"bde-div-131-212 bde-div\">\n  \n  \n\t\n\n\n\n<div class=\"bde-icon-131-213 bde-icon\">\n\n    \n            <div class=\"bde-icon-icon breakdance-icon-atom\" >\n    \n                    <svg xmlns=\"http:\/\/www.w3.org\/2000\/svg\" viewbox=\"0 0 320 512\"><!--! Font Awesome Free 6.5.1 by @fontawesome - https:\/\/fontawesome.com License - https:\/\/fontawesome.com\/license\/free (Icons: CC BY 4.0, Fonts: SIL OFL 1.1, Code: MIT License) Copyright 2023 Fonticons, Inc. --><path d=\"M0 64C0 46.3 14.3 32 32 32H272c13.2 0 25 8.1 29.8 20.4s1.5 26.3-8.2 35.2L162.3 208H184c75.1 0 136 60.9 136 136s-60.9 136-136 136H105.4C63 480 24.2 456 5.3 418.1l-1.9-3.8c-7.9-15.8-1.5-35 14.3-42.9s35-1.5 42.9 14.3l1.9 3.8c8.1 16.3 24.8 26.5 42.9 26.5H184c39.8 0 72-32.2 72-72s-32.2-72-72-72H80c-13.2 0-25-8.1-29.8-20.4s-1.5-26.3 8.2-35.2L189.7 96H32C14.3 96 0 81.7 0 64z\"\/><\/svg>\n        \n        \n        \n            <\/div>\n    \n\n\n<\/div>\n<\/div><div class=\"bde-div-131-214 bde-div\">\n  \n  \n\t\n\n\n\n<h3 class=\"bde-heading-131-215 bde-heading\">\nInstallation and integration\n<\/h3><div class=\"bde-text-131-216 bde-text\">\nWe install our advanced cameras and link them to our intelligent AI server for optimal detection.\n<\/div>\n<\/div>\n<\/div><div class=\"bde-div-131-205 bde-div\">\n  \n  \n\t\n\n\n\n<div class=\"bde-div-131-206 bde-div\">\n  \n  \n\t\n\n\n\n<div class=\"bde-icon-131-207 bde-icon\">\n\n    \n            <div class=\"bde-icon-icon breakdance-icon-atom\" >\n    \n                    <svg xmlns=\"http:\/\/www.w3.org\/2000\/svg\" viewbox=\"0 0 384 512\"><!--! Font Awesome Free 6.5.1 by @fontawesome - https:\/\/fontawesome.com License - https:\/\/fontawesome.com\/license\/free (Icons: CC BY 4.0, Fonts: SIL OFL 1.1, Code: MIT License) Copyright 2023 Fonticons, Inc. --><path d=\"M189 77.6c7.5-16 .7-35.1-15.3-42.6s-35.1-.7-42.6 15.3L3 322.4c-4.7 9.9-3.9 21.5 1.9 30.8S21 368 32 368H256v80c0 17.7 14.3 32 32 32s32-14.3 32-32V368h32c17.7 0 32-14.3 32-32s-14.3-32-32-32H320V160c0-17.7-14.3-32-32-32s-32 14.3-32 32V304H82.4L189 77.6z\"\/><\/svg>\n        \n        \n        \n            <\/div>\n    \n\n\n<\/div>\n<\/div><div class=\"bde-div-131-208 bde-div\">\n  \n  \n\t\n\n\n\n<h3 class=\"bde-heading-131-209 bde-heading\">\nMonitoring and maintenance\n<\/h3><div class=\"bde-text-131-210 bde-text\">\nYour assets are monitored 24\/7. We carry out regular checks and adjust the system when the terrain changes.\n<\/div>\n<\/div>\n<\/div>\n<\/div><\/div><\/div>\n<\/section><section class=\"bde-section-131-161 bde-section\">\n  \n  \n\t\n\n\n\n<div class=\"section-container\"><h2 class=\"bde-heading-131-164 bde-heading\">\nWhat customers say\n<\/h2><div class=\"bde-shortcode-131-337 bde-shortcode\"><script defer async src='https:\/\/cdn.trustindex.io\/loader.js?d1e683a4712290818b66c7922f6'><\/script><\/div><\/div>\n<\/section><section class=\"bde-section-131-169 bde-section\">\n              \n  \n  \n\t\n\n  <div class=\"section-background-overlay\"><\/div>\n\n\n<div class=\"section-container\"><h2 class=\"bde-heading-131-170 bde-heading\">\nSecure your valuable assets\n<\/h2><div class=\"bde-text-131-171 bde-text\">\nTogether, we protect your assets from theft and downtime.\n<\/div><div class=\"bde-button-131-172 bde-button\">\n    \n                        \n                        \n    \n    \n    \n    \n            \n                    \n            \n            \n\n    \n    \n    \n    \n    \n    <a class=\"breakdance-link button-atom button-atom--primary bde-button__button\" href=\"\/en\/quotation\/\" target=\"_self\" data-type=\"url\"  >\n\n    \n        <span class=\"button-atom__text\">Request a quote<\/span>\n\n        \n        \n                <\/a>\n\n    \n\n\n<\/div><\/div>\n<\/section>","protected":false},"excerpt":{"rendered":"<p>Home Assetbeveiliging Intelligente assetbeveiliging voor energieprojecten in binnen- en buitenland. Wat doet Soldefence? Soldefence is specialist in assetbeveiliging voor energie-infrastructuur. Met geavanceerde technologie beveiligen wij zonneparken, zonnedaken en windparken in binnen- en buitenland. Daarbij werken we samen met \u2019s werelds grootste fabrikant van beveiligingscamera\u2019s en leveren we \u00e9\u00e9n ge\u00efntegreerd systeem dat blijft presteren, onder alle [&hellip;]<\/p>\n","protected":false},"author":5,"featured_media":0,"parent":0,"menu_order":0,"comment_status":"closed","ping_status":"closed","template":"","meta":{"inline_featured_image":false,"_breakdance_hide_in_design_set":false,"_breakdance_tags":"","footnotes":""},"class_list":["post-131","page","type-page","status-publish","hentry"],"_links":{"self":[{"href":"https:\/\/soldefence.com\/en\/wp-json\/wp\/v2\/pages\/131","targetHints":{"allow":["GET"]}}],"collection":[{"href":"https:\/\/soldefence.com\/en\/wp-json\/wp\/v2\/pages"}],"about":[{"href":"https:\/\/soldefence.com\/en\/wp-json\/wp\/v2\/types\/page"}],"author":[{"embeddable":true,"href":"https:\/\/soldefence.com\/en\/wp-json\/wp\/v2\/users\/5"}],"replies":[{"embeddable":true,"href":"https:\/\/soldefence.com\/en\/wp-json\/wp\/v2\/comments?post=131"}],"version-history":[{"count":78,"href":"https:\/\/soldefence.com\/en\/wp-json\/wp\/v2\/pages\/131\/revisions"}],"predecessor-version":[{"id":1264,"href":"https:\/\/soldefence.com\/en\/wp-json\/wp\/v2\/pages\/131\/revisions\/1264"}],"wp:attachment":[{"href":"https:\/\/soldefence.com\/en\/wp-json\/wp\/v2\/media?parent=131"}],"curies":[{"name":"wp","href":"https:\/\/api.w.org\/{rel}","templated":true}]}}