{"id":189,"date":"2025-05-19T07:32:24","date_gmt":"2025-05-19T07:32:24","guid":{"rendered":"https:\/\/soldefence.com\/?page_id=189"},"modified":"2025-08-27T16:47:45","modified_gmt":"2025-08-27T14:47:45","slug":"about-us","status":"publish","type":"page","link":"https:\/\/soldefence.com\/en\/over-ons\/","title":{"rendered":"About us"},"content":{"rendered":"<section class=\"bde-section-189-100 bde-section\">\n              \n  \n  \n\t\n\n  <div class=\"section-background-overlay\"><\/div>\n\n\n<div class=\"section-container\"><div class=\"bde-columns-189-101 bde-columns\"><div class=\"bde-column-189-102 bde-column\">\n  \n  \n\t\n\n\n\n<div class=\"bde-breadcrumbs-189-103 bde-breadcrumbs\"><nav aria-label=\"breadcrumbs\" class=\"rank-math-breadcrumb\"><p><span class=\"last\">Home<\/span><\/p><\/nav><\/div><h1 class=\"bde-heading-189-104 bde-heading\">\nOver ons\n<\/h1><div class=\"bde-text-189-107 bde-text\">\nAchter elk goed beveiligd zonnepark staat een sterk team. Wij zijn Soldefence: specialisten in slimme beveiliging.\n<\/div>\n<\/div><div class=\"bde-column-189-105 bde-column\">\n  \n  \n\t\n\n\n\n\n<\/div><\/div><\/div>\n<\/section><section class=\"bde-section-189-181 bde-section\">\n  \n  \n\t\n\n\n\n<div class=\"section-container\"><div class=\"bde-columns-189-182 bde-columns\"><div class=\"bde-column-189-183 bde-column\">\n  \n  \n\t\n\n\n\n<div class=\"bde-div-189-184 bde-div\">\n  \n  \n\t\n\n\n\n<img decoding=\"async\" class=\"bde-image2-189-185 bde-image2\" src=\"https:\/\/soldefence.com\/wp-content\/uploads\/2025\/06\/Over-ons-Soldefence-team-scaled.jpg\" alt=\"Over ons, dit is Soldefence\" loading=\"lazy\" srcset=\"https:\/\/soldefence.com\/wp-content\/uploads\/2025\/06\/Over-ons-Soldefence-team-scaled.jpg 2560w, https:\/\/soldefence.com\/wp-content\/uploads\/2025\/06\/Over-ons-Soldefence-team-300x169.jpg 300w, https:\/\/soldefence.com\/wp-content\/uploads\/2025\/06\/Over-ons-Soldefence-team-1024x576.jpg 1024w, https:\/\/soldefence.com\/wp-content\/uploads\/2025\/06\/Over-ons-Soldefence-team-768x432.jpg 768w, https:\/\/soldefence.com\/wp-content\/uploads\/2025\/06\/Over-ons-Soldefence-team-1536x864.jpg 1536w, https:\/\/soldefence.com\/wp-content\/uploads\/2025\/06\/Over-ons-Soldefence-team-2048x1152.jpg 2048w\" sizes=\"(max-width: 2560px) 100vw, 2560px\"><div class=\"bde-div-189-215 bde-div\">\n  \n  \n\t\n\n\n\n<img decoding=\"async\" class=\"bde-image2-189-186 bde-image2\" src=\"https:\/\/soldefence.com\/wp-content\/uploads\/2025\/05\/Soldefence-logo-2.svg\" alt=\"Soldefence logo wit\" loading=\"lazy\" sizes=\"(max-width: 1px) 100vw, 1px\">\n<\/div>\n<\/div>\n<\/div><div class=\"bde-column-189-187 bde-column\">\n  \n  \n\t\n\n\n\n<div class=\"bde-rich-text-189-188 bde-rich-text breakdance-rich-text-styles\">\n<h2><span dir=\"ltr\" role=\"presentation\">Over Soldefence <\/span><\/h2>\n<h5><span dir=\"ltr\" role=\"presentation\">Van boerenerven naar zonneparken: een verhaal van groei, visie en <\/span><span dir=\"ltr\" role=\"presentation\">innovatie<\/span><\/h5>\n<p><span dir=\"ltr\" role=\"presentation\">Soldefence is gespecialiseerd in de beveiliging van duurzame energieprojecten<\/span><span dir=\"ltr\" role=\"presentation\">. Wij leveren complete, ge\u00efntegreerde <\/span><span dir=\"ltr\" role=\"presentation\">beveiligingssystemen die naadloos aansluiten op de specifieke eisen van zonneparken, windparken en zonnedaken<\/span><span dir=\"ltr\" role=\"presentation\">. Geen losse onderdelen of versnipperde <\/span><span dir=\"ltr\" role=\"presentation\">leveranciers, maar \u00e9\u00e9n overzichtelijk en betrouwbaar systeem dat is ontwikkeld <\/span><span dir=\"ltr\" role=\"presentation\">voor maximale zekerheid, minimale ruis en directe inzetbaarheid voor <\/span><span dir=\"ltr\" role=\"presentation\">verzekeraars en stakeholders.<\/span><\/p>\n<\/div><div class=\"bde-button-189-214 bde-button\">\n    \n                                    \n    \n    \n    \n    \n            \n                    \n            \n            \n\n    \n    \n    \n    \n    \n    <a class=\"breakdance-link button-atom button-atom--primary bde-button__button\" href=\"\/contact\/\" target=\"_self\" data-type=\"url\"  >\n\n    \n        <span class=\"button-atom__text\">Neem contact op<\/span>\n\n        \n        \n                <\/a>\n\n    \n\n\n<\/div>\n<\/div><\/div><\/div>\n<\/section><section class=\"bde-section-189-228 bde-section\">\n  \n  \n\t\n\n\n\n<div class=\"section-container\"><div class=\"bde-rich-text-189-225 bde-rich-text breakdance-rich-text-styles\">\n<article class=\"text-token-text-primary w-full\" dir=\"auto\" data-testid=\"conversation-turn-2\" data-scroll-anchor=\"true\">\n<div class=\"text-base my-auto mx-auto py-5 [--thread-content-margin:--spacing(4)] @[37rem]:[--thread-content-margin:--spacing(6)] @[72rem]:[--thread-content-margin:--spacing(16)] px-(--thread-content-margin)\">\n<div class=\"[--thread-content-max-width:32rem] @[34rem]:[--thread-content-max-width:40rem] @[64rem]:[--thread-content-max-width:48rem] mx-auto flex max-w-(--thread-content-max-width) flex-1 text-base gap-4 md:gap-5 lg:gap-6 group\/turn-messages focus-visible:outline-hidden\" tabindex=\"-1\">\n<div class=\"group\/conversation-turn relative flex w-full min-w-0 flex-col agent-turn\">\n<div class=\"relative flex-col gap-1 md:gap-3\">\n<div class=\"flex max-w-full flex-col grow\">\n<div class=\"min-h-8 text-message relative flex w-full flex-col items-end gap-2 text-start break-words whitespace-normal [.text-message+&amp;]:mt-5\" dir=\"auto\" data-message-author-role=\"assistant\" data-message-id=\"7c94e69e-1d97-4679-a6b1-5e862d09527f\" data-message-model-slug=\"gpt-4o\">\n<div class=\"flex w-full flex-col gap-1 empty:hidden first:pt-[3px]\">\n<div class=\"markdown prose dark:prose-invert w-full break-words dark\">\n<h2 data-start=\"0\" data-end=\"73\"><strong data-start=\"0\" data-end=\"73\" data-is-last-node=\"\" data-is-only-node=\"\">Het verhaal achter Soldefence<\/strong><\/h2>\n<p data-start=\"0\" data-end=\"73\" data-is-last-node=\"\" data-is-only-node=\"\">Wij zijn geen fabrikant, maar een system integrator. Dat betekent dat we de beste technologie\u00ebn, slimme AI en betrouwbare data-oplossingen samenbrengen tot \u00e9\u00e9n krachtig geheel. Alles klopt, alles praat met elkaar, en dat merkt u in eenvoud, effectiviteit \u00e9n in kostenbesparing. Maar Soldefence is m\u00e9\u00e9r dan techniek. Het is ook het verhaal van een ondernemer die het anders durfde te doen.<\/p>\n<p data-start=\"0\" data-end=\"73\" data-is-last-node=\"\" data-is-only-node=\"\">Oprichter Bart Fridrichs begon zijn carri\u00e8re in de printerverkoop, maar koos ervoor om zelfstandig te ondernemen. Wat startte als een handelsonderneming, groeide al snel uit tot een marktgedreven beveiligingsbedrijf. Met niets meer dan een fiets trok hij door zijn geboortedorp om boerenbedrijven te helpen bij het verbeteren van hun terreinbeveiliging. Al snel kreeg hij het vertrouwen van drie grote agrarische bedrijven. En daarmee begon de groei.<\/p>\n<\/div>\n<\/div>\n<\/div>\n<\/div>\n<\/div>\n<\/div>\n<\/div>\n<\/div>\n<\/article>\n<\/div><\/div>\n<\/section><section class=\"bde-section-189-217 bde-section\">\n  \n  \n\t\n\n\n\n<div class=\"section-container\"><div class=\"bde-columns-189-218 bde-columns\"><div class=\"bde-column-189-224 bde-column\">\n  \n  \n\t\n\n\n\n<div class=\"bde-rich-text-189-238 bde-rich-text breakdance-rich-text-styles\">\n<h2><strong>En toen kwam de doorbraak<\/strong><\/h2>\n<p>Het begon met een bestelbus, een kantoor en opslagplaats in oma's schuur en een vaste koffiepauze om 10:00 uur met koek. Maar het echte keerpunt kwam onverwachts. Op een gure winterdag, net toen zijn enige bus het begaf, kwam er een grote opdracht binnen.<\/p>\n<p>Voor velen zou dit een moment van stress zijn, maar juist hier kwam de kracht van het ondernemerschap naar boven. Door meteen in oplossingen te denken, te herstructureren en zijn netwerk effectief in te zetten, wist Bart de opdracht niet alleen binnen te halen, maar ook direct professioneel op te pakken. Het werd een beslissend moment. Niet dankzij geluk, maar door doelgerichte actie en een mindset die draait om kansen zien waar anderen problemen ervaren.<\/p>\n<p>Dit werd het begin van iets groters. De snelle groei van hernieuwbare energie bleef niet onopgemerkt. Er ontstond een behoefte aan intelligente, schaalbare en gecertificeerde beveiliging. Door zich te specialiseren in beveiliging van zonneparken, windparken en batterijopslag, groeide Soldefence uit tot een internationale speler met \u00e9\u00e9n missie: beveiliging slimmer, veiliger en toekomstbestendig maken.<\/p>\n<\/div>\n<\/div><div class=\"bde-column-189-219 bde-column\">\n  \n  \n\t\n\n\n\n<img decoding=\"async\" class=\"bde-image2-189-227 bde-image2\" src=\"https:\/\/soldefence.com\/wp-content\/uploads\/2025\/06\/Over-ons-2-scaled.jpg\" alt=\"Over ons\" loading=\"lazy\" srcset=\"https:\/\/soldefence.com\/wp-content\/uploads\/2025\/06\/Over-ons-2-scaled.jpg 2560w, https:\/\/soldefence.com\/wp-content\/uploads\/2025\/06\/Over-ons-2-300x200.jpg 300w, https:\/\/soldefence.com\/wp-content\/uploads\/2025\/06\/Over-ons-2-1024x683.jpg 1024w, https:\/\/soldefence.com\/wp-content\/uploads\/2025\/06\/Over-ons-2-768x512.jpg 768w, https:\/\/soldefence.com\/wp-content\/uploads\/2025\/06\/Over-ons-2-1536x1024.jpg 1536w, https:\/\/soldefence.com\/wp-content\/uploads\/2025\/06\/Over-ons-2-2048x1365.jpg 2048w\" sizes=\"(max-width: 2560px) 100vw, 2560px\">\n<\/div><\/div><\/div>\n<\/section><section class=\"bde-section-189-190 bde-section\">\n  \n  \n\t\n\n\n\n<div class=\"section-container\"><div class=\"bde-columns-189-191 bde-columns\"><div class=\"bde-column-189-195 bde-column\">\n  \n  \n\t\n\n\n\n<div class=\"bde-div-189-196 bde-div\">\n  \n  \n\t\n\n\n\n<div class=\"bde-icon-189-197 bde-icon\">\n\n    \n            <div class=\"bde-icon-icon breakdance-icon-atom\" >\n    \n                    <svg xmlns=\"http:\/\/www.w3.org\/2000\/svg\" xmlns:xlink=\"http:\/\/www.w3.org\/1999\/xlink\" version=\"1.1\" width=\"512\" height=\"512\" x=\"0\" y=\"0\" viewBox=\"0 0 409.592 409.592\" style=\"enable-background:new 0 0 512 512\" xml:space=\"preserve\" class=\"\"><g><path d=\"m399.643 180.659-27.935-27.93c-6.63-6.63-12.063-19.732-12.063-29.128v-39.5c0-18.79-15.35-34.14-34.135-34.15h-39.516c-9.385 0-22.502-5.443-29.133-12.068l-27.93-27.93c-13.271-13.271-35-13.271-48.271 0l-27.93 27.95c-6.636 6.63-19.768 12.058-29.133 12.058h-39.5c-18.765 0-34.135 15.35-34.135 34.14v39.501c0 9.359-5.432 22.502-12.063 29.128L9.964 180.66c-13.281 13.271-13.281 35 0 48.292l27.935 27.93c6.635 6.63 12.063 19.768 12.063 29.128v39.501c0 18.77 15.37 34.14 34.135 34.14h39.501c9.385 0 22.502 5.432 29.133 12.058l27.93 27.94c13.271 13.261 35 13.261 48.271 0l27.93-27.94c6.636-6.63 19.748-12.058 29.133-12.058h39.516c18.785 0 34.135-15.37 34.135-34.14V286.01c0-9.4 5.437-22.502 12.063-29.128l27.935-27.93c13.26-13.292 13.26-35.022-.001-48.293zM177.701 281.6l-75.31-75.32 24.136-24.131 51.18 51.18L283.061 128l24.13 24.131L177.701 281.6z\" fill=\"#fdb813\" opacity=\"1\" data-original=\"#000000\" class=\"\"\/><\/g><\/svg>\n        \n        \n        \n            <\/div>\n    \n\n\n<\/div><div class=\"bde-rich-text-189-198 bde-rich-text breakdance-rich-text-styles\">\n<p><span style=\"font-weight: 400;\">We werken samen met de <strong>marktleider<\/strong> in <strong>camerabeveiliging<\/strong><\/span><\/p>\n<\/div>\n<\/div><div class=\"bde-div-189-199 bde-div\">\n  \n  \n\t\n\n\n\n<div class=\"bde-icon-189-200 bde-icon\">\n\n    \n            <div class=\"bde-icon-icon breakdance-icon-atom\" >\n    \n                    <svg xmlns=\"http:\/\/www.w3.org\/2000\/svg\" xmlns:xlink=\"http:\/\/www.w3.org\/1999\/xlink\" version=\"1.1\" width=\"512\" height=\"512\" x=\"0\" y=\"0\" viewBox=\"0 0 409.592 409.592\" style=\"enable-background:new 0 0 512 512\" xml:space=\"preserve\" class=\"\"><g><path d=\"m399.643 180.659-27.935-27.93c-6.63-6.63-12.063-19.732-12.063-29.128v-39.5c0-18.79-15.35-34.14-34.135-34.15h-39.516c-9.385 0-22.502-5.443-29.133-12.068l-27.93-27.93c-13.271-13.271-35-13.271-48.271 0l-27.93 27.95c-6.636 6.63-19.768 12.058-29.133 12.058h-39.5c-18.765 0-34.135 15.35-34.135 34.14v39.501c0 9.359-5.432 22.502-12.063 29.128L9.964 180.66c-13.281 13.271-13.281 35 0 48.292l27.935 27.93c6.635 6.63 12.063 19.768 12.063 29.128v39.501c0 18.77 15.37 34.14 34.135 34.14h39.501c9.385 0 22.502 5.432 29.133 12.058l27.93 27.94c13.271 13.261 35 13.261 48.271 0l27.93-27.94c6.636-6.63 19.748-12.058 29.133-12.058h39.516c18.785 0 34.135-15.37 34.135-34.14V286.01c0-9.4 5.437-22.502 12.063-29.128l27.935-27.93c13.26-13.292 13.26-35.022-.001-48.293zM177.701 281.6l-75.31-75.32 24.136-24.131 51.18 51.18L283.061 128l24.13 24.131L177.701 281.6z\" fill=\"#fdb813\" opacity=\"1\" data-original=\"#000000\" class=\"\"\/><\/g><\/svg>\n        \n        \n        \n            <\/div>\n    \n\n\n<\/div><div class=\"bde-rich-text-189-201 bde-rich-text breakdance-rich-text-styles\">\n<p><span style=\"font-weight: 400;\">Zelfs op grote afstand worden <strong>bewegingen<\/strong> nauwkeurig <strong>geanalyseerd<\/strong><\/span><\/p>\n<\/div>\n<\/div><div class=\"bde-div-189-202 bde-div\">\n  \n  \n\t\n\n\n\n<div class=\"bde-icon-189-203 bde-icon\">\n\n    \n            <div class=\"bde-icon-icon breakdance-icon-atom\" >\n    \n                    <svg xmlns=\"http:\/\/www.w3.org\/2000\/svg\" xmlns:xlink=\"http:\/\/www.w3.org\/1999\/xlink\" version=\"1.1\" width=\"512\" height=\"512\" x=\"0\" y=\"0\" viewBox=\"0 0 409.592 409.592\" style=\"enable-background:new 0 0 512 512\" xml:space=\"preserve\" class=\"\"><g><path d=\"m399.643 180.659-27.935-27.93c-6.63-6.63-12.063-19.732-12.063-29.128v-39.5c0-18.79-15.35-34.14-34.135-34.15h-39.516c-9.385 0-22.502-5.443-29.133-12.068l-27.93-27.93c-13.271-13.271-35-13.271-48.271 0l-27.93 27.95c-6.636 6.63-19.768 12.058-29.133 12.058h-39.5c-18.765 0-34.135 15.35-34.135 34.14v39.501c0 9.359-5.432 22.502-12.063 29.128L9.964 180.66c-13.281 13.271-13.281 35 0 48.292l27.935 27.93c6.635 6.63 12.063 19.768 12.063 29.128v39.501c0 18.77 15.37 34.14 34.135 34.14h39.501c9.385 0 22.502 5.432 29.133 12.058l27.93 27.94c13.271 13.261 35 13.261 48.271 0l27.93-27.94c6.636-6.63 19.748-12.058 29.133-12.058h39.516c18.785 0 34.135-15.37 34.135-34.14V286.01c0-9.4 5.437-22.502 12.063-29.128l27.935-27.93c13.26-13.292 13.26-35.022-.001-48.293zM177.701 281.6l-75.31-75.32 24.136-24.131 51.18 51.18L283.061 128l24.13 24.131L177.701 281.6z\" fill=\"#fdb813\" opacity=\"1\" data-original=\"#000000\" class=\"\"\/><\/g><\/svg>\n        \n        \n        \n            <\/div>\n    \n\n\n<\/div><div class=\"bde-rich-text-189-204 bde-rich-text breakdance-rich-text-styles\">\n<p><span style=\"font-weight: 400;\">Onze AI-software heeft een <strong>nauwkeurigheid<\/strong> van 96 tot 98%<\/span><\/p>\n<\/div>\n<\/div><div class=\"bde-div-189-205 bde-div\">\n  \n  \n\t\n\n\n\n<div class=\"bde-icon-189-206 bde-icon\">\n\n    \n            <div class=\"bde-icon-icon breakdance-icon-atom\" >\n    \n                    <svg xmlns=\"http:\/\/www.w3.org\/2000\/svg\" xmlns:xlink=\"http:\/\/www.w3.org\/1999\/xlink\" version=\"1.1\" width=\"512\" height=\"512\" x=\"0\" y=\"0\" viewBox=\"0 0 409.592 409.592\" style=\"enable-background:new 0 0 512 512\" xml:space=\"preserve\" class=\"\"><g><path d=\"m399.643 180.659-27.935-27.93c-6.63-6.63-12.063-19.732-12.063-29.128v-39.5c0-18.79-15.35-34.14-34.135-34.15h-39.516c-9.385 0-22.502-5.443-29.133-12.068l-27.93-27.93c-13.271-13.271-35-13.271-48.271 0l-27.93 27.95c-6.636 6.63-19.768 12.058-29.133 12.058h-39.5c-18.765 0-34.135 15.35-34.135 34.14v39.501c0 9.359-5.432 22.502-12.063 29.128L9.964 180.66c-13.281 13.271-13.281 35 0 48.292l27.935 27.93c6.635 6.63 12.063 19.768 12.063 29.128v39.501c0 18.77 15.37 34.14 34.135 34.14h39.501c9.385 0 22.502 5.432 29.133 12.058l27.93 27.94c13.271 13.261 35 13.261 48.271 0l27.93-27.94c6.636-6.63 19.748-12.058 29.133-12.058h39.516c18.785 0 34.135-15.37 34.135-34.14V286.01c0-9.4 5.437-22.502 12.063-29.128l27.935-27.93c13.26-13.292 13.26-35.022-.001-48.293zM177.701 281.6l-75.31-75.32 24.136-24.131 51.18 51.18L283.061 128l24.13 24.131L177.701 281.6z\" fill=\"#fdb813\" opacity=\"1\" data-original=\"#000000\" class=\"\"\/><\/g><\/svg>\n        \n        \n        \n            <\/div>\n    \n\n\n<\/div><div class=\"bde-rich-text-189-207 bde-rich-text breakdance-rich-text-styles\">\n<p><span style=\"font-weight: 400;\">U ontvangt een <strong>erkend beveiligingscertificaat<\/strong> na beveiliging<\/span><\/p>\n<\/div>\n<\/div><div class=\"bde-div-189-208 bde-div\">\n  \n  \n\t\n\n\n\n<div class=\"bde-icon-189-209 bde-icon\">\n\n    \n            <div class=\"bde-icon-icon breakdance-icon-atom\" >\n    \n                    <svg xmlns=\"http:\/\/www.w3.org\/2000\/svg\" xmlns:xlink=\"http:\/\/www.w3.org\/1999\/xlink\" version=\"1.1\" width=\"512\" height=\"512\" x=\"0\" y=\"0\" viewBox=\"0 0 409.592 409.592\" style=\"enable-background:new 0 0 512 512\" xml:space=\"preserve\" class=\"\"><g><path d=\"m399.643 180.659-27.935-27.93c-6.63-6.63-12.063-19.732-12.063-29.128v-39.5c0-18.79-15.35-34.14-34.135-34.15h-39.516c-9.385 0-22.502-5.443-29.133-12.068l-27.93-27.93c-13.271-13.271-35-13.271-48.271 0l-27.93 27.95c-6.636 6.63-19.768 12.058-29.133 12.058h-39.5c-18.765 0-34.135 15.35-34.135 34.14v39.501c0 9.359-5.432 22.502-12.063 29.128L9.964 180.66c-13.281 13.271-13.281 35 0 48.292l27.935 27.93c6.635 6.63 12.063 19.768 12.063 29.128v39.501c0 18.77 15.37 34.14 34.135 34.14h39.501c9.385 0 22.502 5.432 29.133 12.058l27.93 27.94c13.271 13.261 35 13.261 48.271 0l27.93-27.94c6.636-6.63 19.748-12.058 29.133-12.058h39.516c18.785 0 34.135-15.37 34.135-34.14V286.01c0-9.4 5.437-22.502 12.063-29.128l27.935-27.93c13.26-13.292 13.26-35.022-.001-48.293zM177.701 281.6l-75.31-75.32 24.136-24.131 51.18 51.18L283.061 128l24.13 24.131L177.701 281.6z\" fill=\"#fdb813\" opacity=\"1\" data-original=\"#000000\" class=\"\"\/><\/g><\/svg>\n        \n        \n        \n            <\/div>\n    \n\n\n<\/div><div class=\"bde-rich-text-189-210 bde-rich-text breakdance-rich-text-styles\">\n<p><span style=\"font-weight: 400;\">We <strong>verminderen valse meldingen<\/strong> en daarmee operationele kosten<\/span><\/p>\n<\/div>\n<\/div><div class=\"bde-div-189-211 bde-div\">\n  \n  \n\t\n\n\n\n<div class=\"bde-icon-189-212 bde-icon\">\n\n    \n            <div class=\"bde-icon-icon breakdance-icon-atom\" >\n    \n                    <svg xmlns=\"http:\/\/www.w3.org\/2000\/svg\" xmlns:xlink=\"http:\/\/www.w3.org\/1999\/xlink\" version=\"1.1\" width=\"512\" height=\"512\" x=\"0\" y=\"0\" viewBox=\"0 0 409.592 409.592\" style=\"enable-background:new 0 0 512 512\" xml:space=\"preserve\" class=\"\"><g><path d=\"m399.643 180.659-27.935-27.93c-6.63-6.63-12.063-19.732-12.063-29.128v-39.5c0-18.79-15.35-34.14-34.135-34.15h-39.516c-9.385 0-22.502-5.443-29.133-12.068l-27.93-27.93c-13.271-13.271-35-13.271-48.271 0l-27.93 27.95c-6.636 6.63-19.768 12.058-29.133 12.058h-39.5c-18.765 0-34.135 15.35-34.135 34.14v39.501c0 9.359-5.432 22.502-12.063 29.128L9.964 180.66c-13.281 13.271-13.281 35 0 48.292l27.935 27.93c6.635 6.63 12.063 19.768 12.063 29.128v39.501c0 18.77 15.37 34.14 34.135 34.14h39.501c9.385 0 22.502 5.432 29.133 12.058l27.93 27.94c13.271 13.261 35 13.261 48.271 0l27.93-27.94c6.636-6.63 19.748-12.058 29.133-12.058h39.516c18.785 0 34.135-15.37 34.135-34.14V286.01c0-9.4 5.437-22.502 12.063-29.128l27.935-27.93c13.26-13.292 13.26-35.022-.001-48.293zM177.701 281.6l-75.31-75.32 24.136-24.131 51.18 51.18L283.061 128l24.13 24.131L177.701 281.6z\" fill=\"#fdb813\" opacity=\"1\" data-original=\"#000000\" class=\"\"\/><\/g><\/svg>\n        \n        \n        \n            <\/div>\n    \n\n\n<\/div><div class=\"bde-rich-text-189-213 bde-rich-text breakdance-rich-text-styles\">\n<p><span style=\"font-weight: 400;\">Binnen slechts <strong>enkele weken<\/strong> is het systeem <strong>operationeel<\/strong> en volledig inzetbaar<\/span><\/p>\n<\/div>\n<\/div>\n<\/div><div class=\"bde-column-189-192 bde-column\">\n  \n  \n\t\n\n\n\n<div class=\"bde-rich-text-189-193 bde-rich-text breakdance-rich-text-styles\">\n<h2><span style=\"font-weight: 400;\">Waarom kiezen voor Soldefence?<\/span><\/h2>\n<p><span style=\"font-weight: 400;\">Bij Soldefence draait het om beveiliging die \u00e9cht werkt. Wij onderscheiden ons met intelligente oplossingen die gericht zijn op precisie, betrouwbaarheid en lagere operationele kosten.<\/span><\/p>\n<\/div><img decoding=\"async\" class=\"bde-image2-189-194 bde-image2\" src=\"https:\/\/soldefence.com\/wp-content\/uploads\/2025\/05\/Soldefence-Zonnepark-beveiliging.png\" alt=\"Soldefence beveiliging\" loading=\"lazy\" srcset=\"https:\/\/soldefence.com\/wp-content\/uploads\/2025\/05\/Soldefence-Zonnepark-beveiliging.png 378w, https:\/\/soldefence.com\/wp-content\/uploads\/2025\/05\/Soldefence-Zonnepark-beveiliging-225x300.png 225w\" sizes=\"(max-width: 378px) 100vw, 378px\">\n<\/div><\/div><\/div>\n<\/section><section class=\"bde-section-189-177 bde-section\">\n              \n  \n  \n\t\n\n  <div class=\"section-background-overlay\"><\/div>\n\n\n<div class=\"section-container\"><h2 class=\"bde-heading-189-178 bde-heading\">\nBeveilig uw kostbare assets\n<\/h2><div class=\"bde-text-189-179 bde-text\">\nSamen beschermen we uw assets tegen diefstal en stilstand.\n<\/div><div class=\"bde-button-189-180 bde-button\">\n    \n                        \n                        \n    \n    \n    \n    \n            \n                    \n            \n            \n\n    \n    \n    \n    \n    \n    <a class=\"breakdance-link button-atom button-atom--primary bde-button__button\" href=\"\/offerte\" target=\"_self\" data-type=\"url\"  >\n\n    \n        <span class=\"button-atom__text\">Vraag een offerte aan<\/span>\n\n        \n        \n                <\/a>\n\n    \n\n\n<\/div><\/div>\n<\/section>","protected":false},"excerpt":{"rendered":"<p>Home Over ons Achter elk goed beveiligd zonnepark staat een sterk team. Wij zijn Soldefence: specialisten in slimme beveiliging. Over Soldefence Van boerenerven naar zonneparken: een verhaal van groei, visie en innovatie Soldefence is gespecialiseerd in de beveiliging van duurzame energieprojecten. Wij leveren complete, ge\u00efntegreerde beveiligingssystemen die naadloos aansluiten op de specifieke eisen van zonneparken, [&hellip;]<\/p>\n","protected":false},"author":5,"featured_media":0,"parent":0,"menu_order":0,"comment_status":"closed","ping_status":"closed","template":"","meta":{"inline_featured_image":false,"_breakdance_hide_in_design_set":false,"_breakdance_tags":"","footnotes":""},"class_list":["post-189","page","type-page","status-publish","hentry"],"_links":{"self":[{"href":"https:\/\/soldefence.com\/en\/wp-json\/wp\/v2\/pages\/189","targetHints":{"allow":["GET"]}}],"collection":[{"href":"https:\/\/soldefence.com\/en\/wp-json\/wp\/v2\/pages"}],"about":[{"href":"https:\/\/soldefence.com\/en\/wp-json\/wp\/v2\/types\/page"}],"author":[{"embeddable":true,"href":"https:\/\/soldefence.com\/en\/wp-json\/wp\/v2\/users\/5"}],"replies":[{"embeddable":true,"href":"https:\/\/soldefence.com\/en\/wp-json\/wp\/v2\/comments?post=189"}],"version-history":[{"count":40,"href":"https:\/\/soldefence.com\/en\/wp-json\/wp\/v2\/pages\/189\/revisions"}],"predecessor-version":[{"id":1038,"href":"https:\/\/soldefence.com\/en\/wp-json\/wp\/v2\/pages\/189\/revisions\/1038"}],"wp:attachment":[{"href":"https:\/\/soldefence.com\/en\/wp-json\/wp\/v2\/media?parent=189"}],"curies":[{"name":"wp","href":"https:\/\/api.w.org\/{rel}","templated":true}]}}